{"id":536,"date":"2024-09-09T19:25:41","date_gmt":"2024-09-09T19:25:41","guid":{"rendered":"https:\/\/main-bvxea6i-bk2pfxr7z6ke6.us-3.platformsh.site\/privacy-policy-terms-of-service\/"},"modified":"2024-10-18T20:04:41","modified_gmt":"2024-10-18T20:04:41","slug":"privacy-policy-terms-of-service","status":"publish","type":"page","link":"https:\/\/visitnampa.org\/es\/privacy-policy-terms-of-service\/","title":{"rendered":"Pol\u00edtica de privacidad \/ Condiciones de servicio"},"content":{"rendered":"<div class=\"wp-block-group alignfull is-layout-flow wp-block-group-is-layout-flow\" style=\"min-height:0px;margin-top:0px;margin-bottom:0px\">\n<div class=\"wp-block-cover alignfull cover-w-caption is-style-page-title\"><span aria-hidden=\"true\" class=\"wp-block-cover__background has-black-background-color has-background-dim-30 has-background-dim\"><\/span><img loading=\"lazy\" decoding=\"async\" width=\"2000\" height=\"1333\" src=\"https:\/\/visitnampa.org\/wp-content\/uploads\/2024\/09\/fallskywdepot_r8c5586.jpg\" class=\"wp-block-cover__image-background wp-post-image\" alt=\"Sunset at the Nampa Train Depot.\" data-object-fit=\"cover\" srcset=\"https:\/\/visitnampa.org\/wp-content\/uploads\/2024\/09\/fallskywdepot_r8c5586.jpg 2000w, https:\/\/visitnampa.org\/wp-content\/uploads\/2024\/09\/fallskywdepot_r8c5586-300x200.jpg 300w, https:\/\/visitnampa.org\/wp-content\/uploads\/2024\/09\/fallskywdepot_r8c5586-1024x682.jpg 1024w, https:\/\/visitnampa.org\/wp-content\/uploads\/2024\/09\/fallskywdepot_r8c5586-768x512.jpg 768w, https:\/\/visitnampa.org\/wp-content\/uploads\/2024\/09\/fallskywdepot_r8c5586-1536x1024.jpg 1536w\" sizes=\"auto, (max-width: 2000px) 100vw, 2000px\" title=\"\"><div class=\"wp-block-cover__inner-container is-layout-flow wp-block-cover-is-layout-flow\">\n<div class=\"wp-block-group is-layout-flow wp-block-group-is-layout-flow\" style=\"margin-top:0;margin-bottom:0\">\n<h1 class=\"wp-block-heading has-text-align-center has-white-color has-text-color has-link-color main-column-auto wp-elements-d5213a619640d5d0db524092c694e4ce\" style=\"margin-top:0;margin-bottom:0;max-width:35rem\">Pol\u00edtica de privacidad \/ Condiciones de servicio<\/h1>\n\n\n\n<div style=\"height:1rem\" class=\"wp-block-madden-theme-responsive-spacer responsive-spacer-d826e3a6-6e65-470a-99ca-f33324ef8bf0\"><style>@media (max-width: 781px) {\n          .responsive-spacer-d826e3a6-6e65-470a-99ca-f33324ef8bf0 {\n            height: 1rem !important;\n          }\n        }<\/style><\/div>\n\n\n\n<p class=\"has-text-align-center has-white-color has-text-color has-link-color main-column-auto wp-elements-ed0eace930745609fc670921d556b3bd\" style=\"margin-top:0;margin-bottom:0;font-style:normal;font-weight:700;max-width:45rem\">Est\u00e9 tranquilo. Su informaci\u00f3n est\u00e1 segura con nosotros.<\/p>\n<\/div>\n\n\n\n<div class=\"wp-block-group is-layout-flow wp-block-group-is-layout-flow\" style=\"margin-top:0;margin-bottom:0\">\n<div style=\"height:4rem\" class=\"wp-block-madden-theme-responsive-spacer responsive-spacer-0f8a8ede-ccc9-4c53-8d58-161d458acf4e\"><style>@media (max-width: 781px) {\n          .responsive-spacer-0f8a8ede-ccc9-4c53-8d58-161d458acf4e {\n            height: 3rem !important;\n          }\n        }<\/style><\/div>\n\n\n\n<p class=\"message-icon caption caption-left center-on-mobile has-white-color has-text-color has-link-color has-small-font-size main-column-auto wp-elements-9e1e8a11c596f788c6144b205d487fce\" style=\"margin-top:0;margin-bottom:0;max-width:80rem\"><a href=\"\/es\/events\/\" data-type=\"page\" data-id=\"21\"><strong>Echa un vistazo a lo que est\u00e1 ocurriendo ahora en Nampa.<\/strong><\/a><\/p>\n<\/div>\n<\/div><\/div>\n\n\n\n<div class=\"wp-block-group alignfull is-layout-flow wp-block-group-is-layout-flow\" style=\"margin-top:0px;margin-bottom:-7rem\">\n<figure class=\"wp-block-image alignfull size-full\"><img decoding=\"async\" src=\"https:\/\/visitnampa.org\/wp-content\/uploads\/2024\/09\/accent_section_swoop.svg\" alt=\"\" class=\"wp-image-187\" title=\"\"><\/figure>\n<\/div>\n\n\n\n<div class=\"wp-block-group is-layout-flow wp-block-group-is-layout-flow\" style=\"position:relative;z-index:1\">\n<div style=\"height:1rem\" class=\"wp-block-madden-theme-responsive-spacer responsive-spacer-31268403-4568-4ac1-96fb-2d055346e3b3\"><style>@media (max-width: 781px) {\n          .responsive-spacer-31268403-4568-4ac1-96fb-2d055346e3b3 {\n            height: 1rem !important;\n          }\n        }<\/style><\/div>\n\n\n\n<div class=\"wp-block-group main-column-auto is-layout-flow wp-block-group-is-layout-flow\" style=\"margin-top:0;margin-bottom:0;max-width:80rem\"><div style=\"font-style:normal;font-weight:700; margin-top:0;margin-bottom:0;\" class=\"align wp-elements-78b1d75908f1aa542f6e5fbce05780ce wp-block-madden-theme-breadcrumbs has-text-color has-light-gray-color has-small-font-size has-body-font-family\"><nav aria-label=\"pan rallado\" class=\"rank-math-breadcrumb\"><p><span class=\"last\">Inicio<\/span><\/p><\/nav><\/div><\/div>\n\n\n\n<div style=\"height:1rem\" class=\"wp-block-madden-theme-responsive-spacer responsive-spacer-a570d748-1d5f-4f66-be82-a505bcb9921e\"><style>@media (max-width: 781px) {\n          .responsive-spacer-a570d748-1d5f-4f66-be82-a505bcb9921e {\n            height: 1rem !important;\n          }\n        }<\/style><\/div>\n\n\n\n<p class=\"has-text-align-center has-light-gray-color has-text-color has-link-color main-column-auto wp-elements-1b948993da98a94f4c32e8790487193b\" style=\"margin-top:0;margin-bottom:0;font-style:normal;font-weight:700\">Su privacidad es importante para nosotros.<\/p>\n\n\n\n<div style=\"height:1.5rem\" class=\"wp-block-madden-theme-responsive-spacer responsive-spacer-d94dd42c-8070-4956-8ff1-57a6768022de\"><style>@media (max-width: 781px) {\n          .responsive-spacer-d94dd42c-8070-4956-8ff1-57a6768022de {\n            height: 1.5rem !important;\n          }\n        }<\/style><\/div>\n\n\n\n<hr class=\"wp-block-separator has-alpha-channel-opacity is-style-multi-color is-style-multi-color-dark\" style=\"margin-top:0;margin-bottom:0\"\/>\n\n\n\n<div style=\"height:1rem\" class=\"wp-block-madden-theme-responsive-spacer responsive-spacer-1adfe38c-b6c2-4368-857c-6042fdbb32cb\"><style>@media (max-width: 781px) {\n          .responsive-spacer-1adfe38c-b6c2-4368-857c-6042fdbb32cb {\n            height: 1rem !important;\n          }\n        }<\/style><\/div>\n\n\n\n<h2 class=\"wp-block-heading has-text-align-center main-column-auto\" style=\"margin-top:0;margin-bottom:0\">Uso de este sitio<\/h2>\n\n\n\n<div style=\"height:1rem\" class=\"wp-block-madden-theme-responsive-spacer responsive-spacer-bfb47fd5-4322-4096-8968-d9b3825612c5\"><style>@media (max-width: 781px) {\n          .responsive-spacer-bfb47fd5-4322-4096-8968-d9b3825612c5 {\n            height: 1rem !important;\n          }\n        }<\/style><\/div>\n\n\n\n<p class=\"has-text-align-center main-column-auto\" style=\"margin-top:0;margin-bottom:0;max-width:45rem\">Fecha de entrada en vigor 7\/12\/2021<\/p>\n<\/div>\n<\/div>\n\n\n\n<div style=\"height:4rem\" class=\"wp-block-madden-theme-responsive-spacer responsive-spacer-fb8f053f-47e8-4871-93d1-6aa167ec5502\"><style>@media (max-width: 781px) {\n          .responsive-spacer-fb8f053f-47e8-4871-93d1-6aa167ec5502 {\n            height: 3rem !important;\n          }\n        }<\/style><\/div>\n\n\n\n<div class=\"wp-block-group main-column-auto is-layout-flow wp-block-group-is-layout-flow\" style=\"margin-top:0;margin-bottom:0;max-width:45rem\">\n<p class=\"has-dark-gray-color has-text-color has-link-color has-body-font-family wp-elements-bde008a3c061acc873f5099a64abbac1\" style=\"line-height:1.5\">Todos los sitios web administrados por la C\u00e1mara de Comercio de Nampa, incluido visitnampa.org, se rigen por la siguiente pol\u00edtica de privacidad. <\/p>\n\n\n\n<p class=\"has-dark-gray-color has-text-color has-link-color has-body-font-family wp-elements-7166e2b9b6874d984f38a326a426de4f\" style=\"line-height:1.5\">Respetamos su privacidad y nos comprometemos a protegerla. No recopilaremos ninguna informaci\u00f3n personal sobre usted cuando visite nuestro sitio web a menos que decida proporcionarla. Toda la informaci\u00f3n que se recopile se recoger\u00e1 de forma agregada y se utilizar\u00e1 \u00fanicamente para hacer un seguimiento, en t\u00e9rminos generales, del n\u00famero de visitantes de nuestro sitio y de los lugares de nuestro sitio a los que se dirigen. Esta informaci\u00f3n no le identifica personalmente. Se recoge con el fin de mejorar nuestro sitio web y hacerlo m\u00e1s \u00fatil para los visitantes. <\/p>\n\n\n\n<p class=\"has-dark-gray-color has-text-color has-link-color has-body-font-family wp-elements-50e011e60fbde9fff16feac858951c70\" style=\"line-height:1.5\">Si decide proporcionarnos informaci\u00f3n personal envi\u00e1ndonos un correo electr\u00f3nico o rellenando un formulario con sus datos personales y envi\u00e1ndolo a trav\u00e9s de nuestro sitio web, utilizaremos esa informaci\u00f3n para responder a su mensaje y podremos o no almacenarla para futuras comunicaciones con usted. Esta informaci\u00f3n no se vender\u00e1 ni se facilitar\u00e1 a terceros. Nuestro sitio web contiene enlaces a sitios web de otras empresas y organizaciones. Una vez que enlace con otro sitio, estar\u00e1 sujeto a la pol\u00edtica de privacidad de ese sitio. <\/p>\n\n\n\n<p class=\"has-dark-gray-color has-text-color has-link-color has-body-font-family wp-elements-fa65ab4819aff10abb5100447f6404e2\" style=\"line-height:1.5\">La C\u00e1mara de Comercio de Nampa no puede garantizar y no garantiza, en modo alguno, la informaci\u00f3n proporcionada en este sitio. El contenido se proporciona \"tal cual\".<\/p>\n<\/div>\n\n\n\n<div style=\"height:7rem\" class=\"wp-block-madden-theme-responsive-spacer responsive-spacer-1089e910-d8f7-4357-99cb-7e2643ee5cf2\"><style>@media (max-width: 781px) {\n          .responsive-spacer-1089e910-d8f7-4357-99cb-7e2643ee5cf2 {\n            height: 5rem !important;\n          }\n        }<\/style><\/div>","protected":false},"excerpt":{"rendered":"<p>Your privacy is important to us. Use of This Site Effective Date 7\/12\/2021 All websites administered by the Nampa Chamber Chamber of Commerce, including visitnampa.org, are governed by the following privacy policy. We respect your privacy and are committed to protecting it. We will not collect any personal information about you when you visit our [&hellip;]<\/p>\n","protected":false},"author":1,"featured_media":473,"parent":0,"menu_order":0,"comment_status":"closed","ping_status":"closed","template":"","meta":{"_acf_changed":false,"footnotes":""},"class_list":["post-536","page","type-page","status-publish","has-post-thumbnail","hentry"],"acf":[],"_links":{"self":[{"href":"https:\/\/visitnampa.org\/es\/wp-json\/wp\/v2\/pages\/536","targetHints":{"allow":["GET"]}}],"collection":[{"href":"https:\/\/visitnampa.org\/es\/wp-json\/wp\/v2\/pages"}],"about":[{"href":"https:\/\/visitnampa.org\/es\/wp-json\/wp\/v2\/types\/page"}],"author":[{"embeddable":true,"href":"https:\/\/visitnampa.org\/es\/wp-json\/wp\/v2\/users\/1"}],"replies":[{"embeddable":true,"href":"https:\/\/visitnampa.org\/es\/wp-json\/wp\/v2\/comments?post=536"}],"version-history":[{"count":2,"href":"https:\/\/visitnampa.org\/es\/wp-json\/wp\/v2\/pages\/536\/revisions"}],"predecessor-version":[{"id":1478,"href":"https:\/\/visitnampa.org\/es\/wp-json\/wp\/v2\/pages\/536\/revisions\/1478"}],"wp:featuredmedia":[{"embeddable":true,"href":"https:\/\/visitnampa.org\/es\/wp-json\/wp\/v2\/media\/473"}],"wp:attachment":[{"href":"https:\/\/visitnampa.org\/es\/wp-json\/wp\/v2\/media?parent=536"}],"curies":[{"name":"wp","href":"https:\/\/api.w.org\/{rel}","templated":true}]}}