{"id":535,"date":"2024-09-09T19:25:41","date_gmt":"2024-09-09T19:25:41","guid":{"rendered":"https:\/\/main-bvxea6i-bk2pfxr7z6ke6.us-3.platformsh.site\/travel-guide\/"},"modified":"2025-06-03T12:22:50","modified_gmt":"2025-06-03T18:22:50","slug":"travel-guide","status":"publish","type":"page","link":"https:\/\/visitnampa.org\/es\/travel-guide\/","title":{"rendered":"Gu\u00eda de viaje"},"content":{"rendered":"<div class=\"wp-block-group alignfull is-layout-flow wp-block-group-is-layout-flow\" style=\"min-height:0px;margin-top:0px;margin-bottom:0px\">\n<div class=\"wp-block-cover alignfull cover-w-caption is-style-page-title\"><span aria-hidden=\"true\" class=\"wp-block-cover__background has-black-background-color has-background-dim-30 has-background-dim\"><\/span><img loading=\"lazy\" decoding=\"async\" width=\"570\" height=\"322\" src=\"https:\/\/visitnampa.org\/wp-content\/uploads\/2024\/09\/lavender-fest-9430.jpg\" class=\"wp-block-cover__image-background wp-post-image\" alt=\"A girl in a lavender field at Nampa&#039;s lavender festival.\" data-object-fit=\"cover\" srcset=\"https:\/\/visitnampa.org\/wp-content\/uploads\/2024\/09\/lavender-fest-9430.jpg 570w, https:\/\/visitnampa.org\/wp-content\/uploads\/2024\/09\/lavender-fest-9430-300x169.jpg 300w\" sizes=\"auto, (max-width: 570px) 100vw, 570px\" title=\"\"><div class=\"wp-block-cover__inner-container is-layout-flow wp-block-cover-is-layout-flow\">\n<div class=\"wp-block-group is-layout-flow wp-block-group-is-layout-flow\" style=\"margin-top:0;margin-bottom:0\">\n<h1 class=\"wp-block-heading has-text-align-center main-column-auto has-white-color has-text-color has-link-color wp-elements-8aacab2453ce1f255d33e15460a80dac\" style=\"margin-top:0;margin-bottom:0\">Gu\u00eda de viaje<\/h1>\n\n\n\n<div style=\"height:1rem\" class=\"wp-block-madden-theme-responsive-spacer responsive-spacer-8942783e-5fa6-43da-982b-27a63134b727\"><style>@media (max-width: 781px) {\n          .responsive-spacer-8942783e-5fa6-43da-982b-27a63134b727 {\n            height: 1rem !important;\n          }\n        }<\/style><\/div>\n\n\n\n<p class=\"has-text-align-center has-white-color has-text-color has-link-color wp-elements-9ae6bb9e04781e18b6a69029d5ce8650\" style=\"margin-top:0;margin-bottom:0;font-style:normal;font-weight:700\"><p class=\"has-text-align-center has-white-color has-text-color has-link-color main-column-auto\" style=\"margin-top:0;margin-bottom:0;font-style:normal;font-weight:700;max-width:45rem\">Algunas cosas que hay que saber<\/p><\/p>\n<\/div>\n\n\n\n<div class=\"wp-block-group is-layout-flow wp-block-group-is-layout-flow\" style=\"margin-top:0;margin-bottom:0\">\n<div style=\"height:4rem\" class=\"wp-block-madden-theme-responsive-spacer responsive-spacer-1be82951-0d5f-458e-a8bb-8c73d4f3ccfb\"><style>@media (max-width: 781px) {\n          .responsive-spacer-1be82951-0d5f-458e-a8bb-8c73d4f3ccfb {\n            height: 3rem !important;\n          }\n        }<\/style><\/div>\n\n\n\n<p class=\"has-white-color has-text-color has-link-color has-small-font-size wp-elements-93e27311a9c429666479a62c1a6a8c5d\" style=\"margin-top:0;margin-bottom:0\"><p class=\"message-icon caption caption-left center-on-mobile has-white-color has-text-color has-link-color has-small-font-size main-column-auto\" style=\"margin-top:0;margin-bottom:0;max-width:80rem\"><a href=\"\/es\/events\/\" data-type=\"page\" data-id=\"21\"><strong>Echa un vistazo a lo que est\u00e1 ocurriendo ahora en Nampa.<\/strong><\/a><\/p><\/p>\n<\/div>\n<\/div><\/div>\n\n\n\n<div class=\"wp-block-group alignfull is-layout-flow wp-block-group-is-layout-flow\" style=\"margin-top:0px;margin-bottom:-7rem\">\n<figure class=\"wp-block-image alignfull size-full\"><img decoding=\"async\" src=\"https:\/\/visitnampa.org\/wp-content\/uploads\/2024\/09\/accent_section_swoop.svg\" alt=\"\" class=\"wp-image-187\" title=\"\"><\/figure>\n<\/div>\n\n\n\n<div class=\"wp-block-group is-layout-flow wp-block-group-is-layout-flow\" style=\"position:relative;z-index:1\">\n\n<div style=\"height:1rem\" class=\"wp-block-madden-theme-responsive-spacer responsive-spacer-5652cc30-2caf-47e3-ab73-97c741165754\"><style>@media (max-width: 781px) {\n          .responsive-spacer-5652cc30-2caf-47e3-ab73-97c741165754 {\n            height: 1rem !important;\n          }\n        }<\/style><\/div>\n\n\n<div class=\"wp-block-group main-column-auto is-layout-flow wp-block-group-is-layout-flow\" style=\"margin-top:0;margin-bottom:0\">\n<div style=\"font-style:normal;font-weight:700; margin-top:0;margin-bottom:0;\" class=\"align wp-elements-78b1d75908f1aa542f6e5fbce05780ce wp-block-madden-theme-breadcrumbs has-text-color has-light-gray-color has-small-font-size has-body-font-family\"><nav aria-label=\"pan rallado\" class=\"rank-math-breadcrumb\"><p><span class=\"last\">Inicio<\/span><\/p><\/nav><\/div>\n<\/div>\n\n\n<div style=\"height:1rem\" class=\"wp-block-madden-theme-responsive-spacer responsive-spacer-153d24d5-87a2-4399-876d-bdb0a11847bb\"><style>@media (max-width: 781px) {\n          .responsive-spacer-153d24d5-87a2-4399-876d-bdb0a11847bb {\n            height: 1rem !important;\n          }\n        }<\/style><\/div>\n\n\n<p class=\"has-text-align-center has-light-gray-color has-text-color has-link-color main-column-auto wp-elements-1b7e6b196e3437d9a7aa00353096212a\" style=\"margin-top:0;margin-bottom:0;font-style:normal;font-weight:700\">Explora Nampa<\/p>\n\n\n<div style=\"height:1.5rem\" class=\"wp-block-madden-theme-responsive-spacer responsive-spacer-3fd42624-2f7e-48c3-bac8-82cbbd0c4f2e\"><style>@media (max-width: 781px) {\n          .responsive-spacer-3fd42624-2f7e-48c3-bac8-82cbbd0c4f2e {\n            height: 1.5rem !important;\n          }\n        }<\/style><\/div>\n\n\n<hr class=\"wp-block-separator has-alpha-channel-opacity is-style-multi-color is-style-multi-color-dark\" style=\"margin-top:0;margin-bottom:0\"\/>\n\n\n<div style=\"height:1rem\" class=\"wp-block-madden-theme-responsive-spacer responsive-spacer-1ebea283-587b-4ffc-94f2-5cecf571def9\"><style>@media (max-width: 781px) {\n          .responsive-spacer-1ebea283-587b-4ffc-94f2-5cecf571def9 {\n            height: 1rem !important;\n          }\n        }<\/style><\/div>\n\n\n<h2 class=\"wp-block-heading has-text-align-center main-column-auto\" style=\"margin-top:0;margin-bottom:0;max-width:50rem\">Pr\u00f3xima parada Nampa: Descubra el coraz\u00f3n del Valle del Tesoro<\/h2>\n\n\n<div style=\"height:1rem\" class=\"wp-block-madden-theme-responsive-spacer responsive-spacer-f818f8dc-ee7e-454c-8b57-41d45f01f9da\"><style>@media (max-width: 781px) {\n          .responsive-spacer-f818f8dc-ee7e-454c-8b57-41d45f01f9da {\n            height: 1rem !important;\n          }\n        }<\/style><\/div>\n\n\n<p class=\"has-text-align-center main-column-auto\" style=\"margin-top:0;margin-bottom:0;max-width:45rem\">En estas p\u00e1ginas encontrar\u00e1 entretenidas actividades, lugares divertidos e interesantes para visitar, sugerencias gastron\u00f3micas y algo de historia sobre este destino comercial, agr\u00edcola e industrial.<\/p>\n\n<\/div>\n<\/div>\n\n\n\n<div style=\"height:3rem\" class=\"wp-block-madden-theme-responsive-spacer responsive-spacer-2d40b1e7-3d3f-4c92-bc5d-ba295348821d\"><style>@media (max-width: 781px) {\n          .responsive-spacer-2d40b1e7-3d3f-4c92-bc5d-ba295348821d {\n            height: 3rem !important;\n          }\n        }<\/style><\/div>\n\n\n\n<div class=\"wp-block-group main-column-auto is-layout-flow wp-block-group-is-layout-flow\" style=\"margin-top:0;margin-bottom:0\">\n<div style=\"text-align:center;\"><iframe loading=\"lazy\" src=\"\/\/v.calameo.com\/?bkcode=0004203081e58e9d6d2b0\" width=\"100%\" height=\"500\" frameborder=\"0\" scrolling=\"no\" allowtransparency allowfullscreen style=\"margin:0 auto;\"><\/iframe><\/div>\n\n\n\n<div class=\"wp-block-buttons is-content-justification-center is-layout-flex wp-container-core-buttons-is-layout-a89b3969 wp-block-buttons-is-layout-flex\">\n<div class=\"wp-block-button\"><a class=\"wp-block-button__link has-white-color has-light-blue-background-color has-text-color has-background has-link-color has-body-font-family wp-element-button\" href=\"https:\/\/www.calameo.com\/books\/000420308f8de8a9ff0aa\" style=\"border-radius:7px;font-style:normal;font-weight:700\" target=\"_blank\" rel=\"noreferrer noopener\">Nampa, Idaho en Calameo<\/a><\/div>\n\n\n\n<div class=\"wp-block-button\"><a class=\"wp-block-button__link has-white-color has-light-blue-background-color has-text-color has-background has-link-color has-body-font-family wp-element-button\" href=\"http:\/\/www.calameo.com\/\" style=\"border-radius:7px;font-style:normal;font-weight:700\" target=\"_blank\" rel=\"noreferrer noopener\">Publicar en Calameo<\/a><\/div>\n<\/div>\n<\/div>\n\n\n\n<div style=\"height:7rem\" class=\"wp-block-madden-theme-responsive-spacer responsive-spacer-222ae26f-94d5-4752-b11d-7c6cec90e284\"><style>@media (max-width: 781px) {\n          .responsive-spacer-222ae26f-94d5-4752-b11d-7c6cec90e284 {\n            height: 5rem !important;\n          }\n        }<\/style><\/div>","protected":false},"excerpt":{"rendered":"<p>Explora Nampa Pr\u00f3xima parada Nampa: Descubra el coraz\u00f3n del Valle del Tesoro En las siguientes p\u00e1ginas encontrar\u00e1 entretenidas actividades, divertidos e interesantes lugares que visitar, sugerencias gastron\u00f3micas y algo de historia sobre este destino comercial, agr\u00edcola e industrial.<\/p>","protected":false},"author":1,"featured_media":251,"parent":0,"menu_order":0,"comment_status":"closed","ping_status":"closed","template":"","meta":{"_acf_changed":false,"footnotes":""},"class_list":["post-535","page","type-page","status-publish","has-post-thumbnail","hentry"],"acf":[],"_links":{"self":[{"href":"https:\/\/visitnampa.org\/es\/wp-json\/wp\/v2\/pages\/535","targetHints":{"allow":["GET"]}}],"collection":[{"href":"https:\/\/visitnampa.org\/es\/wp-json\/wp\/v2\/pages"}],"about":[{"href":"https:\/\/visitnampa.org\/es\/wp-json\/wp\/v2\/types\/page"}],"author":[{"embeddable":true,"href":"https:\/\/visitnampa.org\/es\/wp-json\/wp\/v2\/users\/1"}],"replies":[{"embeddable":true,"href":"https:\/\/visitnampa.org\/es\/wp-json\/wp\/v2\/comments?post=535"}],"version-history":[{"count":13,"href":"https:\/\/visitnampa.org\/es\/wp-json\/wp\/v2\/pages\/535\/revisions"}],"predecessor-version":[{"id":2281,"href":"https:\/\/visitnampa.org\/es\/wp-json\/wp\/v2\/pages\/535\/revisions\/2281"}],"wp:featuredmedia":[{"embeddable":true,"href":"https:\/\/visitnampa.org\/es\/wp-json\/wp\/v2\/media\/251"}],"wp:attachment":[{"href":"https:\/\/visitnampa.org\/es\/wp-json\/wp\/v2\/media?parent=535"}],"curies":[{"name":"wp","href":"https:\/\/api.w.org\/{rel}","templated":true}]}}