{"id":531,"date":"2024-09-09T19:25:40","date_gmt":"2024-09-09T19:25:40","guid":{"rendered":"https:\/\/main-bvxea6i-bk2pfxr7z6ke6.us-3.platformsh.site\/contact\/"},"modified":"2025-01-08T22:29:43","modified_gmt":"2025-01-08T22:29:43","slug":"contact","status":"publish","type":"page","link":"https:\/\/visitnampa.org\/es\/contact\/","title":{"rendered":"P\u00f3ngase en contacto con"},"content":{"rendered":"<div class=\"wp-block-group alignfull is-layout-flow wp-block-group-is-layout-flow\" style=\"min-height:0px;margin-top:0px;margin-bottom:0px\">\n<div class=\"wp-block-cover alignfull cover-w-caption is-style-page-title\"><span aria-hidden=\"true\" class=\"wp-block-cover__background has-black-background-color has-background-dim-30 has-background-dim\"><\/span><img loading=\"lazy\" decoding=\"async\" width=\"2048\" height=\"1367\" src=\"https:\/\/visitnampa.org\/wp-content\/uploads\/2024\/09\/750_3972-scaled.jpg\" class=\"wp-block-cover__image-background wp-post-image\" alt=\"A group of people eating together at a communal table.\" data-object-fit=\"cover\" srcset=\"https:\/\/visitnampa.org\/wp-content\/uploads\/2024\/09\/750_3972-scaled.jpg 2048w, https:\/\/visitnampa.org\/wp-content\/uploads\/2024\/09\/750_3972-300x200.jpg 300w, https:\/\/visitnampa.org\/wp-content\/uploads\/2024\/09\/750_3972-1024x684.jpg 1024w, https:\/\/visitnampa.org\/wp-content\/uploads\/2024\/09\/750_3972-768x513.jpg 768w, https:\/\/visitnampa.org\/wp-content\/uploads\/2024\/09\/750_3972-1536x1025.jpg 1536w\" sizes=\"auto, (max-width: 2048px) 100vw, 2048px\" title=\"\"><div class=\"wp-block-cover__inner-container is-layout-flow wp-block-cover-is-layout-flow\">\n<div class=\"wp-block-group is-layout-flow wp-block-group-is-layout-flow\" style=\"margin-top:0;margin-bottom:0\">\n<h1 class=\"wp-block-heading has-text-align-center has-white-color has-text-color has-link-color main-column-auto wp-elements-082722ab3377c49b855c4b7794d43c57\" style=\"margin-top:0;margin-bottom:0\">Contacte con nosotros<\/h1>\n\n\n\n<div style=\"height:1rem\" class=\"wp-block-madden-theme-responsive-spacer responsive-spacer-b0354d5f-db94-4b3e-955e-70acd5eb1172\"><style>@media (max-width: 781px) {\n          .responsive-spacer-b0354d5f-db94-4b3e-955e-70acd5eb1172 {\n            height: 1rem !important;\n          }\n        }<\/style><\/div>\n\n\n\n<p class=\"has-text-align-center has-white-color has-text-color has-link-color main-column-auto wp-elements-3ef52aded164df0631e4d265fc2dc2d4\" style=\"margin-top:0;margin-bottom:0;font-style:normal;font-weight:700;max-width:35rem\">Si desea m\u00e1s informaci\u00f3n sobre todo lo relacionado con Nampa, env\u00edenos una l\u00ednea, una nota o una se\u00f1al de humo y se la entregaremos.<\/p>\n<\/div>\n\n\n\n<div class=\"wp-block-group is-layout-flow wp-block-group-is-layout-flow\" style=\"margin-top:0;margin-bottom:0\">\n<div style=\"height:4rem\" class=\"wp-block-madden-theme-responsive-spacer responsive-spacer-41a06a89-a906-4133-ade8-a06126e82372\"><style>@media (max-width: 781px) {\n          .responsive-spacer-41a06a89-a906-4133-ade8-a06126e82372 {\n            height: 3rem !important;\n          }\n        }<\/style><\/div>\n\n\n\n<p class=\"message-icon caption caption-left center-on-mobile has-white-color has-text-color has-link-color has-small-font-size main-column-auto wp-elements-9e1e8a11c596f788c6144b205d487fce\" style=\"margin-top:0;margin-bottom:0;max-width:80rem\"><a href=\"\/es\/events\/\" data-type=\"page\" data-id=\"21\"><strong>Echa un vistazo a lo que est\u00e1 ocurriendo ahora en Nampa.<\/strong><\/a><\/p>\n<\/div>\n<\/div><\/div>\n\n\n\n<div class=\"wp-block-group alignfull is-layout-flow wp-block-group-is-layout-flow\" style=\"margin-top:0px;margin-bottom:-7rem\">\n<figure class=\"wp-block-image alignfull size-full\"><img decoding=\"async\" src=\"https:\/\/visitnampa.org\/wp-content\/uploads\/2024\/09\/accent_section_swoop.svg\" alt=\"\" class=\"wp-image-187\" title=\"\"><\/figure>\n<\/div>\n\n\n\n<div class=\"wp-block-group is-layout-flow wp-block-group-is-layout-flow\" style=\"position:relative;z-index:1\">\n<div style=\"height:1rem\" class=\"wp-block-madden-theme-responsive-spacer responsive-spacer-98622d22-77bf-4ad0-a089-ffc6fe95052e\"><style>@media (max-width: 781px) {\n          .responsive-spacer-98622d22-77bf-4ad0-a089-ffc6fe95052e {\n            height: 1rem !important;\n          }\n        }<\/style><\/div>\n\n\n\n<div class=\"wp-block-group main-column-auto is-layout-flow wp-block-group-is-layout-flow\" style=\"margin-top:0;margin-bottom:0;max-width:80rem\"><div style=\"font-style:normal;font-weight:700; margin-top:0;margin-bottom:0;\" class=\"align wp-elements-78b1d75908f1aa542f6e5fbce05780ce wp-block-madden-theme-breadcrumbs has-text-color has-light-gray-color has-small-font-size has-body-font-family\"><nav aria-label=\"pan rallado\" class=\"rank-math-breadcrumb\"><p><span class=\"last\">Inicio<\/span><\/p><\/nav><\/div><\/div>\n\n\n\n<div style=\"height:1rem\" class=\"wp-block-madden-theme-responsive-spacer responsive-spacer-5307c496-b5af-4a78-9351-a253a3c8a746\"><style>@media (max-width: 781px) {\n          .responsive-spacer-5307c496-b5af-4a78-9351-a253a3c8a746 {\n            height: 1rem !important;\n          }\n        }<\/style><\/div>\n\n\n\n<p class=\"has-text-align-center has-light-gray-color has-text-color has-link-color main-column-auto wp-elements-5db1b03fcb78e387ac039f6dcdd313e6\" style=\"margin-top:0;margin-bottom:0;font-style:normal;font-weight:700\">Perm\u00edtanos ayudarle a convertirlo en su destino<\/p>\n\n\n\n<div style=\"height:1.5rem\" class=\"wp-block-madden-theme-responsive-spacer responsive-spacer-0cc6a31a-63a2-4c4e-9871-e072ab80024d\"><style>@media (max-width: 781px) {\n          .responsive-spacer-0cc6a31a-63a2-4c4e-9871-e072ab80024d {\n            height: 1.5rem !important;\n          }\n        }<\/style><\/div>\n\n\n\n<hr class=\"wp-block-separator has-alpha-channel-opacity is-style-multi-color is-style-multi-color-dark\" style=\"margin-top:0;margin-bottom:0\"\/>\n\n\n\n<div style=\"height:1rem\" class=\"wp-block-madden-theme-responsive-spacer responsive-spacer-6344c2a8-2c3c-4cc7-95ce-0775ef1adea7\"><style>@media (max-width: 781px) {\n          .responsive-spacer-6344c2a8-2c3c-4cc7-95ce-0775ef1adea7 {\n            height: 1rem !important;\n          }\n        }<\/style><\/div>\n\n\n\n<h2 class=\"wp-block-heading has-text-align-center main-column-auto\" style=\"margin-top:0;margin-bottom:0;max-width:60rem\">A s\u00f3lo 20 minutos de Boise, \u00fanase a nosotros. Te sentir\u00e1s como en otro mundo.<\/h2>\n\n\n\n<div style=\"height:1rem\" class=\"wp-block-madden-theme-responsive-spacer responsive-spacer-a30eb4f5-9a27-406e-881a-a1e038dfdb94\"><style>@media (max-width: 781px) {\n          .responsive-spacer-a30eb4f5-9a27-406e-881a-a1e038dfdb94 {\n            height: 1rem !important;\n          }\n        }<\/style><\/div>\n\n\n\n<p class=\"has-text-align-center main-column-auto\" style=\"margin-top:0;margin-bottom:0;max-width:45rem\">P\u00f3ngase en contacto con nosotros, estamos aqu\u00ed para ayudarle.<\/p>\n\n\n\n<div style=\"height:4rem\" class=\"wp-block-madden-theme-responsive-spacer responsive-spacer-26c2c66a-f1e8-4bf1-957a-71b1890f344f\"><style>@media (max-width: 781px) {\n          .responsive-spacer-26c2c66a-f1e8-4bf1-957a-71b1890f344f {\n            height: 3rem !important;\n          }\n        }<\/style><\/div>\n<\/div>\n<\/div>\n\n\n\n<div class=\"wp-block-columns main-column-auto is-layout-flex wp-container-core-columns-is-layout-e2dfe097 wp-block-columns-is-layout-flex\" style=\"max-width:70rem\">\n<div class=\"wp-block-column is-layout-flow wp-block-column-is-layout-flow\">\n<div class=\"style-stacked align wp-block-madden-theme-single-post\" >\n\t<div class=\"wp-block-madden-theme-single-post__wrapper\">\n\t\t<a href=\"https:\/\/visitnampa.org\/es\/contact\/for-the-media\/\">\n\t\t\t<img loading=\"lazy\" decoding=\"async\" width=\"683\" height=\"1024\" src=\"https:\/\/visitnampa.org\/wp-content\/uploads\/2024\/09\/wall-street-683x1024.jpg\" class=\"attachment-large size-large\" alt=\"Downtown Nampa.\" srcset=\"https:\/\/visitnampa.org\/wp-content\/uploads\/2024\/09\/wall-street-683x1024.jpg 683w, https:\/\/visitnampa.org\/wp-content\/uploads\/2024\/09\/wall-street-200x300.jpg 200w, https:\/\/visitnampa.org\/wp-content\/uploads\/2024\/09\/wall-street-768x1152.jpg 768w, https:\/\/visitnampa.org\/wp-content\/uploads\/2024\/09\/wall-street-1024x1536.jpg 1024w, https:\/\/visitnampa.org\/wp-content\/uploads\/2024\/09\/wall-street.jpg 1365w\" sizes=\"auto, (max-width: 683px) 100vw, 683px\" title=\"\">\t\t<\/a>\n\n\t\t\t\t\t<strong class=\"secondary-header\">\n\t\t\t\tInformaci\u00f3n de contacto\t\t\t<\/strong>\n\t\t\n\t\t<h2 class=\"wp-block-madden-theme-single-post__title\">\n\t\t\t<a href=\"https:\/\/visitnampa.org\/es\/contact\/for-the-media\/\">\n\t\t\t\tPara los medios de comunicaci\u00f3n\t\t\t<\/a>\n\t\t<\/h2>\n\n\t\t\t\t\t<p class=\"excerpt\">\n\t\t\t\tEstamos aqu\u00ed para facilitarle el trabajo. Le ayudaremos a cumplir los plazos, organizar y planificar.\t\t\t<\/p>\n\t\t\n\t\t\t\t\t<a class=\"wp-block-read-more has-text-color has-white-color has-background has-light-blue-background-color has-body-font-family\" href=\"https:\/\/visitnampa.org\/es\/contact\/for-the-media\/\" target=\"_self\">Ver m\u00e1s<span class=\"screen-reader-text\">: Para los medios de comunicaci\u00f3n<\/span><\/a>\n\t\t\n\t<\/div>\n<\/div>\n\n<\/div>\n\n\n\n<div class=\"wp-block-column is-layout-flow wp-block-column-is-layout-flow\">\n<div class=\"style-stacked align wp-block-madden-theme-single-post\" >\n\t<div class=\"wp-block-madden-theme-single-post__wrapper\">\n\t\t<a href=\"https:\/\/visitnampa.org\/es\/contact\/general-inquiries\/\">\n\t\t\t<img loading=\"lazy\" decoding=\"async\" width=\"1024\" height=\"683\" src=\"https:\/\/visitnampa.org\/wp-content\/uploads\/2024\/09\/wanchuk_kolby_2021_nampa-01589-1024x683.jpg\" class=\"attachment-large size-large\" alt=\"A cowboy riding a bucking horse emerges from the gates at the Snake River Stampede Rodeo.\" srcset=\"https:\/\/visitnampa.org\/wp-content\/uploads\/2024\/09\/wanchuk_kolby_2021_nampa-01589-1024x683.jpg 1024w, https:\/\/visitnampa.org\/wp-content\/uploads\/2024\/09\/wanchuk_kolby_2021_nampa-01589-300x200.jpg 300w, https:\/\/visitnampa.org\/wp-content\/uploads\/2024\/09\/wanchuk_kolby_2021_nampa-01589-768x512.jpg 768w, https:\/\/visitnampa.org\/wp-content\/uploads\/2024\/09\/wanchuk_kolby_2021_nampa-01589-1536x1024.jpg 1536w, https:\/\/visitnampa.org\/wp-content\/uploads\/2024\/09\/wanchuk_kolby_2021_nampa-01589-scaled.jpg 2048w\" sizes=\"auto, (max-width: 1024px) 100vw, 1024px\" title=\"\">\t\t<\/a>\n\n\t\t\t\t\t<strong class=\"secondary-header\">\n\t\t\t\tNos encantar\u00eda saber de usted\t\t\t<\/strong>\n\t\t\n\t\t<h2 class=\"wp-block-madden-theme-single-post__title\">\n\t\t\t<a href=\"https:\/\/visitnampa.org\/es\/contact\/general-inquiries\/\">\n\t\t\t\tConsultas generales\t\t\t<\/a>\n\t\t<\/h2>\n\n\t\t\t\t\t<p class=\"excerpt\">\n\t\t\t\tSi desea visitarnos por correo electr\u00f3nico, tel\u00e9fono o incluso por correo postal, env\u00edenos un mensaje.\t\t\t<\/p>\n\t\t\n\t\t\t\t\t<a class=\"wp-block-read-more has-text-color has-white-color has-background has-light-blue-background-color has-body-font-family\" href=\"https:\/\/visitnampa.org\/es\/contact\/general-inquiries\/\" target=\"_self\">Ver m\u00e1s<span class=\"screen-reader-text\">: Consultas generales<\/span><\/a>\n\t\t\n\t<\/div>\n<\/div>\n\n<\/div>\n<\/div>\n\n\n\n<div style=\"height:7rem\" class=\"wp-block-madden-theme-responsive-spacer responsive-spacer-8d1a9add-0346-4227-b9d9-415b28bfbc48\"><style>@media (max-width: 781px) {\n          .responsive-spacer-8d1a9add-0346-4227-b9d9-415b28bfbc48 {\n            height: 5rem !important;\n          }\n        }<\/style><\/div>","protected":false},"excerpt":{"rendered":"<p>D\u00e9jenos ayudarle a convertirlo en su destino A s\u00f3lo 20 minutos de Boise, \u00fanase a nosotros. Se sentir\u00e1 como en otro mundo. P\u00f3ngase en contacto con nosotros, estamos aqu\u00ed para ayudarle.<\/p>","protected":false},"author":1,"featured_media":467,"parent":0,"menu_order":0,"comment_status":"closed","ping_status":"closed","template":"","meta":{"_acf_changed":false,"footnotes":""},"class_list":["post-531","page","type-page","status-publish","has-post-thumbnail","hentry"],"acf":[],"_links":{"self":[{"href":"https:\/\/visitnampa.org\/es\/wp-json\/wp\/v2\/pages\/531","targetHints":{"allow":["GET"]}}],"collection":[{"href":"https:\/\/visitnampa.org\/es\/wp-json\/wp\/v2\/pages"}],"about":[{"href":"https:\/\/visitnampa.org\/es\/wp-json\/wp\/v2\/types\/page"}],"author":[{"embeddable":true,"href":"https:\/\/visitnampa.org\/es\/wp-json\/wp\/v2\/users\/1"}],"replies":[{"embeddable":true,"href":"https:\/\/visitnampa.org\/es\/wp-json\/wp\/v2\/comments?post=531"}],"version-history":[{"count":16,"href":"https:\/\/visitnampa.org\/es\/wp-json\/wp\/v2\/pages\/531\/revisions"}],"predecessor-version":[{"id":2032,"href":"https:\/\/visitnampa.org\/es\/wp-json\/wp\/v2\/pages\/531\/revisions\/2032"}],"wp:featuredmedia":[{"embeddable":true,"href":"https:\/\/visitnampa.org\/es\/wp-json\/wp\/v2\/media\/467"}],"wp:attachment":[{"href":"https:\/\/visitnampa.org\/es\/wp-json\/wp\/v2\/media?parent=531"}],"curies":[{"name":"wp","href":"https:\/\/api.w.org\/{rel}","templated":true}]}}