{"id":527,"date":"2024-09-09T19:25:40","date_gmt":"2024-09-09T19:25:40","guid":{"rendered":"https:\/\/main-bvxea6i-bk2pfxr7z6ke6.us-3.platformsh.site\/mayors-message\/"},"modified":"2025-01-08T22:29:03","modified_gmt":"2025-01-08T22:29:03","slug":"mayors-message","status":"publish","type":"page","link":"https:\/\/visitnampa.org\/es\/about\/mayors-message\/","title":{"rendered":"Mensaje del Alcalde"},"content":{"rendered":"<div class=\"wp-block-group alignfull is-layout-flow wp-block-group-is-layout-flow\" style=\"min-height:0px;margin-top:0px;margin-bottom:0px\">\n<div class=\"wp-block-cover alignfull cover-w-caption is-style-page-title\"><span aria-hidden=\"true\" class=\"wp-block-cover__background has-black-background-color has-background-dim-30 has-background-dim\"><\/span><img loading=\"lazy\" decoding=\"async\" width=\"570\" height=\"322\" src=\"https:\/\/visitnampa.org\/wp-content\/uploads\/2024\/09\/lavender-fest-9430.jpg\" class=\"wp-block-cover__image-background wp-post-image\" alt=\"A girl in a lavender field at Nampa&#039;s lavender festival.\" data-object-fit=\"cover\" srcset=\"https:\/\/visitnampa.org\/wp-content\/uploads\/2024\/09\/lavender-fest-9430.jpg 570w, https:\/\/visitnampa.org\/wp-content\/uploads\/2024\/09\/lavender-fest-9430-300x169.jpg 300w\" sizes=\"auto, (max-width: 570px) 100vw, 570px\" title=\"\"><div class=\"wp-block-cover__inner-container is-layout-flow wp-block-cover-is-layout-flow\">\n<div class=\"wp-block-group is-layout-flow wp-block-group-is-layout-flow\" style=\"margin-top:0;margin-bottom:0\">\n<h1 class=\"wp-block-heading has-text-align-center has-white-color has-text-color has-link-color main-column-auto wp-elements-029123677f248c6e1e1347152adf6474\" style=\"margin-top:0;margin-bottom:0\">Mensaje del Alcalde<\/h1>\n\n\n\n<div style=\"height:1rem\" class=\"wp-block-madden-theme-responsive-spacer responsive-spacer-3c1c0384-740d-40ce-9652-c01fded5672e\"><style>@media (max-width: 781px) {\n          .responsive-spacer-3c1c0384-740d-40ce-9652-c01fded5672e {\n            height: 1rem !important;\n          }\n        }<\/style><\/div>\n\n\n\n<p class=\"has-text-align-center has-white-color has-text-color has-link-color main-column-auto wp-elements-b0099c7fa919175c1ab7deed75430dca\" style=\"margin-top:0;margin-bottom:0;font-style:normal;font-weight:700;max-width:45rem\">La alcaldesa Debbie Kling le da la bienvenida a Nampa.<\/p>\n<\/div>\n\n\n\n<div class=\"wp-block-group is-layout-flow wp-block-group-is-layout-flow\" style=\"margin-top:0;margin-bottom:0\">\n<div style=\"height:4rem\" class=\"wp-block-madden-theme-responsive-spacer responsive-spacer-9ba59296-3367-40d9-a2bd-90cb3c4f221f\"><style>@media (max-width: 781px) {\n          .responsive-spacer-9ba59296-3367-40d9-a2bd-90cb3c4f221f {\n            height: 3rem !important;\n          }\n        }<\/style><\/div>\n\n\n\n<p class=\"message-icon caption caption-left center-on-mobile has-white-color has-text-color has-link-color has-small-font-size main-column-auto wp-elements-9e1e8a11c596f788c6144b205d487fce\" style=\"margin-top:0;margin-bottom:0;max-width:80rem\"><a href=\"\/es\/events\/\" data-type=\"page\" data-id=\"21\"><strong>Echa un vistazo a lo que est\u00e1 ocurriendo ahora en Nampa.<\/strong><\/a><\/p>\n<\/div>\n<\/div><\/div>\n\n\n\n<div class=\"wp-block-group alignfull is-layout-flow wp-block-group-is-layout-flow\" style=\"margin-top:0px;margin-bottom:-7rem\">\n<figure class=\"wp-block-image alignfull size-full\"><img decoding=\"async\" src=\"https:\/\/visitnampa.org\/wp-content\/uploads\/2024\/09\/accent_section_swoop.svg\" alt=\"\" class=\"wp-image-187\" title=\"\"><\/figure>\n<\/div>\n\n\n\n<div class=\"wp-block-group is-layout-flow wp-block-group-is-layout-flow\" style=\"position:relative;z-index:1\">\n<div style=\"height:1rem\" class=\"wp-block-madden-theme-responsive-spacer responsive-spacer-a1d571a0-c81e-4702-bd98-a6f4fa0f8561\"><style>@media (max-width: 781px) {\n          .responsive-spacer-a1d571a0-c81e-4702-bd98-a6f4fa0f8561 {\n            height: 1rem !important;\n          }\n        }<\/style><\/div>\n\n\n\n<div class=\"wp-block-group main-column-auto is-layout-flow wp-block-group-is-layout-flow\" style=\"margin-top:0;margin-bottom:0;max-width:80rem\"><div style=\"font-style:normal;font-weight:700; margin-top:0;margin-bottom:0;\" class=\"align wp-elements-78b1d75908f1aa542f6e5fbce05780ce wp-block-madden-theme-breadcrumbs has-text-color has-light-gray-color has-small-font-size has-body-font-family\"><nav aria-label=\"pan rallado\" class=\"rank-math-breadcrumb\"><p><span class=\"last\">Inicio<\/span><\/p><\/nav><\/div><\/div>\n\n\n\n<div style=\"height:1rem\" class=\"wp-block-madden-theme-responsive-spacer responsive-spacer-09be8661-2762-47e1-857b-5f3222569513\"><style>@media (max-width: 781px) {\n          .responsive-spacer-09be8661-2762-47e1-857b-5f3222569513 {\n            height: 1rem !important;\n          }\n        }<\/style><\/div>\n\n\n\n<p class=\"has-text-align-center has-light-gray-color has-text-color has-link-color main-column-auto wp-elements-b984b1653164586d84d93d112fcb1b1d\" style=\"margin-top:0;margin-bottom:0;font-style:normal;font-weight:700\">Mensaje del Alcalde<\/p>\n\n\n\n<div style=\"height:1.5rem\" class=\"wp-block-madden-theme-responsive-spacer responsive-spacer-057b59ea-3334-45e9-a6f8-2b471161021e\"><style>@media (max-width: 781px) {\n          .responsive-spacer-057b59ea-3334-45e9-a6f8-2b471161021e {\n            height: 1.5rem !important;\n          }\n        }<\/style><\/div>\n\n\n\n<hr class=\"wp-block-separator has-alpha-channel-opacity is-style-multi-color is-style-multi-color-dark\" style=\"margin-top:0;margin-bottom:0\"\/>\n\n\n\n<div style=\"height:1rem\" class=\"wp-block-madden-theme-responsive-spacer responsive-spacer-41b848dc-afd1-4389-8f5d-d9868ffff29c\"><style>@media (max-width: 781px) {\n          .responsive-spacer-41b848dc-afd1-4389-8f5d-d9868ffff29c {\n            height: 1rem !important;\n          }\n        }<\/style><\/div>\n\n\n\n<h2 class=\"wp-block-heading has-text-align-center main-column-auto\" style=\"margin-top:0;margin-bottom:0\">Del Gabinete del Alcalde<\/h2>\n\n\n\n<div style=\"height:1rem\" class=\"wp-block-madden-theme-responsive-spacer responsive-spacer-4989c48f-3a48-4119-929a-deb6bc85e25c\"><style>@media (max-width: 781px) {\n          .responsive-spacer-4989c48f-3a48-4119-929a-deb6bc85e25c {\n            height: 1rem !important;\n          }\n        }<\/style><\/div>\n\n\n\n<p class=\"has-text-align-center main-column-auto\" style=\"margin-top:0;margin-bottom:0;max-width:55rem\">Nampa tiene algo para todos los gustos. Esperamos que disfrute de la oportunidad de explorar y experimentar la aut\u00e9ntica Nampa.<\/p>\n<\/div>\n<\/div>\n\n\n\n<div style=\"height:4rem\" class=\"wp-block-madden-theme-responsive-spacer responsive-spacer-66677d89-2a74-47da-b131-64afcb77faa5\"><style>@media (max-width: 781px) {\n          .responsive-spacer-66677d89-2a74-47da-b131-64afcb77faa5 {\n            height: 3rem !important;\n          }\n        }<\/style><\/div>\n\n\n\n<div class=\"wp-block-columns main-column-auto reversed-on-mobile is-layout-flex wp-container-core-columns-is-layout-d1c656ed wp-block-columns-is-layout-flex\" style=\"max-width:80rem\">\n<div class=\"wp-block-column is-layout-flow wp-block-column-is-layout-flow\" style=\"flex-basis:66.66%\">\n<p class=\"has-dark-gray-color has-text-color has-link-color has-body-font-family wp-elements-7fc939af2d1cb85d7c8ab123783fdd86\" style=\"line-height:1.5\">\u00a1Bienvenido a Nampa! Mientras explora nuestra ciudad, esperamos que disfrute de una experiencia aut\u00e9ntica y cree buenos recuerdos de su estancia aqu\u00ed.<\/p>\n\n\n\n<p class=\"has-dark-gray-color has-text-color has-link-color has-body-font-family wp-elements-934d1b91c41bb1373effa7f59f42034f\" style=\"line-height:1.5\">Como parte del Valle del Tesoro, Nampa es una de las zonas de m\u00e1s r\u00e1pido crecimiento del pa\u00eds. Con una poblaci\u00f3n de m\u00e1s de 100.000 habitantes, seguimos valorando nuestra devoci\u00f3n por la familia, la fe y la ayuda al pr\u00f3jimo. Junto con la gente incre\u00edble de nuestra comunidad, tambi\u00e9n apreciamos nuestro rico patrimonio y las muchas actividades que tienen lugar en nuestra ciudad natal.\u00a0<\/p>\n\n\n\n<p class=\"has-dark-gray-color has-text-color has-link-color has-body-font-family wp-elements-27816258c5af43da2de88fe4256974ef\" style=\"line-height:1.5\">Nampa es lo suficientemente grande como para disfrutar de todas las comodidades que necesita, pero lo suficientemente peque\u00f1a como para desplazarse f\u00e1cil y r\u00e1pidamente por la ciudad y a otras partes del Treasure Valley. Desde un centro hist\u00f3rico, golf de primera categor\u00eda, mercados agr\u00edcolas semanales de abril a octubre, hermosos parques, senderos tranquilos y amplias tiendas, Nampa tiene algo para todos. Nampa tambi\u00e9n est\u00e1 a pocos minutos de la Ruta del Vino Sunnyslope del valle del r\u00edo Snake.\u00a0<\/p>\n\n\n\n<p class=\"has-dark-gray-color has-text-color has-link-color has-body-font-family wp-elements-f65ba6bf6930eda8d3b19b793285a268\" style=\"line-height:1.5\">El Snake River Stampede Rodeo, uno de los 10 mejores rodeos del pa\u00eds seg\u00fan la PRCA, desde hace m\u00e1s de 100 a\u00f1os, se celebra en el Ford Idaho Center de Nampa la tercera semana de julio de cada a\u00f1o y se festeja en toda la comunidad. El Ford Idaho Center tambi\u00e9n cuenta con un hermoso anfiteatro para conciertos al aire libre y un parque h\u00edpico que atrae a algunos de los eventos ecuestres m\u00e1s prestigiosos del pa\u00eds.\u00a0<\/p>\n\n\n\n<p class=\"has-dark-gray-color has-text-color has-link-color has-body-font-family wp-elements-35e62d39651640999e8021a228179aef\" style=\"line-height:1.5\">Somos la sede del Museo A\u00e9reo Warhawk, reconocido a nivel nacional, que muestra la historia de la aviaci\u00f3n militar desde la Primera Guerra Mundial. No querr\u00e1 perderse una oportunidad especial de experimentar, descubrir y recordar en el Museo A\u00e9reo Warhawk. \u00a0<\/p>\n\n\n\n<p class=\"has-dark-gray-color has-text-color has-link-color has-body-font-family wp-elements-098fd55581107b4647e8859b6272b986\" style=\"line-height:1.5\">Nampa tiene algo para todos los gustos. Esperamos que disfrute de la oportunidad de explorar y experimentar la aut\u00e9ntica Nampa.&nbsp;<\/p>\n\n\n\n<p class=\"has-dark-gray-color has-text-color has-link-color has-body-font-family wp-elements-0a7b00e9db94ac2bcff0ba224ef796ce\" style=\"line-height:1.5\">&nbsp;Atentamente,<\/p>\n\n\n\n<p class=\"has-dark-gray-color has-text-color has-link-color has-body-font-family wp-elements-f85f1053ba05a44cd98bed22c6a56aec\" style=\"line-height:1.5\"><strong>Debbie Kling<\/strong><br><strong>Alcalde<\/strong><\/p>\n<\/div>\n\n\n\n<div class=\"wp-block-column is-layout-flow wp-block-column-is-layout-flow\" style=\"flex-basis:33.33%\">\n<figure class=\"wp-block-image aligncenter size-full is-resized has-custom-border is-style-default\"><img loading=\"lazy\" decoding=\"async\" width=\"999\" height=\"1249\" src=\"https:\/\/visitnampa.org\/wp-content\/uploads\/2024\/09\/mayor-kling.jpg\" alt=\"Nampa, Idaho Mayor Debbie Kling\" class=\"wp-image-823\" style=\"border-radius:20px;width:350px\" title=\"\" srcset=\"https:\/\/visitnampa.org\/wp-content\/uploads\/2024\/09\/mayor-kling.jpg 999w, https:\/\/visitnampa.org\/wp-content\/uploads\/2024\/09\/mayor-kling-240x300.jpg 240w, https:\/\/visitnampa.org\/wp-content\/uploads\/2024\/09\/mayor-kling-819x1024.jpg 819w, https:\/\/visitnampa.org\/wp-content\/uploads\/2024\/09\/mayor-kling-768x960.jpg 768w\" sizes=\"auto, (max-width: 999px) 100vw, 999px\" \/><\/figure>\n<\/div>\n<\/div>\n\n\n\n<div style=\"height:7rem\" class=\"wp-block-madden-theme-responsive-spacer responsive-spacer-0abf15c4-2a33-431e-96f3-60ef983c3d1d\"><style>@media (max-width: 781px) {\n          .responsive-spacer-0abf15c4-2a33-431e-96f3-60ef983c3d1d {\n            height: 5rem !important;\n          }\n        }<\/style><\/div>","protected":false},"excerpt":{"rendered":"<p>La alcaldesa Debbie Kling le da la bienvenida a Nampa.<\/p>","protected":false},"author":1,"featured_media":251,"parent":523,"menu_order":0,"comment_status":"closed","ping_status":"closed","template":"","meta":{"_acf_changed":false,"footnotes":""},"class_list":["post-527","page","type-page","status-publish","has-post-thumbnail","hentry"],"acf":[],"_links":{"self":[{"href":"https:\/\/visitnampa.org\/es\/wp-json\/wp\/v2\/pages\/527","targetHints":{"allow":["GET"]}}],"collection":[{"href":"https:\/\/visitnampa.org\/es\/wp-json\/wp\/v2\/pages"}],"about":[{"href":"https:\/\/visitnampa.org\/es\/wp-json\/wp\/v2\/types\/page"}],"author":[{"embeddable":true,"href":"https:\/\/visitnampa.org\/es\/wp-json\/wp\/v2\/users\/1"}],"replies":[{"embeddable":true,"href":"https:\/\/visitnampa.org\/es\/wp-json\/wp\/v2\/comments?post=527"}],"version-history":[{"count":15,"href":"https:\/\/visitnampa.org\/es\/wp-json\/wp\/v2\/pages\/527\/revisions"}],"predecessor-version":[{"id":2031,"href":"https:\/\/visitnampa.org\/es\/wp-json\/wp\/v2\/pages\/527\/revisions\/2031"}],"up":[{"embeddable":true,"href":"https:\/\/visitnampa.org\/es\/wp-json\/wp\/v2\/pages\/523"}],"wp:featuredmedia":[{"embeddable":true,"href":"https:\/\/visitnampa.org\/es\/wp-json\/wp\/v2\/media\/251"}],"wp:attachment":[{"href":"https:\/\/visitnampa.org\/es\/wp-json\/wp\/v2\/media?parent=527"}],"curies":[{"name":"wp","href":"https:\/\/api.w.org\/{rel}","templated":true}]}}