{"id":525,"date":"2024-09-09T19:25:40","date_gmt":"2024-09-09T19:25:40","guid":{"rendered":"https:\/\/main-bvxea6i-bk2pfxr7z6ke6.us-3.platformsh.site\/history-vision\/"},"modified":"2025-08-11T16:46:01","modified_gmt":"2025-08-11T22:46:01","slug":"history-vision","status":"publish","type":"page","link":"https:\/\/visitnampa.org\/es\/about\/history-vision\/","title":{"rendered":"Historia y visi\u00f3n"},"content":{"rendered":"<div class=\"wp-block-group alignfull is-layout-flow wp-block-group-is-layout-flow\" style=\"min-height:0px;margin-top:0px;margin-bottom:0px\">\n<div class=\"wp-block-cover alignfull cover-w-caption is-style-page-title\"><span aria-hidden=\"true\" class=\"wp-block-cover__background has-black-background-color has-background-dim-30 has-background-dim\"><\/span><img loading=\"lazy\" decoding=\"async\" width=\"2048\" height=\"1366\" src=\"https:\/\/visitnampa.org\/wp-content\/uploads\/2024\/09\/hs130196_eng-scaled.jpg\" class=\"wp-block-cover__image-background wp-post-image\" alt=\"A farmer overlooking his crops in Nampa, Idaho.\" data-object-fit=\"cover\" srcset=\"https:\/\/visitnampa.org\/wp-content\/uploads\/2024\/09\/hs130196_eng-scaled.jpg 2048w, https:\/\/visitnampa.org\/wp-content\/uploads\/2024\/09\/hs130196_eng-300x200.jpg 300w, https:\/\/visitnampa.org\/wp-content\/uploads\/2024\/09\/hs130196_eng-1024x683.jpg 1024w, https:\/\/visitnampa.org\/wp-content\/uploads\/2024\/09\/hs130196_eng-768x512.jpg 768w, https:\/\/visitnampa.org\/wp-content\/uploads\/2024\/09\/hs130196_eng-1536x1024.jpg 1536w\" sizes=\"auto, (max-width: 2048px) 100vw, 2048px\" title=\"\"><div class=\"wp-block-cover__inner-container is-layout-flow wp-block-cover-is-layout-flow\">\n<div class=\"wp-block-group is-layout-flow wp-block-group-is-layout-flow\" style=\"margin-top:0;margin-bottom:0\">\n<h1 class=\"wp-block-heading has-text-align-center main-column-auto has-white-color has-text-color has-link-color wp-elements-2980ecfe56a7a7023b976a80c4f60a3e\" style=\"margin-top:0;margin-bottom:0\">Historia y visi\u00f3n<\/h1>\n\n\n\n<div style=\"height:1rem\" class=\"wp-block-madden-theme-responsive-spacer responsive-spacer-c7d039cb-c8f6-4520-ab08-f4fd3878b29a\"><style>@media (max-width: 781px) {\n          .responsive-spacer-c7d039cb-c8f6-4520-ab08-f4fd3878b29a {\n            height: 1rem !important;\n          }\n        }<\/style><\/div>\n\n\n\n<p class=\"has-text-align-center has-white-color has-text-color has-link-color wp-elements-e088f8922545aa4d5b0ef4e4c378213c\" style=\"margin-top:0;margin-bottom:0;font-style:normal;font-weight:700\"><p class=\"has-text-align-center has-white-color has-text-color has-link-color main-column-auto\" style=\"margin-top:0;margin-bottom:0;font-style:normal;font-weight:700;max-width:45rem\">De ayer a hoy, Nampa cumple 130 a\u00f1os.<\/p><\/p>\n<\/div>\n\n\n\n<div class=\"wp-block-group is-layout-flow wp-block-group-is-layout-flow\" style=\"margin-top:0;margin-bottom:0\">\n<div style=\"height:4rem\" class=\"wp-block-madden-theme-responsive-spacer responsive-spacer-9c3b9809-b8d6-42e1-82d8-8c7e7d80a0f7\"><style>@media (max-width: 781px) {\n          .responsive-spacer-9c3b9809-b8d6-42e1-82d8-8c7e7d80a0f7 {\n            height: 3rem !important;\n          }\n        }<\/style><\/div>\n\n\n\n<p class=\"has-white-color has-text-color has-link-color has-small-font-size wp-elements-93e27311a9c429666479a62c1a6a8c5d\" style=\"margin-top:0;margin-bottom:0\"><p class=\"message-icon caption caption-left center-on-mobile has-white-color has-text-color has-link-color has-small-font-size main-column-auto\" style=\"margin-top:0;margin-bottom:0;max-width:80rem\"><a href=\"\/es\/events\/\" data-type=\"page\" data-id=\"21\"><strong>Echa un vistazo a lo que est\u00e1 ocurriendo ahora en Nampa.<\/strong><\/a><\/p><\/p>\n<\/div>\n<\/div><\/div>\n\n\n\n<div class=\"wp-block-group alignfull is-layout-flow wp-block-group-is-layout-flow\" style=\"margin-top:0px;margin-bottom:-7rem\">\n<figure class=\"wp-block-image alignfull size-full\"><img decoding=\"async\" src=\"https:\/\/visitnampa.org\/wp-content\/uploads\/2024\/09\/accent_section_swoop.svg\" alt=\"\" class=\"wp-image-187\" title=\"\"><\/figure>\n<\/div>\n\n\n\n<div class=\"wp-block-group is-layout-flow wp-block-group-is-layout-flow\" style=\"position:relative;z-index:1\">\n\n<div style=\"height:1rem\" class=\"wp-block-madden-theme-responsive-spacer responsive-spacer-24415c21-df55-4d4d-938c-7e89230dd070\"><style>@media (max-width: 781px) {\n          .responsive-spacer-24415c21-df55-4d4d-938c-7e89230dd070 {\n            height: 1rem !important;\n          }\n        }<\/style><\/div>\n\n\n<div class=\"wp-block-group main-column-auto is-layout-flow wp-block-group-is-layout-flow\" style=\"margin-top:0;margin-bottom:0;max-width:80rem\">\n<div style=\"font-style:normal;font-weight:700; margin-top:0;margin-bottom:0;\" class=\"align wp-elements-78b1d75908f1aa542f6e5fbce05780ce wp-block-madden-theme-breadcrumbs has-text-color has-light-gray-color has-small-font-size has-body-font-family\"><nav aria-label=\"pan rallado\" class=\"rank-math-breadcrumb\"><p><span class=\"last\">Inicio<\/span><\/p><\/nav><\/div>\n<\/div>\n\n\n<div style=\"height:1rem\" class=\"wp-block-madden-theme-responsive-spacer responsive-spacer-7d249959-3f10-4ee1-a989-0d7d5a5190ae\"><style>@media (max-width: 781px) {\n          .responsive-spacer-7d249959-3f10-4ee1-a989-0d7d5a5190ae {\n            height: 1rem !important;\n          }\n        }<\/style><\/div>\n\n\n<p class=\"has-text-align-center has-light-gray-color has-text-color has-link-color main-column-auto wp-elements-2d3a938621705eddb5c9bb77574a3875\" style=\"margin-top:0;margin-bottom:0;font-style:normal;font-weight:700\">Historia y visi\u00f3n<\/p>\n\n\n<div style=\"height:1.5rem\" class=\"wp-block-madden-theme-responsive-spacer responsive-spacer-1951e392-9745-41d4-9d0e-d827342f11ea\"><style>@media (max-width: 781px) {\n          .responsive-spacer-1951e392-9745-41d4-9d0e-d827342f11ea {\n            height: 1.5rem !important;\n          }\n        }<\/style><\/div>\n\n\n<hr class=\"wp-block-separator has-alpha-channel-opacity is-style-multi-color is-style-multi-color-dark\" style=\"margin-top:0;margin-bottom:0\"\/>\n\n\n<div style=\"height:1rem\" class=\"wp-block-madden-theme-responsive-spacer responsive-spacer-20fb86a2-2c32-46c7-a12f-58bab67a0cd4\"><style>@media (max-width: 781px) {\n          .responsive-spacer-20fb86a2-2c32-46c7-a12f-58bab67a0cd4 {\n            height: 1rem !important;\n          }\n        }<\/style><\/div>\n\n\n<h2 class=\"wp-block-heading has-text-align-center main-column-auto\" style=\"margin-top:0;margin-bottom:0\">Historia de Nampa<\/h2>\n\n\n<div style=\"height:1rem\" class=\"wp-block-madden-theme-responsive-spacer responsive-spacer-1585bfd1-9904-4b19-b583-4480432128b2\"><style>@media (max-width: 781px) {\n          .responsive-spacer-1585bfd1-9904-4b19-b583-4480432128b2 {\n            height: 1rem !important;\n          }\n        }<\/style><\/div>\n\n\n<p class=\"has-text-align-center main-column-auto\" style=\"margin-top:0;margin-bottom:0;max-width:45rem\">La historia de Nampa, Idaho, comienza con la Land and Improvement Company.<\/p>\n\n<\/div>\n<\/div>\n\n\n\n<div style=\"height:4rem\" class=\"wp-block-madden-theme-responsive-spacer responsive-spacer-42971532-322b-47d4-97a6-4316639c09f7\"><style>@media (max-width: 781px) {\n          .responsive-spacer-42971532-322b-47d4-97a6-4316639c09f7 {\n            height: 3rem !important;\n          }\n        }<\/style><\/div>\n\n\n\n<div class=\"wp-block-columns reversed-on-mobile is-layout-flex wp-container-core-columns-is-layout-a9d98ab9 wp-block-columns-is-layout-flex\" style=\"padding-right:5%;padding-left:5%\">\n<div class=\"wp-block-column is-layout-flow wp-block-column-is-layout-flow\" style=\"flex-basis:50%\">\n<p class=\"has-dark-gray-color has-text-color has-link-color has-body-font-family wp-elements-9c8973c3c7f741fc033a9508da99dd8e\" style=\"line-height:1.5\">En 1883, el paisaje de lo que se convertir\u00eda en el condado de Canyon cambi\u00f3 para siempre cuando la l\u00ednea corta de ferrocarril de Oreg\u00f3n (filial de Union Pacific) se abri\u00f3 paso desde Granger, Wyoming, hasta Huntington, Oreg\u00f3n. El terreno, cubierto de arbustos, se despej\u00f3 y nivel\u00f3 para que pudieran tenderse las v\u00edas, lo que permiti\u00f3 a los emigrantes del Este viajar con mayor seguridad. A lo largo de las v\u00edas surgieron ciudades cada 15 \u00f3 16 kil\u00f3metros, como Nampa.<\/p>\n\n\n\n<p class=\"has-dark-gray-color has-text-color has-link-color has-body-font-family wp-elements-5b18d2412a0c43f1b410bb16e8b811f8\" style=\"line-height:1.5\">Nadie sabe con certeza de d\u00f3nde procede el nombre de \"Nampa\", pero a medida que se constru\u00eda el ferrocarril a trav\u00e9s de Idaho, se fueron dando nombres poco comunes a algunas de las estaciones. Se cre\u00eda que muchos de estos nombres eran de origen nativo americano.<\/p>\n<\/div>\n\n\n\n<div class=\"wp-block-column is-layout-flow wp-block-column-is-layout-flow\" style=\"flex-basis:50%\">\n<p class=\"has-dark-gray-color has-text-color has-link-color has-body-font-family wp-elements-487ff407fba24270ff4f215b80786148\" style=\"line-height:1.5\">En 1885, Alexander y Hannah Duffes (con el impulso de James McGee) se establecieron en 160 acres de tierra al este de Caldwell para crear una ciudad. En 1886, Duffes y McGee formaron la Nampa Land and Improvement Company y dividieron la propiedad en lotes. Duffes era un hombre religioso y so\u00f1aba con una ciudad sin tabernas. Por ello, se neg\u00f3 a vender lotes a cualquiera que tuviera la intenci\u00f3n de construir una taberna. En consecuencia, la gente empez\u00f3 a referirse a la ciudad de Nampa como \"Nueva Jerusal\u00e9n\". Curiosamente, 21 a\u00f1os despu\u00e9s, la casa de los Duffes fue trasladada y en su lugar se construy\u00f3 una cervecer\u00eda.<\/p>\n<\/div>\n<\/div>\n\n\n\n<div style=\"height:4rem\" class=\"wp-block-madden-theme-responsive-spacer responsive-spacer-d6c70c44-2832-4304-a428-718c3c03217a\"><style>@media (max-width: 781px) {\n          .responsive-spacer-d6c70c44-2832-4304-a428-718c3c03217a {\n            height: 3rem !important;\n          }\n        }<\/style><\/div>\n\n\n\n<div class=\"wp-block-columns are-vertically-aligned-center reversed-on-mobile is-layout-flex wp-container-core-columns-is-layout-e6cf0ad5 wp-block-columns-is-layout-flex\" style=\"padding-right:5%;padding-left:5%\">\n<div class=\"wp-block-column is-vertically-aligned-center is-layout-flow wp-block-column-is-layout-flow\" style=\"flex-basis:50%\">\n<h3 class=\"wp-block-heading has-text-align-left has-dark-gray-color has-text-color has-link-color has-header-font-family has-large-font-size wp-elements-0085cd2fdf3dae143eb37f820e655a08\" style=\"margin-top:0.3em;margin-bottom:1em;line-height:1.3\">Desarrollo<\/h3>\n\n\n\n<p class=\"has-dark-gray-color has-text-color has-link-color has-body-font-family wp-elements-e359b9931bf6aeecb1ad306f30b10357\" style=\"line-height:1.5\">La promesa del riego llev\u00f3 a muchos emigrantes a establecerse en las tierras que rodean Nampa. En 1890, el canal Phyllis llev\u00f3 el agua de riego a Nampa y sus alrededores. En 1891, se complet\u00f3 la ampliaci\u00f3n del Canal Ridenbaugh. Con la finalizaci\u00f3n de estos canales, se estima que entre 150.000 y 300.000 acres de tierras de cultivo adyacentes a Nampa pudieron ser despejadas de artemisa y cultivadas.<\/p>\n\n\n\n<p class=\"has-dark-gray-color has-text-color has-link-color has-body-font-family wp-elements-50036904c994427cebedcfb9a01b1480\" style=\"line-height:1.5\">El 17 de abril de 1891, se form\u00f3 un gobierno municipal y se incorpor\u00f3 la ciudad de Nampa. En 1900, Nampa ten\u00eda una poblaci\u00f3n de unos 800 habitantes.<\/p>\n\n\n\n<p class=\"has-dark-gray-color has-text-color has-link-color has-body-font-family wp-elements-d3290287e5999e1458a63e95e2474825\" style=\"line-height:1.5\">El agua es un bien esencial en el desierto. En 1909, el Bureau of Reclamation cre\u00f3 un lugar de almacenamiento de agua para los granjeros del condado de Canyon. Este lugar, el embalse de Deer Flat, llevar\u00eda agua a unas 2.900 granjas en 1910. En la actualidad, el embalse de Deer Flat sigue abasteciendo a los agricultores del condado de Canyon.<\/p>\n<\/div>\n\n\n\n<div class=\"wp-block-column is-vertically-aligned-center is-layout-flow wp-block-column-is-layout-flow\" style=\"flex-basis:50%\">\n<figure class=\"wp-block-image size-full has-custom-border is-style-default\"><img loading=\"lazy\" decoding=\"async\" width=\"800\" height=\"533\" src=\"https:\/\/visitnampa.org\/wp-content\/uploads\/2024\/09\/r6a8079.jpg\" alt=\"Cowgirls in sequined USA vests ride horses in a parade.\" class=\"wp-image-832\" style=\"border-radius:20px\" title=\"\" srcset=\"https:\/\/visitnampa.org\/wp-content\/uploads\/2024\/09\/r6a8079.jpg 800w, https:\/\/visitnampa.org\/wp-content\/uploads\/2024\/09\/r6a8079-300x200.jpg 300w, https:\/\/visitnampa.org\/wp-content\/uploads\/2024\/09\/r6a8079-768x512.jpg 768w\" sizes=\"auto, (max-width: 800px) 100vw, 800px\" \/><\/figure>\n<\/div>\n<\/div>\n\n\n\n<div style=\"height:4rem\" class=\"wp-block-madden-theme-responsive-spacer responsive-spacer-b64a1022-cd57-4671-8f3d-e55b2aa0ef95\"><style>@media (max-width: 781px) {\n          .responsive-spacer-b64a1022-cd57-4671-8f3d-e55b2aa0ef95 {\n            height: 3rem !important;\n          }\n        }<\/style><\/div>\n\n\n\n<div class=\"wp-block-columns are-vertically-aligned-center is-layout-flex wp-container-core-columns-is-layout-e6cf0ad5 wp-block-columns-is-layout-flex\" style=\"padding-right:5%;padding-left:5%\">\n<div class=\"wp-block-column is-vertically-aligned-center is-layout-flow wp-block-column-is-layout-flow\" style=\"flex-basis:50%\">\n<figure class=\"wp-block-image size-full has-custom-border wp-elements-c19f75b4ebb5fbdcb993dfc4c27b8b2a\" style=\"margin-top:0.3em;margin-bottom:1em;line-height:1.3\"><img loading=\"lazy\" decoding=\"async\" width=\"2000\" height=\"1333\" src=\"https:\/\/visitnampa.org\/wp-content\/uploads\/2024\/09\/fallskywdepot_r8c5586.jpg\" alt=\"Sunset at the Nampa Train Depot.\" class=\"wp-image-473\" style=\"border-radius:20px\" title=\"\" srcset=\"https:\/\/visitnampa.org\/wp-content\/uploads\/2024\/09\/fallskywdepot_r8c5586.jpg 2000w, https:\/\/visitnampa.org\/wp-content\/uploads\/2024\/09\/fallskywdepot_r8c5586-300x200.jpg 300w, https:\/\/visitnampa.org\/wp-content\/uploads\/2024\/09\/fallskywdepot_r8c5586-1024x682.jpg 1024w, https:\/\/visitnampa.org\/wp-content\/uploads\/2024\/09\/fallskywdepot_r8c5586-768x512.jpg 768w, https:\/\/visitnampa.org\/wp-content\/uploads\/2024\/09\/fallskywdepot_r8c5586-1536x1024.jpg 1536w\" sizes=\"auto, (max-width: 2000px) 100vw, 2000px\" \/><\/figure>\n<\/div>\n\n\n\n<div class=\"wp-block-column is-vertically-aligned-center is-layout-flow wp-block-column-is-layout-flow\" style=\"flex-basis:50%\">\n<h3 class=\"wp-block-heading has-text-align-left is-style-default has-dark-gray-color has-text-color has-header-font-family has-large-font-size\" style=\"border-radius:20px\">Ferrocarril<\/h3>\n\n\n\n<p class=\"has-dark-gray-color has-text-color has-link-color has-body-font-family wp-elements-6240a350a97bd048b572f2dcb52bbc21\" style=\"line-height:1.5\">En 1900, ya pasaban por Nampa 10 trenes de pasajeros al d\u00eda. Fue entonces cuando el coronel W.H. Dewey, promotor y acaudalado minero, se interes\u00f3 por Nampa. Construy\u00f3 el ferrocarril Boise, Nampa y Owyhee desde Nampa hasta Murphy, Idaho. Dewey tambi\u00e9n promovi\u00f3 otro ferrocarril que se construy\u00f3 de Nampa a Emmett y finalmente a Lakeport, ahora McCall, Idaho.<\/p>\n\n\n\n<p class=\"has-dark-gray-color has-text-color has-link-color has-body-font-family wp-elements-333262fa456b79f39045e0325a40e7cd\" style=\"line-height:1.5\">Como Nampa era el nudo de comunicaciones de cuatro l\u00edneas de ferrocarril, Dewey decidi\u00f3 que era necesario un hotel elegante en la zona. As\u00ed que en 1902, Dewey construy\u00f3 el Dewey Palace Hotel. En aquella \u00e9poca, el Dewey Palace Hotel estaba considerado uno de los mejores hoteles del Oeste.<\/p>\n\n\n\n<p class=\"has-dark-gray-color has-text-color has-link-color has-body-font-family wp-elements-b459c9bffe379e42b21bbf8541e1d3e0\" style=\"line-height:1.5\">Con tanto tr\u00e1fico de trenes de pasajeros, Nampa necesitaba una estaci\u00f3n de tren m\u00e1s grande. En septiembre de 1903, se termin\u00f3 una nueva estaci\u00f3n de pasajeros. Esta estaci\u00f3n de tren alberga ahora el Museo de la Sociedad Hist\u00f3rica del Condado de Canyon, en el 1200 de la calle Front de Nampa.<\/p>\n<\/div>\n<\/div>\n\n\n\n<div style=\"height:4rem\" class=\"wp-block-madden-theme-responsive-spacer responsive-spacer-4707a07a-d5c5-4f0c-b990-1a7bfcf215cf\"><style>@media (max-width: 781px) {\n          .responsive-spacer-4707a07a-d5c5-4f0c-b990-1a7bfcf215cf {\n            height: 3rem !important;\n          }\n        }<\/style><\/div>\n\n\n\n<div class=\"wp-block-columns are-vertically-aligned-center reversed-on-mobile is-layout-flex wp-container-core-columns-is-layout-e6cf0ad5 wp-block-columns-is-layout-flex\" style=\"padding-right:5%;padding-left:5%\">\n<div class=\"wp-block-column is-vertically-aligned-center is-layout-flow wp-block-column-is-layout-flow\" style=\"flex-basis:50%\">\n<h3 class=\"wp-block-heading has-text-align-left has-dark-gray-color has-text-color has-link-color has-header-font-family has-large-font-size wp-elements-f34fef706de0962c087567de093d3413\" style=\"margin-top:0.3em;margin-bottom:1em;line-height:1.3\">La Estampida del R\u00edo Snake<\/h3>\n\n\n\n<p class=\"has-dark-gray-color has-text-color has-link-color has-body-font-family wp-elements-2b319e4d297de8367836dd919d79b76a\" style=\"line-height:1.5\">En 1908, un grupo de mujeres cristianas organiz\u00f3 una feria callejera. Esta feria callejera dio lugar a un popular acontecimiento anual llamado \"Festival de la Cosecha\", en el que los agricultores locales tra\u00edan sus frutas, verduras, aves de corral y otros productos para venderlos en el centro de Nampa. En 1913, se a\u00f1adi\u00f3 un concurso de reserva de Broncos.<\/p>\n\n\n\n<p class=\"has-dark-gray-color has-text-color has-link-color has-body-font-family wp-elements-e0d87dbadbfa8bc625b20ca592899143\" style=\"line-height:1.5\">Con el paso de los a\u00f1os, el Harvest Festival desapareci\u00f3, pero la parte de rodeo del festival, el Snake River Stampede, ha continuado hasta nuestros d\u00edas. En la actualidad, la Estampida de Snake River es uno de los 10 mejores rodeos de los circuitos profesionales. El Festival de la Cosecha se recuper\u00f3 en 2015 con motivo del centenario de la Estampida.<\/p>\n<\/div>\n\n\n\n<div class=\"wp-block-column is-vertically-aligned-center is-layout-flow wp-block-column-is-layout-flow\" style=\"flex-basis:50%\">\n<figure class=\"wp-block-image size-full has-custom-border is-style-default\"><img loading=\"lazy\" decoding=\"async\" width=\"1500\" height=\"1000\" src=\"https:\/\/visitnampa.org\/wp-content\/uploads\/2024\/09\/image_card_sporting_events.jpg\" alt=\"A man rides a bucking horse at the Snake River Stampede Rodeo.\" class=\"wp-image-262\" style=\"border-radius:20px\" title=\"\" srcset=\"https:\/\/visitnampa.org\/wp-content\/uploads\/2024\/09\/image_card_sporting_events.jpg 1500w, https:\/\/visitnampa.org\/wp-content\/uploads\/2024\/09\/image_card_sporting_events-300x200.jpg 300w, https:\/\/visitnampa.org\/wp-content\/uploads\/2024\/09\/image_card_sporting_events-1024x683.jpg 1024w, https:\/\/visitnampa.org\/wp-content\/uploads\/2024\/09\/image_card_sporting_events-768x512.jpg 768w\" sizes=\"auto, (max-width: 1500px) 100vw, 1500px\" \/><\/figure>\n<\/div>\n<\/div>\n\n\n\n<div style=\"height:4rem\" class=\"wp-block-madden-theme-responsive-spacer responsive-spacer-79b705a7-6ff1-41af-a834-25d041be2303\"><style>@media (max-width: 781px) {\n          .responsive-spacer-79b705a7-6ff1-41af-a834-25d041be2303 {\n            height: 3rem !important;\n          }\n        }<\/style><\/div>\n\n\n\n<div class=\"wp-block-columns are-vertically-aligned-center is-layout-flex wp-container-core-columns-is-layout-e6cf0ad5 wp-block-columns-is-layout-flex\" style=\"padding-right:5%;padding-left:5%\">\n<div class=\"wp-block-column is-vertically-aligned-center is-layout-flow wp-block-column-is-layout-flow\" style=\"flex-basis:50%\">\n<figure class=\"wp-block-image size-full has-custom-border wp-elements-dc960eb6a388174805f8006bdda78421\" style=\"margin-top:0.3em;margin-bottom:1em;line-height:1.3\"><img loading=\"lazy\" decoding=\"async\" width=\"1365\" height=\"2048\" src=\"https:\/\/visitnampa.org\/wp-content\/uploads\/2024\/09\/wall-street.jpg\" alt=\"Downtown Nampa.\" class=\"wp-image-454\" style=\"border-radius:20px;aspect-ratio:3\/2;object-fit:cover\" title=\"\" srcset=\"https:\/\/visitnampa.org\/wp-content\/uploads\/2024\/09\/wall-street.jpg 1365w, https:\/\/visitnampa.org\/wp-content\/uploads\/2024\/09\/wall-street-200x300.jpg 200w, https:\/\/visitnampa.org\/wp-content\/uploads\/2024\/09\/wall-street-683x1024.jpg 683w, https:\/\/visitnampa.org\/wp-content\/uploads\/2024\/09\/wall-street-768x1152.jpg 768w, https:\/\/visitnampa.org\/wp-content\/uploads\/2024\/09\/wall-street-1024x1536.jpg 1024w\" sizes=\"auto, (max-width: 1365px) 100vw, 1365px\" \/><\/figure>\n<\/div>\n\n\n\n<div class=\"wp-block-column is-vertically-aligned-center is-layout-flow wp-block-column-is-layout-flow\" style=\"flex-basis:50%\">\n<h3 class=\"wp-block-heading has-text-align-left is-style-default has-dark-gray-color has-text-color has-header-font-family has-large-font-size\" style=\"border-radius:20px\">Incendio en el centro de la ciudad<\/h3>\n\n\n\n<p class=\"has-dark-gray-color has-text-color has-link-color has-body-font-family wp-elements-577eae2bafd64d17a35ae65068a45d27\" style=\"line-height:1.5\">El 3 de julio de 1909, toda la manzana del centro de Nampa situada entre las avenidas 12 y 13 y las calles First y Front qued\u00f3 destruida cuando explot\u00f3 un petardo en una tienda de cigarros con armaz\u00f3n de madera. Este incendio oblig\u00f3 a los residentes de Nampa a reconstruir gran parte del centro de la ciudad.<\/p>\n<\/div>\n<\/div>\n\n\n\n<div style=\"height:4rem\" class=\"wp-block-madden-theme-responsive-spacer responsive-spacer-d31fffbb-95c7-4915-af51-84891334cfee\"><style>@media (max-width: 781px) {\n          .responsive-spacer-d31fffbb-95c7-4915-af51-84891334cfee {\n            height: 3rem !important;\n          }\n        }<\/style><\/div>\n\n\n\n<div class=\"wp-block-columns are-vertically-aligned-center reversed-on-mobile is-layout-flex wp-container-core-columns-is-layout-e6cf0ad5 wp-block-columns-is-layout-flex\" style=\"padding-right:5%;padding-left:5%\">\n<div class=\"wp-block-column is-vertically-aligned-center is-layout-flow wp-block-column-is-layout-flow\" style=\"flex-basis:50%\">\n<h3 class=\"wp-block-heading has-text-align-left has-dark-gray-color has-text-color has-link-color has-header-font-family has-large-font-size wp-elements-6d2525f4e06efd51afb4931d156494d3\" style=\"margin-top:0.3em;margin-bottom:1em;line-height:1.3\">Nampa Hoy<\/h3>\n\n\n\n<p class=\"has-dark-gray-color has-text-color has-link-color has-body-font-family wp-elements-12f1f1d215e94a823d9b13769ad631e3\" style=\"line-height:1.5\">La agricultura ha sido y sigue siendo un elemento clave de la econom\u00eda de Nampa. Gracias al cultivo, las empresas agr\u00edcolas han crecido en Nampa. Actualmente, Nampa es la sede de la Azucarera Amalgamated, la f\u00e1brica de queso Sorrento Lactalis y muchas otras.<\/p>\n\n\n\n<p class=\"has-dark-gray-color has-text-color has-link-color has-body-font-family wp-elements-df9126beaf6c2cc30c0751db19749737\" style=\"line-height:1.5\">Aunque el servicio de trenes de pasajeros se interrumpi\u00f3 en Idaho en 1997 por falta de financiaci\u00f3n y de uso, Nampa sigue siendo una parte importante de las operaciones de la l\u00ednea principal de Union Pacific, tanto ahora como en un futuro previsible.<\/p>\n<\/div>\n\n\n\n<div class=\"wp-block-column is-vertically-aligned-center is-layout-flow wp-block-column-is-layout-flow\" style=\"flex-basis:50%\">\n<figure class=\"wp-block-image size-full has-custom-border is-style-default\"><img loading=\"lazy\" decoding=\"async\" width=\"1200\" height=\"798\" src=\"https:\/\/visitnampa.org\/wp-content\/uploads\/2024\/09\/grapes4699.jpg\" alt=\"A vineyard in Nampa, Idaho.\" class=\"wp-image-845\" style=\"border-radius:20px\" title=\"\" srcset=\"https:\/\/visitnampa.org\/wp-content\/uploads\/2024\/09\/grapes4699.jpg 1200w, https:\/\/visitnampa.org\/wp-content\/uploads\/2024\/09\/grapes4699-300x200.jpg 300w, https:\/\/visitnampa.org\/wp-content\/uploads\/2024\/09\/grapes4699-1024x681.jpg 1024w, https:\/\/visitnampa.org\/wp-content\/uploads\/2024\/09\/grapes4699-768x511.jpg 768w\" sizes=\"auto, (max-width: 1200px) 100vw, 1200px\" \/><\/figure>\n<\/div>\n<\/div>\n\n\n\n<div style=\"height:7rem\" class=\"wp-block-madden-theme-responsive-spacer responsive-spacer-5c69c87b-87a4-484b-951c-0c314567eca2\"><style>@media (max-width: 781px) {\n          .responsive-spacer-5c69c87b-87a4-484b-951c-0c314567eca2 {\n            height: 5rem !important;\n          }\n        }<\/style><\/div>","protected":false},"excerpt":{"rendered":"<p>De ayer a hoy, Nampa cumple 130 a\u00f1os.<\/p>","protected":false},"author":1,"featured_media":462,"parent":523,"menu_order":0,"comment_status":"closed","ping_status":"closed","template":"","meta":{"_acf_changed":false,"footnotes":""},"class_list":["post-525","page","type-page","status-publish","has-post-thumbnail","hentry"],"acf":[],"_links":{"self":[{"href":"https:\/\/visitnampa.org\/es\/wp-json\/wp\/v2\/pages\/525","targetHints":{"allow":["GET"]}}],"collection":[{"href":"https:\/\/visitnampa.org\/es\/wp-json\/wp\/v2\/pages"}],"about":[{"href":"https:\/\/visitnampa.org\/es\/wp-json\/wp\/v2\/types\/page"}],"author":[{"embeddable":true,"href":"https:\/\/visitnampa.org\/es\/wp-json\/wp\/v2\/users\/1"}],"replies":[{"embeddable":true,"href":"https:\/\/visitnampa.org\/es\/wp-json\/wp\/v2\/comments?post=525"}],"version-history":[{"count":38,"href":"https:\/\/visitnampa.org\/es\/wp-json\/wp\/v2\/pages\/525\/revisions"}],"predecessor-version":[{"id":2347,"href":"https:\/\/visitnampa.org\/es\/wp-json\/wp\/v2\/pages\/525\/revisions\/2347"}],"up":[{"embeddable":true,"href":"https:\/\/visitnampa.org\/es\/wp-json\/wp\/v2\/pages\/523"}],"wp:featuredmedia":[{"embeddable":true,"href":"https:\/\/visitnampa.org\/es\/wp-json\/wp\/v2\/media\/462"}],"wp:attachment":[{"href":"https:\/\/visitnampa.org\/es\/wp-json\/wp\/v2\/media?parent=525"}],"curies":[{"name":"wp","href":"https:\/\/api.w.org\/{rel}","templated":true}]}}