{"id":523,"date":"2024-09-09T19:25:40","date_gmt":"2024-09-09T19:25:40","guid":{"rendered":"https:\/\/main-bvxea6i-bk2pfxr7z6ke6.us-3.platformsh.site\/about\/"},"modified":"2025-01-08T21:51:00","modified_gmt":"2025-01-08T21:51:00","slug":"about","status":"publish","type":"page","link":"https:\/\/visitnampa.org\/es\/about\/","title":{"rendered":"Acerca de"},"content":{"rendered":"<div class=\"wp-block-group alignfull is-layout-flow wp-block-group-is-layout-flow\" style=\"min-height:0px;margin-top:0px;margin-bottom:0px\">\n<div class=\"wp-block-cover alignfull cover-w-caption is-style-page-title\"><span aria-hidden=\"true\" class=\"wp-block-cover__background has-black-background-color has-background-dim-30 has-background-dim\"><\/span><img loading=\"lazy\" decoding=\"async\" width=\"1365\" height=\"2048\" src=\"https:\/\/visitnampa.org\/wp-content\/uploads\/2024\/09\/wall-street.jpg\" class=\"wp-block-cover__image-background wp-post-image\" alt=\"Downtown Nampa.\" data-object-fit=\"cover\" srcset=\"https:\/\/visitnampa.org\/wp-content\/uploads\/2024\/09\/wall-street.jpg 1365w, https:\/\/visitnampa.org\/wp-content\/uploads\/2024\/09\/wall-street-200x300.jpg 200w, https:\/\/visitnampa.org\/wp-content\/uploads\/2024\/09\/wall-street-683x1024.jpg 683w, https:\/\/visitnampa.org\/wp-content\/uploads\/2024\/09\/wall-street-768x1152.jpg 768w, https:\/\/visitnampa.org\/wp-content\/uploads\/2024\/09\/wall-street-1024x1536.jpg 1024w\" sizes=\"auto, (max-width: 1365px) 100vw, 1365px\" title=\"\"><div class=\"wp-block-cover__inner-container is-layout-flow wp-block-cover-is-layout-flow\">\n<div class=\"wp-block-group is-layout-flow wp-block-group-is-layout-flow\" style=\"margin-top:0;margin-bottom:0\">\n<h1 class=\"wp-block-heading has-text-align-center has-white-color has-text-color has-link-color main-column-auto wp-elements-3fd0041e12d50dee21bc8f5bcb1a53b7\" style=\"margin-top:0;margin-bottom:0\">Acerca de<\/h1>\n\n\n\n<div style=\"height:1rem\" class=\"wp-block-madden-theme-responsive-spacer responsive-spacer-efe34bdd-33be-4840-9bd0-f5094c11cee8\"><style>@media (max-width: 781px) {\n          .responsive-spacer-efe34bdd-33be-4840-9bd0-f5094c11cee8 {\n            height: 1rem !important;\n          }\n        }<\/style><\/div>\n\n\n\n<p class=\"has-text-align-center has-white-color has-text-color has-link-color main-column-auto wp-elements-ed3b98973e985b1956ee45bb2e130fba\" style=\"margin-top:0;margin-bottom:0;font-style:normal;font-weight:700;max-width:45rem\">Visit Nampa est\u00e1 aqu\u00ed para hablar de todas las cosas de Nampa. Estamos aqu\u00ed para promover todo lo relacionado con Nampa que los que vivimos aqu\u00ed ya conocemos.<\/p>\n<\/div>\n\n\n\n<div class=\"wp-block-group is-layout-flow wp-block-group-is-layout-flow\" style=\"margin-top:0;margin-bottom:0\">\n<div style=\"height:4rem\" class=\"wp-block-madden-theme-responsive-spacer responsive-spacer-68690ff7-8011-43ec-8bbd-63e946076273\"><style>@media (max-width: 781px) {\n          .responsive-spacer-68690ff7-8011-43ec-8bbd-63e946076273 {\n            height: 3rem !important;\n          }\n        }<\/style><\/div>\n\n\n\n<p class=\"message-icon caption caption-left center-on-mobile has-white-color has-text-color has-link-color has-small-font-size main-column-auto wp-elements-9e1e8a11c596f788c6144b205d487fce\" style=\"margin-top:0;margin-bottom:0;max-width:80rem\"><a href=\"\/es\/events\/\" data-type=\"page\" data-id=\"21\"><strong>Echa un vistazo a lo que est\u00e1 ocurriendo ahora en Nampa.<\/strong><\/a><\/p>\n<\/div>\n<\/div><\/div>\n\n\n\n<div class=\"wp-block-group alignfull is-layout-flow wp-block-group-is-layout-flow\" style=\"margin-top:0px;margin-bottom:-7rem\">\n<figure class=\"wp-block-image alignfull size-full\"><img decoding=\"async\" src=\"https:\/\/visitnampa.org\/wp-content\/uploads\/2024\/09\/accent_section_swoop.svg\" alt=\"\" class=\"wp-image-187\" title=\"\"><\/figure>\n<\/div>\n\n\n\n<div class=\"wp-block-group is-layout-flow wp-block-group-is-layout-flow\" style=\"position:relative;z-index:1\">\n<div style=\"height:1rem\" class=\"wp-block-madden-theme-responsive-spacer responsive-spacer-ec5f9f9b-ebd7-4b3b-aea4-45e515bb2ac6\"><style>@media (max-width: 781px) {\n          .responsive-spacer-ec5f9f9b-ebd7-4b3b-aea4-45e515bb2ac6 {\n            height: 1rem !important;\n          }\n        }<\/style><\/div>\n\n\n\n<div class=\"wp-block-group main-column-auto is-layout-flow wp-block-group-is-layout-flow\" style=\"margin-top:0;margin-bottom:0;max-width:80rem\"><div style=\"font-style:normal;font-weight:700; margin-top:0;margin-bottom:0;\" class=\"align wp-elements-78b1d75908f1aa542f6e5fbce05780ce wp-block-madden-theme-breadcrumbs has-text-color has-light-gray-color has-small-font-size has-body-font-family\"><nav aria-label=\"pan rallado\" class=\"rank-math-breadcrumb\"><p><span class=\"last\">Inicio<\/span><\/p><\/nav><\/div><\/div>\n\n\n\n<div style=\"height:1rem\" class=\"wp-block-madden-theme-responsive-spacer responsive-spacer-4a6d8024-f49c-4920-be63-fdcb17c19263\"><style>@media (max-width: 781px) {\n          .responsive-spacer-4a6d8024-f49c-4920-be63-fdcb17c19263 {\n            height: 1rem !important;\n          }\n        }<\/style><\/div>\n\n\n\n<p class=\"has-text-align-center has-light-gray-color has-text-color has-link-color main-column-auto wp-elements-db6efad91fd51e684e86feb7c51f80c8\" style=\"margin-top:0;margin-bottom:0;font-style:normal;font-weight:700\">Nampa, una comunidad \u00fanica en el Valle del Tesoro<\/p>\n\n\n\n<div style=\"height:1.5rem\" class=\"wp-block-madden-theme-responsive-spacer responsive-spacer-143076c2-34b1-4488-bc9e-2a4e7584b2d4\"><style>@media (max-width: 781px) {\n          .responsive-spacer-143076c2-34b1-4488-bc9e-2a4e7584b2d4 {\n            height: 1.5rem !important;\n          }\n        }<\/style><\/div>\n\n\n\n<hr class=\"wp-block-separator has-alpha-channel-opacity is-style-multi-color is-style-multi-color-dark\" style=\"margin-top:0;margin-bottom:0\"\/>\n\n\n\n<div style=\"height:1rem\" class=\"wp-block-madden-theme-responsive-spacer responsive-spacer-ebaefcc8-d5ee-4b06-9259-c7754c41d3b1\"><style>@media (max-width: 781px) {\n          .responsive-spacer-ebaefcc8-d5ee-4b06-9259-c7754c41d3b1 {\n            height: 1rem !important;\n          }\n        }<\/style><\/div>\n\n\n\n<h2 class=\"wp-block-heading has-text-align-center main-column-auto\" style=\"margin-top:0;margin-bottom:0\">Nampa es nuestro tema favorito<\/h2>\n\n\n\n<div style=\"height:1rem\" class=\"wp-block-madden-theme-responsive-spacer responsive-spacer-edfc507b-40f6-46ab-bd76-a9f6bb8cb341\"><style>@media (max-width: 781px) {\n          .responsive-spacer-edfc507b-40f6-46ab-bd76-a9f6bb8cb341 {\n            height: 1rem !important;\n          }\n        }<\/style><\/div>\n\n\n\n<p class=\"has-text-align-center main-column-auto\" style=\"margin-top:0;margin-bottom:0;max-width:52rem\">Nampa tiene la suerte de encontrarse en el suroeste de Idaho, con un rico paisaje de profundas ra\u00edces agr\u00edcolas, sede de acontecimientos deportivos regionales y nacionales, incre\u00edbles amaneceres y atardeceres e infinitas oportunidades de ocio.<\/p>\n<\/div>\n<\/div>\n\n\n\n<div style=\"height:4rem\" class=\"wp-block-madden-theme-responsive-spacer responsive-spacer-ed81d0ad-acc3-4667-992a-fadbc54f9123\"><style>@media (max-width: 781px) {\n          .responsive-spacer-ed81d0ad-acc3-4667-992a-fadbc54f9123 {\n            height: 3rem !important;\n          }\n        }<\/style><\/div>\n\n\n\n<div class=\"wp-block-columns main-column-auto is-layout-flex wp-container-core-columns-is-layout-e2dfe097 wp-block-columns-is-layout-flex\" style=\"max-width:70rem\">\n<div class=\"wp-block-column is-layout-flow wp-block-column-is-layout-flow\">\n<div class=\"style-stacked align wp-block-madden-theme-single-post\" >\n\t<div class=\"wp-block-madden-theme-single-post__wrapper\">\n\t\t<a href=\"https:\/\/visitnampa.org\/es\/about\/history-vision\/\">\n\t\t\t<img loading=\"lazy\" decoding=\"async\" width=\"1024\" height=\"683\" src=\"https:\/\/visitnampa.org\/wp-content\/uploads\/2024\/09\/hs130196_eng-1024x683.jpg\" class=\"attachment-large size-large\" alt=\"A farmer overlooking his crops in Nampa, Idaho.\" srcset=\"https:\/\/visitnampa.org\/wp-content\/uploads\/2024\/09\/hs130196_eng-1024x683.jpg 1024w, https:\/\/visitnampa.org\/wp-content\/uploads\/2024\/09\/hs130196_eng-300x200.jpg 300w, https:\/\/visitnampa.org\/wp-content\/uploads\/2024\/09\/hs130196_eng-768x512.jpg 768w, https:\/\/visitnampa.org\/wp-content\/uploads\/2024\/09\/hs130196_eng-1536x1024.jpg 1536w, https:\/\/visitnampa.org\/wp-content\/uploads\/2024\/09\/hs130196_eng-scaled.jpg 2048w\" sizes=\"auto, (max-width: 1024px) 100vw, 1024px\" title=\"\">\t\t<\/a>\n\n\t\t\t\t\t<strong class=\"secondary-header\">\n\t\t\t\tHistoria de Nampa\t\t\t<\/strong>\n\t\t\n\t\t<h2 class=\"wp-block-madden-theme-single-post__title\">\n\t\t\t<a href=\"https:\/\/visitnampa.org\/es\/about\/history-vision\/\">\n\t\t\t\tHistoria y visi\u00f3n\t\t\t<\/a>\n\t\t<\/h2>\n\n\t\t\t\t\t<p class=\"excerpt\">\n\t\t\t\tDe ayer a hoy, Nampa cumple 130 a\u00f1os.\t\t\t<\/p>\n\t\t\n\t\t\t\t\t<a class=\"wp-block-read-more has-text-color has-white-color has-background has-light-blue-background-color has-body-font-family\" href=\"https:\/\/visitnampa.org\/es\/about\/history-vision\/\" target=\"_self\">Ver m\u00e1s<span class=\"screen-reader-text\">: Historia y visi\u00f3n<\/span><\/a>\n\t\t\n\t<\/div>\n<\/div>\n\n<\/div>\n\n\n\n<div class=\"wp-block-column is-layout-flow wp-block-column-is-layout-flow\">\n<div class=\"style-stacked align wp-block-madden-theme-single-post\" >\n\t<div class=\"wp-block-madden-theme-single-post__wrapper\">\n\t\t<a href=\"https:\/\/visitnampa.org\/es\/about\/mayors-message\/\">\n\t\t\t<img loading=\"lazy\" decoding=\"async\" width=\"570\" height=\"322\" src=\"https:\/\/visitnampa.org\/wp-content\/uploads\/2024\/09\/lavender-fest-9430.jpg\" class=\"attachment-large size-large\" alt=\"A girl in a lavender field at Nampa&#039;s lavender festival.\" srcset=\"https:\/\/visitnampa.org\/wp-content\/uploads\/2024\/09\/lavender-fest-9430.jpg 570w, https:\/\/visitnampa.org\/wp-content\/uploads\/2024\/09\/lavender-fest-9430-300x169.jpg 300w\" sizes=\"auto, (max-width: 570px) 100vw, 570px\" title=\"\">\t\t<\/a>\n\n\t\t\t\t\t<strong class=\"secondary-header\">\n\t\t\t\tDel Gabinete del Alcalde\t\t\t<\/strong>\n\t\t\n\t\t<h2 class=\"wp-block-madden-theme-single-post__title\">\n\t\t\t<a href=\"https:\/\/visitnampa.org\/es\/about\/mayors-message\/\">\n\t\t\t\tMensaje del Alcalde\t\t\t<\/a>\n\t\t<\/h2>\n\n\t\t\t\t\t<p class=\"excerpt\">\n\t\t\t\tLa alcaldesa Debbie Kling le da la bienvenida a Nampa.\t\t\t<\/p>\n\t\t\n\t\t\t\t\t<a class=\"wp-block-read-more has-text-color has-white-color has-background has-light-blue-background-color has-body-font-family\" href=\"https:\/\/visitnampa.org\/es\/about\/mayors-message\/\" target=\"_self\">Ver m\u00e1s<span class=\"screen-reader-text\">: Mensaje del Alcalde<\/span><\/a>\n\t\t\n\t<\/div>\n<\/div>\n\n<\/div>\n<\/div>\n\n\n\n<div style=\"height:7rem\" class=\"wp-block-madden-theme-responsive-spacer responsive-spacer-d90e35a5-e905-428c-8f8f-2fcc6da79f8b\"><style>@media (max-width: 781px) {\n          .responsive-spacer-d90e35a5-e905-428c-8f8f-2fcc6da79f8b {\n            height: 5rem !important;\n          }\n        }<\/style><\/div>","protected":false},"excerpt":{"rendered":"<p>Nampa una comunidad \u00fanica en Treasure Valley Nampa es nuestro tema favorito Nampa tiene la bendici\u00f3n de estar en el suroeste de Idaho con un rico paisaje maduro con profundas ra\u00edces agr\u00edcolas, sede de eventos deportivos regionales y nacionales, incre\u00edbles amaneceres y puestas de sol, y un sinf\u00edn de oportunidades para la recreaci\u00f3n.<\/p>","protected":false},"author":1,"featured_media":455,"parent":0,"menu_order":0,"comment_status":"closed","ping_status":"closed","template":"","meta":{"_acf_changed":false,"footnotes":""},"class_list":["post-523","page","type-page","status-publish","has-post-thumbnail","hentry"],"acf":[],"_links":{"self":[{"href":"https:\/\/visitnampa.org\/es\/wp-json\/wp\/v2\/pages\/523","targetHints":{"allow":["GET"]}}],"collection":[{"href":"https:\/\/visitnampa.org\/es\/wp-json\/wp\/v2\/pages"}],"about":[{"href":"https:\/\/visitnampa.org\/es\/wp-json\/wp\/v2\/types\/page"}],"author":[{"embeddable":true,"href":"https:\/\/visitnampa.org\/es\/wp-json\/wp\/v2\/users\/1"}],"replies":[{"embeddable":true,"href":"https:\/\/visitnampa.org\/es\/wp-json\/wp\/v2\/comments?post=523"}],"version-history":[{"count":14,"href":"https:\/\/visitnampa.org\/es\/wp-json\/wp\/v2\/pages\/523\/revisions"}],"predecessor-version":[{"id":2025,"href":"https:\/\/visitnampa.org\/es\/wp-json\/wp\/v2\/pages\/523\/revisions\/2025"}],"wp:featuredmedia":[{"embeddable":true,"href":"https:\/\/visitnampa.org\/es\/wp-json\/wp\/v2\/media\/455"}],"wp:attachment":[{"href":"https:\/\/visitnampa.org\/es\/wp-json\/wp\/v2\/media?parent=523"}],"curies":[{"name":"wp","href":"https:\/\/api.w.org\/{rel}","templated":true}]}}