{"id":513,"date":"2024-09-09T19:25:40","date_gmt":"2024-09-09T19:25:40","guid":{"rendered":"https:\/\/main-bvxea6i-bk2pfxr7z6ke6.us-3.platformsh.site\/digital-map\/"},"modified":"2024-10-18T21:21:41","modified_gmt":"2024-10-18T21:21:41","slug":"digital-map","status":"publish","type":"page","link":"https:\/\/visitnampa.org\/es\/resources\/digital-map\/","title":{"rendered":"Mapa digital"},"content":{"rendered":"<div class=\"wp-block-group alignfull is-layout-flow wp-block-group-is-layout-flow\" style=\"min-height:0px;margin-top:0px;margin-bottom:0px\">\n<div class=\"wp-block-cover alignfull cover-w-caption is-style-page-title\"><span aria-hidden=\"true\" class=\"wp-block-cover__background has-black-background-color has-background-dim-30 has-background-dim\"><\/span><img loading=\"lazy\" decoding=\"async\" width=\"570\" height=\"322\" src=\"https:\/\/visitnampa.org\/wp-content\/uploads\/2024\/09\/lavender-fest-9430.jpg\" class=\"wp-block-cover__image-background wp-post-image\" alt=\"A girl in a lavender field at Nampa&#039;s lavender festival.\" data-object-fit=\"cover\" srcset=\"https:\/\/visitnampa.org\/wp-content\/uploads\/2024\/09\/lavender-fest-9430.jpg 570w, https:\/\/visitnampa.org\/wp-content\/uploads\/2024\/09\/lavender-fest-9430-300x169.jpg 300w\" sizes=\"auto, (max-width: 570px) 100vw, 570px\" title=\"\"><div class=\"wp-block-cover__inner-container is-layout-flow wp-block-cover-is-layout-flow\">\n<div class=\"wp-block-group is-layout-flow wp-block-group-is-layout-flow\" style=\"margin-top:0;margin-bottom:0\">\n<h1 class=\"wp-block-heading has-text-align-center has-white-color has-text-color has-link-color main-column-auto wp-elements-7399d084bbb05df2d697715bbb3c4f93\" style=\"margin-top:0;margin-bottom:0\">Mapa digital<\/h1>\n\n\n\n<div style=\"height:1rem\" class=\"wp-block-madden-theme-responsive-spacer responsive-spacer-8e24067a-5380-4e89-b540-7555a6eadae3\"><style>@media (max-width: 781px) {\n          .responsive-spacer-8e24067a-5380-4e89-b540-7555a6eadae3 {\n            height: 1rem !important;\n          }\n        }<\/style><\/div>\n\n\n\n<p class=\"has-text-align-center has-white-color has-text-color has-link-color main-column-auto wp-elements-b6605ce0f84ce49df625254f204b0eb2\" style=\"margin-top:0;margin-bottom:0;font-style:normal;font-weight:700;max-width:45rem\">Cuando visites Nampa, tenemos un gran recurso para ti que te ayudar\u00e1 a moverte por Nampa y explorar todos estos lugares: \u00a1un mapa digital!<\/p>\n<\/div>\n\n\n\n<div class=\"wp-block-group is-layout-flow wp-block-group-is-layout-flow\" style=\"margin-top:0;margin-bottom:0\">\n<div style=\"height:4rem\" class=\"wp-block-madden-theme-responsive-spacer responsive-spacer-63771545-f3b8-486d-80c4-67f333687bbc\"><style>@media (max-width: 781px) {\n          .responsive-spacer-63771545-f3b8-486d-80c4-67f333687bbc {\n            height: 3rem !important;\n          }\n        }<\/style><\/div>\n\n\n\n<p class=\"message-icon caption caption-left center-on-mobile has-white-color has-text-color has-link-color has-small-font-size main-column-auto wp-elements-9e1e8a11c596f788c6144b205d487fce\" style=\"margin-top:0;margin-bottom:0;max-width:80rem\"><a href=\"\/es\/events\/\" data-type=\"page\" data-id=\"21\"><strong>Echa un vistazo a lo que est\u00e1 ocurriendo ahora en Nampa.<\/strong><\/a><\/p>\n<\/div>\n<\/div><\/div>\n\n\n\n<div class=\"wp-block-group alignfull is-layout-flow wp-block-group-is-layout-flow\" style=\"margin-top:0px;margin-bottom:-7rem\">\n<figure class=\"wp-block-image alignfull size-full\"><img decoding=\"async\" src=\"https:\/\/visitnampa.org\/wp-content\/uploads\/2024\/09\/accent_section_swoop.svg\" alt=\"\" class=\"wp-image-187\" title=\"\"><\/figure>\n<\/div>\n\n\n\n<div class=\"wp-block-group is-layout-flow wp-block-group-is-layout-flow\" style=\"position:relative;z-index:1\">\n<div style=\"height:1rem\" class=\"wp-block-madden-theme-responsive-spacer responsive-spacer-d91e935d-722f-4352-9529-c1dd4d12d4ff\"><style>@media (max-width: 781px) {\n          .responsive-spacer-d91e935d-722f-4352-9529-c1dd4d12d4ff {\n            height: 1rem !important;\n          }\n        }<\/style><\/div>\n\n\n\n<div class=\"wp-block-group main-column-auto is-layout-flow wp-block-group-is-layout-flow\" style=\"margin-top:0;margin-bottom:0\"><div style=\"font-style:normal;font-weight:700; margin-top:0;margin-bottom:0;\" class=\"align wp-elements-78b1d75908f1aa542f6e5fbce05780ce wp-block-madden-theme-breadcrumbs has-text-color has-light-gray-color has-small-font-size has-body-font-family\"><nav aria-label=\"pan rallado\" class=\"rank-math-breadcrumb\"><p><span class=\"last\">Inicio<\/span><\/p><\/nav><\/div><\/div>\n\n\n\n<div style=\"height:1rem\" class=\"wp-block-madden-theme-responsive-spacer responsive-spacer-2fb9cd5f-a525-4c32-899b-87a154f1381c\"><style>@media (max-width: 781px) {\n          .responsive-spacer-2fb9cd5f-a525-4c32-899b-87a154f1381c {\n            height: 1rem !important;\n          }\n        }<\/style><\/div>\n\n\n\n<p class=\"has-text-align-center has-light-gray-color has-text-color has-link-color main-column-auto wp-elements-a3d4c7197f6df33154700e76bb6923c3\" style=\"margin-top:0;margin-bottom:0;font-style:normal;font-weight:700\">Scroll &amp; Click - Es Digital<\/p>\n\n\n\n<div style=\"height:1.5rem\" class=\"wp-block-madden-theme-responsive-spacer responsive-spacer-7d40ca73-10b3-4bcf-a45b-fa2df3346c46\"><style>@media (max-width: 781px) {\n          .responsive-spacer-7d40ca73-10b3-4bcf-a45b-fa2df3346c46 {\n            height: 1.5rem !important;\n          }\n        }<\/style><\/div>\n\n\n\n<hr class=\"wp-block-separator has-alpha-channel-opacity is-style-multi-color is-style-multi-color-dark\" style=\"margin-top:0;margin-bottom:0\"\/>\n\n\n\n<div style=\"height:1rem\" class=\"wp-block-madden-theme-responsive-spacer responsive-spacer-8406b170-a516-49d0-9436-ef22add769f2\"><style>@media (max-width: 781px) {\n          .responsive-spacer-8406b170-a516-49d0-9436-ef22add769f2 {\n            height: 1rem !important;\n          }\n        }<\/style><\/div>\n\n\n\n<h2 class=\"wp-block-heading has-text-align-center main-column-auto\" style=\"margin-top:0;margin-bottom:0\">Mapa de la zona de Nampa<\/h2>\n\n\n\n<div style=\"height:1rem\" class=\"wp-block-madden-theme-responsive-spacer responsive-spacer-8de6ec72-0510-42aa-8350-ce0f87723e6f\"><style>@media (max-width: 781px) {\n          .responsive-spacer-8de6ec72-0510-42aa-8350-ce0f87723e6f {\n            height: 1rem !important;\n          }\n        }<\/style><\/div>\n\n\n\n<p class=\"has-text-align-center main-column-auto\" style=\"margin-top:0;margin-bottom:0;max-width:45rem\">Puedes hacer m\u00e1s viajes para explorar Nampa a trav\u00e9s de nuestro mapa digital y encontrar d\u00f3nde quieres ir despu\u00e9s. \u00a1Te mantendr\u00e1 con ganas de volver por m\u00e1s!<\/p>\n<\/div>\n<\/div>\n\n\n\n<div style=\"height:4rem\" class=\"wp-block-madden-theme-responsive-spacer responsive-spacer-c4ccda65-1405-4dd3-bfde-6a8d882db7b2\"><style>@media (max-width: 781px) {\n          .responsive-spacer-c4ccda65-1405-4dd3-bfde-6a8d882db7b2 {\n            height: 3rem !important;\n          }\n        }<\/style><\/div>\n\n\n\n<div class=\"wp-block-group main-column-auto is-layout-flow wp-block-group-is-layout-flow\" style=\"margin-top:0;margin-bottom:0\">\n<div class=\"wp-block-madden-theme-leaflet-map\">\n\t<div id=\"map\" data-icon-color=\"#134171\" data-posttype=\"listings\" data-start-lat=\"43.5788175\"  data-start-long=\"-116.55978\" data-lat-field=\"latitude\"  data-long-field=\"longitude\" data-fieldtype=\"acf\"><\/div>\n<\/div><\/div>\n\n\n\n<div style=\"height:4rem\" class=\"wp-block-madden-theme-responsive-spacer responsive-spacer-6521457c-ba08-43ad-8031-9621ce4847ec\"><style>@media (max-width: 781px) {\n          .responsive-spacer-6521457c-ba08-43ad-8031-9621ce4847ec {\n            height: 3rem !important;\n          }\n        }<\/style><\/div>\n\n\n\n<div class=\"wp-block-columns main-column-auto is-layout-flex wp-container-core-columns-is-layout-ee29a49c wp-block-columns-is-layout-flex\" style=\"max-width:75rem\">\n<div class=\"wp-block-column is-layout-flow wp-block-column-is-layout-flow\">\n<h3 class=\"wp-block-heading has-header-font-family\" style=\"margin-top:0;margin-bottom:0\">Arte y cultura<\/h3>\n\n\n\n<ul style=\"margin-top:0;margin-right:0;margin-bottom:0;margin-left:0;padding-top:var(--wp--preset--spacing--30);padding-right:0;padding-bottom:0;padding-left:var(--wp--preset--spacing--30)\" class=\"wp-block-list has-dark-gray-color has-text-color has-link-color wp-elements-72831dfd4a6ad24e7de7f30f50103799\">\n<li><a href=\"\/es\/business-listings\/college-of-western-idaho\/\">Universidad de Idaho Occidental<\/a><\/li>\n\n\n\n<li><a href=\"\/es\/business-listings\/northwest-nazarene-university\/\">Universidad Nazarena del Noroeste<\/a><\/li>\n<\/ul>\n\n\n\n<div style=\"height:2rem\" class=\"wp-block-madden-theme-responsive-spacer responsive-spacer-714e40c1-ddc5-418d-bfbc-4af0d5f1713e\"><style>@media (max-width: 781px) {\n          .responsive-spacer-714e40c1-ddc5-418d-bfbc-4af0d5f1713e {\n            height: 2rem !important;\n          }\n        }<\/style><\/div>\n\n\n\n<h3 class=\"wp-block-heading has-header-font-family\" style=\"margin-top:0;margin-bottom:0\">Lugares de celebraci\u00f3n<\/h3>\n\n\n\n<ul style=\"margin-top:0;margin-right:0;margin-bottom:0;margin-left:0;padding-top:var(--wp--preset--spacing--30);padding-right:0;padding-bottom:0;padding-left:var(--wp--preset--spacing--30)\" class=\"wp-block-list has-dark-gray-color has-text-color has-link-color wp-elements-060fa301155a85c432fc8d29a23c432f\">\n<li><a href=\"\/es\/business-listings\/the-brick-office\/\">La oficina de Brick<\/a><\/li>\n<\/ul>\n\n\n\n<div style=\"height:2rem\" class=\"wp-block-madden-theme-responsive-spacer responsive-spacer-0fb9d7bd-656b-4f99-b312-664373703419\"><style>@media (max-width: 781px) {\n          .responsive-spacer-0fb9d7bd-656b-4f99-b312-664373703419 {\n            height: 2rem !important;\n          }\n        }<\/style><\/div>\n\n\n\n<h3 class=\"wp-block-heading has-header-font-family\" style=\"margin-top:0;margin-bottom:0\">Entretenimiento familiar<\/h3>\n\n\n\n<ul style=\"margin-top:0;margin-right:0;margin-bottom:0;margin-left:0;padding-top:var(--wp--preset--spacing--30);padding-right:0;padding-bottom:0;padding-left:var(--wp--preset--spacing--30)\" class=\"wp-block-list has-dark-gray-color has-text-color has-link-color wp-elements-59e66f56678fa3814f9cd2f573f6ea16\">\n<li><a href=\"\/es\/business-listings\/ford-idaho-center\/\">Centro Ford Idaho<\/a><\/li>\n\n\n\n<li><a href=\"\/es\/business-listings\/nampa-civic-center\/\">Centro C\u00edvico de Nampa<\/a><\/li>\n<\/ul>\n\n\n\n<div style=\"height:2rem\" class=\"wp-block-madden-theme-responsive-spacer responsive-spacer-3c952e64-b9fd-4297-ab95-f1f6e657ed87\"><style>@media (max-width: 781px) {\n          .responsive-spacer-3c952e64-b9fd-4297-ab95-f1f6e657ed87 {\n            height: 2rem !important;\n          }\n        }<\/style><\/div>\n\n\n\n<h3 class=\"wp-block-heading has-header-font-family\" style=\"margin-top:0;margin-bottom:0\">Alimentaci\u00f3n<\/h3>\n\n\n\n<ul style=\"margin-top:0;margin-right:0;margin-bottom:0;margin-left:0;padding-top:var(--wp--preset--spacing--30);padding-right:0;padding-bottom:0;padding-left:var(--wp--preset--spacing--30)\" class=\"wp-block-list has-dark-gray-color has-text-color has-link-color wp-elements-59b2cc0c8bf185093a6854358c1134a7\">\n<li><a href=\"\/es\/business-listings\/2c-family-brewing-company\/\">2C Family Brewing Company<\/a><\/li>\n\n\n\n<li><a href=\"\/es\/business-listings\/huston-vineyards\/\">Vi\u00f1edos Huston<\/a><\/li>\n\n\n\n<li><a href=\"\/es\/business-listings\/mother-earth-brew-co\/\">Mother Earth Brew Co.<\/a><\/li>\n\n\n\n<li><a href=\"\/es\/business-listings\/parma-ridge-winery\/\">Bodega Parma Ridge<\/a><\/li>\n\n\n\n<li><a href=\"\/es\/business-listings\/sawtooth-winery\/\">Bodega Sawtooth<\/a><\/li>\n<\/ul>\n<\/div>\n\n\n\n<div class=\"wp-block-column is-layout-flow wp-block-column-is-layout-flow\">\n<h3 class=\"wp-block-heading has-header-font-family\" style=\"margin-top:0;margin-bottom:0\">Hoteles<\/h3>\n\n\n\n<ul style=\"margin-top:0;margin-right:0;margin-bottom:0;margin-left:0;padding-top:var(--wp--preset--spacing--30);padding-right:0;padding-bottom:0;padding-left:var(--wp--preset--spacing--30)\" class=\"wp-block-list has-dark-gray-color has-text-color has-link-color wp-elements-69eb153b0388f73d1ce084e653b9661c\">\n<li><a href=\"\/es\/business-listings\/best-western-peppertree\/\">Best Western Peppertree<\/a><\/li>\n\n\n\n<li><a href=\"\/es\/business-listings\/everhome-suites-by-choice\/\">Everhome Suites by Choice<\/a><\/li>\n\n\n\n<li><a href=\"\/es\/business-listings\/fairfield-inn-suites\/\">Fairfield Inn &amp; Suites<\/a><\/li>\n\n\n\n<li><a href=\"\/es\/business-listings\/hampton-inn-suites\/\">Hampton Inn &amp; Suites<\/a><\/li>\n\n\n\n<li><a href=\"\/es\/business-listings\/holiday-inn-express-hotel-suites\/\">Holiday Inn Express Hotel &amp; Suites<\/a><\/li>\n\n\n\n<li><a href=\"\/es\/business-listings\/holiday-inn-nampa\/\">Holiday Inn Nampa<\/a><\/li>\n\n\n\n<li><a href=\"\/es\/business-listings\/my-place-hotel\/\">Hotel My Place<\/a><\/li>\n\n\n\n<li><a href=\"\/es\/business-listings\/shilo-inns-nampa\/\">Shilo Inns Nampa<\/a><\/li>\n<\/ul>\n\n\n\n<div style=\"height:2rem\" class=\"wp-block-madden-theme-responsive-spacer responsive-spacer-d945130b-640a-4b5f-b7c1-a3b287d2b275\"><style>@media (max-width: 781px) {\n          .responsive-spacer-d945130b-640a-4b5f-b7c1-a3b287d2b275 {\n            height: 2rem !important;\n          }\n        }<\/style><\/div>\n\n\n\n<h3 class=\"wp-block-heading has-header-font-family\" style=\"margin-top:0;margin-bottom:0\">Ocio en interiores<\/h3>\n\n\n\n<ul style=\"margin-top:0;margin-right:0;margin-bottom:0;margin-left:0;padding-top:var(--wp--preset--spacing--30);padding-right:0;padding-bottom:0;padding-left:var(--wp--preset--spacing--30)\" class=\"wp-block-list has-dark-gray-color has-text-color has-link-color wp-elements-c149ac0119b54349203d205e4f5e9ddb\">\n<li><a href=\"\/es\/business-listings\/labyrinth-escape-games\/\">Juegos de escape del laberinto<\/a><\/li>\n\n\n\n<li><a href=\"\/es\/business-listings\/rollerdrome-inc\/\">Rollerdrome, Inc.<\/a><\/li>\n<\/ul>\n\n\n\n<div style=\"height:2rem\" class=\"wp-block-madden-theme-responsive-spacer responsive-spacer-60dc866a-4c67-4ad0-96a2-6927c21b68d1\"><style>@media (max-width: 781px) {\n          .responsive-spacer-60dc866a-4c67-4ad0-96a2-6927c21b68d1 {\n            height: 2rem !important;\n          }\n        }<\/style><\/div>\n\n\n\n<h3 class=\"wp-block-heading has-header-font-family\" style=\"margin-top:0;margin-bottom:0\">Museos y cultura<\/h3>\n\n\n\n<ul style=\"margin-top:0;margin-right:0;margin-bottom:0;margin-left:0;padding-top:var(--wp--preset--spacing--30);padding-right:0;padding-bottom:0;padding-left:var(--wp--preset--spacing--30)\" class=\"wp-block-list has-dark-gray-color has-text-color has-link-color wp-elements-af12080a81adb2bd45eee5dacbbec6a5\">\n<li><a href=\"\/es\/business-listings\/canyon-county-historical-society\/\">Sociedad Hist\u00f3rica del Condado de Canyon<\/a><\/li>\n\n\n\n<li><a href=\"\/es\/business-listings\/warhawk-air-museum\/\">Museo del Aire Warhawk<\/a><\/li>\n<\/ul>\n<\/div>\n\n\n\n<div class=\"wp-block-column is-layout-flow wp-block-column-is-layout-flow\">\n<h3 class=\"wp-block-heading has-header-font-family\" style=\"margin-top:0;margin-bottom:0\">Ocio al aire libre<\/h3>\n\n\n\n<ul style=\"margin-top:0;margin-right:0;margin-bottom:0;margin-left:0;padding-top:var(--wp--preset--spacing--30);padding-right:0;padding-bottom:0;padding-left:var(--wp--preset--spacing--30)\" class=\"wp-block-list has-dark-gray-color has-text-color has-link-color wp-elements-de01d646ae9d00e48da6b1cbb45761a4\">\n<li><a href=\"\/es\/business-listings\/centennial-golf-course\/\">Campo de golf Centennial<\/a><\/li>\n\n\n\n<li><a href=\"\/es\/business-listings\/lake-lowell-park\/\">Parque del lago Lowell<\/a><\/li>\n\n\n\n<li><a href=\"\/es\/business-listings\/lakeview-water-park\/\">Parque acu\u00e1tico Lakeview<\/a><\/li>\n\n\n\n<li><a href=\"\/es\/business-listings\/redhawk-golf-course\/\">Campo de golf RedHawk<\/a><\/li>\n\n\n\n<li><a href=\"\/es\/business-listings\/ridgecrest-golf-course\/\">Campo de golf Ridgecrest<\/a><\/li>\n\n\n\n<li><a href=\"\/es\/business-listings\/roaring-springs-water-park\/\">Parque acu\u00e1tico Roaring Springs<\/a><\/li>\n\n\n\n<li><a href=\"\/es\/business-listings\/wahooz-family-fun-zone\/\">Zona de diversi\u00f3n familiar Wahooz<\/a><\/li>\n<\/ul>\n\n\n\n<div style=\"height:2rem\" class=\"wp-block-madden-theme-responsive-spacer responsive-spacer-707d8b2e-f05a-4d32-84cf-f350beb93b76\"><style>@media (max-width: 781px) {\n          .responsive-spacer-707d8b2e-f05a-4d32-84cf-f350beb93b76 {\n            height: 2rem !important;\n          }\n        }<\/style><\/div>\n\n\n\n<h3 class=\"wp-block-heading has-header-font-family\" style=\"margin-top:0;margin-bottom:0\">Compras<\/h3>\n\n\n\n<ul style=\"margin-top:0;margin-right:0;margin-bottom:0;margin-left:0;padding-top:var(--wp--preset--spacing--30);padding-right:0;padding-bottom:0;padding-left:var(--wp--preset--spacing--30)\" class=\"wp-block-list has-dark-gray-color has-text-color has-link-color wp-elements-abd464be4a7ad98c8eae6d3ab97f2b45\">\n<li><a href=\"\/es\/business-listings\/treasure-valley-marketplace\/\">Mercado de Treasure Valley<\/a><\/li>\n<\/ul>\n\n\n\n<div style=\"height:2rem\" class=\"wp-block-madden-theme-responsive-spacer responsive-spacer-e9f82b10-4564-4016-8366-c3103ba8afda\"><style>@media (max-width: 781px) {\n          .responsive-spacer-e9f82b10-4564-4016-8366-c3103ba8afda {\n            height: 2rem !important;\n          }\n        }<\/style><\/div>\n\n\n\n<h3 class=\"wp-block-heading has-header-font-family\" style=\"margin-top:0;margin-bottom:0\">Eventos deportivos<\/h3>\n\n\n\n<ul style=\"margin-top:0;margin-right:0;margin-bottom:0;margin-left:0;padding-top:var(--wp--preset--spacing--30);padding-right:0;padding-bottom:0;padding-left:var(--wp--preset--spacing--30)\" class=\"wp-block-list has-dark-gray-color has-text-color has-link-color wp-elements-b3a4ffc8d34e877bd9e27278c668d64e\">\n<li><a href=\"\/es\/business-listings\/snake-river-stampede\/\">Estampida del r\u00edo Snake<\/a><\/li>\n<\/ul>\n<\/div>\n<\/div>\n\n\n\n<div style=\"height:7rem\" class=\"wp-block-madden-theme-responsive-spacer responsive-spacer-a075af5d-823e-47fa-b20f-eb6bf6c1c0f1\"><style>@media (max-width: 781px) {\n          .responsive-spacer-a075af5d-823e-47fa-b20f-eb6bf6c1c0f1 {\n            height: 5rem !important;\n          }\n        }<\/style><\/div>","protected":false},"excerpt":{"rendered":"<p>Cuando visites Nampa, tenemos un gran recurso para ti que te ayudar\u00e1 a moverte por Nampa y explorar todos estos lugares: \u00a1un mapa digital!<\/p>","protected":false},"author":1,"featured_media":251,"parent":507,"menu_order":0,"comment_status":"closed","ping_status":"closed","template":"","meta":{"_acf_changed":false,"footnotes":""},"class_list":["post-513","page","type-page","status-publish","has-post-thumbnail","hentry"],"acf":[],"_links":{"self":[{"href":"https:\/\/visitnampa.org\/es\/wp-json\/wp\/v2\/pages\/513","targetHints":{"allow":["GET"]}}],"collection":[{"href":"https:\/\/visitnampa.org\/es\/wp-json\/wp\/v2\/pages"}],"about":[{"href":"https:\/\/visitnampa.org\/es\/wp-json\/wp\/v2\/types\/page"}],"author":[{"embeddable":true,"href":"https:\/\/visitnampa.org\/es\/wp-json\/wp\/v2\/users\/1"}],"replies":[{"embeddable":true,"href":"https:\/\/visitnampa.org\/es\/wp-json\/wp\/v2\/comments?post=513"}],"version-history":[{"count":29,"href":"https:\/\/visitnampa.org\/es\/wp-json\/wp\/v2\/pages\/513\/revisions"}],"predecessor-version":[{"id":2056,"href":"https:\/\/visitnampa.org\/es\/wp-json\/wp\/v2\/pages\/513\/revisions\/2056"}],"up":[{"embeddable":true,"href":"https:\/\/visitnampa.org\/es\/wp-json\/wp\/v2\/pages\/507"}],"wp:featuredmedia":[{"embeddable":true,"href":"https:\/\/visitnampa.org\/es\/wp-json\/wp\/v2\/media\/251"}],"wp:attachment":[{"href":"https:\/\/visitnampa.org\/es\/wp-json\/wp\/v2\/media?parent=513"}],"curies":[{"name":"wp","href":"https:\/\/api.w.org\/{rel}","templated":true}]}}