{"id":512,"date":"2024-09-09T19:25:38","date_gmt":"2024-09-09T19:25:38","guid":{"rendered":"https:\/\/main-bvxea6i-bk2pfxr7z6ke6.us-3.platformsh.site\/craft-beer\/"},"modified":"2024-10-18T20:23:59","modified_gmt":"2024-10-18T20:23:59","slug":"craft-beer","status":"publish","type":"page","link":"https:\/\/visitnampa.org\/es\/resources\/craft-beer\/","title":{"rendered":"Cerveza artesanal"},"content":{"rendered":"<div class=\"wp-block-group alignfull is-layout-flow wp-block-group-is-layout-flow\" style=\"min-height:0px;margin-top:0px;margin-bottom:0px\">\n<div class=\"wp-block-cover alignfull cover-w-caption is-style-page-title\"><span aria-hidden=\"true\" class=\"wp-block-cover__background has-black-background-color has-background-dim-30 has-background-dim\"><\/span><img loading=\"lazy\" decoding=\"async\" width=\"1440\" height=\"1152\" src=\"https:\/\/visitnampa.org\/wp-content\/uploads\/2024\/09\/245180861_1244430982710563_288649986997885221_n.jpg\" class=\"wp-block-cover__image-background wp-post-image\" alt=\"\" data-object-fit=\"cover\" srcset=\"https:\/\/visitnampa.org\/wp-content\/uploads\/2024\/09\/245180861_1244430982710563_288649986997885221_n.jpg 1440w, https:\/\/visitnampa.org\/wp-content\/uploads\/2024\/09\/245180861_1244430982710563_288649986997885221_n-300x240.jpg 300w, https:\/\/visitnampa.org\/wp-content\/uploads\/2024\/09\/245180861_1244430982710563_288649986997885221_n-1024x819.jpg 1024w, https:\/\/visitnampa.org\/wp-content\/uploads\/2024\/09\/245180861_1244430982710563_288649986997885221_n-768x614.jpg 768w\" sizes=\"auto, (max-width: 1440px) 100vw, 1440px\" title=\"\"><div class=\"wp-block-cover__inner-container is-layout-flow wp-block-cover-is-layout-flow\">\n<div class=\"wp-block-group is-layout-flow wp-block-group-is-layout-flow\" style=\"margin-top:0;margin-bottom:0\">\n<h1 class=\"wp-block-heading has-text-align-center has-white-color has-text-color has-link-color main-column-auto wp-elements-1a561bd247e57768c32d3942b3bfb534\" style=\"margin-top:0;margin-bottom:0\">Cerveza artesanal<\/h1>\n\n\n\n<div style=\"height:1rem\" class=\"wp-block-madden-theme-responsive-spacer responsive-spacer-024da1a6-d7f0-4ab5-83f1-d59483e0ad7f\"><style>@media (max-width: 781px) {\n          .responsive-spacer-024da1a6-d7f0-4ab5-83f1-d59483e0ad7f {\n            height: 1rem !important;\n          }\n        }<\/style><\/div>\n\n\n\n<p class=\"has-text-align-center has-white-color has-text-color has-link-color main-column-auto wp-elements-db4dee8457aea2b75d477289bd71dbf7\" style=\"margin-top:0;margin-bottom:0;font-style:normal;font-weight:700;max-width:45rem\">\u00a0La zona de Nampa-Caldwell cuenta con dos de las cervecer\u00edas m\u00e1s populares del estado, as\u00ed como con numerosos pubs y restaurantes donde podr\u00e1 encontrar cervezas locales de barril.<\/p>\n<\/div>\n\n\n\n<div class=\"wp-block-group is-layout-flow wp-block-group-is-layout-flow\" style=\"margin-top:0;margin-bottom:0\">\n<div style=\"height:4rem\" class=\"wp-block-madden-theme-responsive-spacer responsive-spacer-86b28ce9-9481-4b3c-bdba-d94160ead4dc\"><style>@media (max-width: 781px) {\n          .responsive-spacer-86b28ce9-9481-4b3c-bdba-d94160ead4dc {\n            height: 3rem !important;\n          }\n        }<\/style><\/div>\n\n\n\n<p class=\"message-icon caption caption-left center-on-mobile has-white-color has-text-color has-link-color has-small-font-size main-column-auto wp-elements-9e1e8a11c596f788c6144b205d487fce\" style=\"margin-top:0;margin-bottom:0;max-width:80rem\"><a href=\"\/es\/events\/\" data-type=\"page\" data-id=\"21\"><strong>Echa un vistazo a lo que est\u00e1 ocurriendo ahora en Nampa.<\/strong><\/a><\/p>\n<\/div>\n<\/div><\/div>\n\n\n\n<div class=\"wp-block-group alignfull is-layout-flow wp-block-group-is-layout-flow\" style=\"margin-top:0px;margin-bottom:-7rem\">\n<figure class=\"wp-block-image alignfull size-full\"><img decoding=\"async\" src=\"https:\/\/visitnampa.org\/wp-content\/uploads\/2024\/09\/accent_section_swoop.svg\" alt=\"\" class=\"wp-image-187\" title=\"\"><\/figure>\n<\/div>\n\n\n\n<div class=\"wp-block-group is-layout-flow wp-block-group-is-layout-flow\" style=\"position:relative;z-index:1\">\n<div style=\"height:1rem\" class=\"wp-block-madden-theme-responsive-spacer responsive-spacer-412b5dcd-a8a5-48c2-8c97-eeb8cdf4237f\"><style>@media (max-width: 781px) {\n          .responsive-spacer-412b5dcd-a8a5-48c2-8c97-eeb8cdf4237f {\n            height: 1rem !important;\n          }\n        }<\/style><\/div>\n\n\n\n<div class=\"wp-block-group main-column-auto is-layout-flow wp-block-group-is-layout-flow\" style=\"margin-top:0;margin-bottom:0\"><div style=\"font-style:normal;font-weight:700; margin-top:0;margin-bottom:0;\" class=\"align wp-elements-78b1d75908f1aa542f6e5fbce05780ce wp-block-madden-theme-breadcrumbs has-text-color has-light-gray-color has-small-font-size has-body-font-family\"><nav aria-label=\"pan rallado\" class=\"rank-math-breadcrumb\"><p><span class=\"last\">Inicio<\/span><\/p><\/nav><\/div><\/div>\n\n\n\n<div style=\"height:1rem\" class=\"wp-block-madden-theme-responsive-spacer responsive-spacer-1a32b508-466f-4c67-bf71-0fcfce3356eb\"><style>@media (max-width: 781px) {\n          .responsive-spacer-1a32b508-466f-4c67-bf71-0fcfce3356eb {\n            height: 1rem !important;\n          }\n        }<\/style><\/div>\n\n\n\n<p class=\"has-text-align-center has-light-gray-color has-text-color has-link-color main-column-auto wp-elements-3ffcbb6331b11fce2400e6d6cbc165f8\" style=\"margin-top:0;margin-bottom:0;font-style:normal;font-weight:700\">Cervezas locales de barril<\/p>\n\n\n\n<div style=\"height:1.5rem\" class=\"wp-block-madden-theme-responsive-spacer responsive-spacer-778b00c4-a576-4b25-8708-60ea5a5e1f14\"><style>@media (max-width: 781px) {\n          .responsive-spacer-778b00c4-a576-4b25-8708-60ea5a5e1f14 {\n            height: 1.5rem !important;\n          }\n        }<\/style><\/div>\n\n\n\n<hr class=\"wp-block-separator has-alpha-channel-opacity is-style-multi-color is-style-multi-color-dark\" style=\"margin-top:0;margin-bottom:0\"\/>\n\n\n\n<div style=\"height:1rem\" class=\"wp-block-madden-theme-responsive-spacer responsive-spacer-ed12cecc-e4c8-4b8f-a8c1-00a849974b7b\"><style>@media (max-width: 781px) {\n          .responsive-spacer-ed12cecc-e4c8-4b8f-a8c1-00a849974b7b {\n            height: 1rem !important;\n          }\n        }<\/style><\/div>\n\n\n\n<h2 class=\"wp-block-heading has-text-align-center main-column-auto\" style=\"margin-top:0;margin-bottom:0\">Cerveza artesanal de la zona de Nampa<\/h2>\n<\/div>\n<\/div>\n\n\n\n<div style=\"height:3rem\" class=\"wp-block-madden-theme-responsive-spacer responsive-spacer-7fc0f7f1-531d-4d86-88ca-7578be4208c9\"><style>@media (max-width: 781px) {\n          .responsive-spacer-7fc0f7f1-531d-4d86-88ca-7578be4208c9 {\n            height: 3rem !important;\n          }\n        }<\/style><\/div>\n\n\n\n<div class=\"wp-block-group main-column-auto is-layout-flow wp-block-group-is-layout-flow\" style=\"margin-top:0;margin-bottom:0;max-width:50rem\">\n<p class=\"has-dark-gray-color has-text-color has-link-color has-body-font-family wp-elements-1e3b04719fed36d50229f05917038ee0\" style=\"line-height:1.5\">Idaho tiene una rica historia de cerveza artesanal, con las primeras cervecer\u00edas que se remontan a la d\u00e9cada de 1860, cuando serv\u00edan a peque\u00f1as ciudades y campamentos mineros. En las \u00faltimas d\u00e9cadas, el Treasure Valley ha experimentado una oleada de cervecer\u00edas locales, lo que ha permitido que la cerveza artesanal se convierta en una parte esencial de la cultura de Idaho.<\/p>\n\n\n\n<p class=\"has-dark-gray-color has-text-color has-link-color has-body-font-family wp-elements-6d73a9bebe414660bd100da34641123d\" style=\"line-height:1.5\">Idaho, uno de los tres mayores productores de cebada y l\u00fapulo del pa\u00eds, es un centro de cerveza artesanal en constante expansi\u00f3n. Aunque Boise se lleva la palma en cuanto a cervecer\u00edas artesanales en el suroeste de Idaho, la zona de Nampa-Caldwell cuenta con dos de las cervecer\u00edas m\u00e1s populares del estado, as\u00ed como con una serie de pubs y restaurantes donde puedes encontrar cervezas locales de barril.<\/p>\n\n\n\n<p class=\"has-dark-gray-color has-text-color has-link-color has-body-font-family wp-elements-c5a9b14d6e50845e20e33cb3004996de\" style=\"line-height:1.5\">Los clientes llaman a Crescent Brewery \"el Cheers de Nampa\", y puedes entrar seis d\u00edas a la semana para recibir una c\u00e1lida bienvenida y escuchar a los clientes habituales contar historias. Aunque puede resultar dif\u00edcil encontrar la sala de degustaci\u00f3n, merece la pena el viaje por el ambiente relajado y la deliciosa cerveza artesana. Con ingredientes locales, elaboran su Tilted Kilt Pale Ale, Chocolate Porter, Amber Ale, Irish Red, Blond Bitch, Highland Hammer y Skull Splitter IPA, entre otras.<br>Crescent Brewery organiza diversos eventos gratuitos, como espect\u00e1culos c\u00f3micos los martes por la noche, karaoke los jueves por la noche, m\u00fasica en directo los fines de semana y c\u00f3micos profesionales cada cuatro viernes. Jerry y el resto del personal te ayudar\u00e1n a encontrar la cerveza adecuada para ti y te preparar\u00e1n un bol de palomitas con mantequilla.<\/p>\n\n\n\n<p class=\"has-dark-gray-color has-text-color has-link-color has-body-font-family wp-elements-91152f6185198bb352aaa7cb9c1b516d\" style=\"line-height:1.5\">Fundada en 2009, esta cervecer\u00eda fue la primera en operar en la ciudad en casi 60 a\u00f1os, tomando su nombre e inspiraci\u00f3n de la Crescent Brewery original que se cre\u00f3 en 1906. Hoy en d\u00eda, Crescent Brewery rinde homenaje a esa operaci\u00f3n original exhibiendo fotograf\u00edas hist\u00f3ricas y recuerdos a lo largo de las paredes, as\u00ed como manteniendo vivo el esp\u00edritu de la cerveza artesanal en Nampa.<\/p>\n\n\n\n<p class=\"has-dark-gray-color has-text-color has-link-color has-body-font-family wp-elements-3fb1e0dfec3cf06df5598fcf28577cc4\" style=\"line-height:1.5\">Otra cervecer\u00eda de Nampa que tiene entusiasmados a los lugare\u00f1os es Mother Earth Brewing Company. Aunque Mother Earth comenz\u00f3 en California, tambi\u00e9n ha encontrado su hogar en Idaho, abriendo una planta de producci\u00f3n y una sala de degustaci\u00f3n en Nampa en 2016. La cervecer\u00eda es familiar, con un enorme juego de bloques estilo Jenga disponibles para jugar, creando diversi\u00f3n para todas las edades. Los perros son siempre bienvenidos, y hay un labrador negro en la cervecer\u00eda que se considera un miembro m\u00e1s del personal. Entre las cervezas que se elaboran durante todo el a\u00f1o est\u00e1n la Cali Creamin' Vanilla Cream Ale, la Sin Tax Imperial Peanut Butter Stout, la Honcho Hefeweizen, la Born Blonde Ale y la BooKoo IPA elaborada con l\u00fapulo Mosaic, adem\u00e1s de una lista rotativa de cervezas de temporada.<\/p>\n\n\n\n<p class=\"has-dark-gray-color has-text-color has-link-color has-body-font-family wp-elements-4f7360e0da5d6a05fca051e2415e4c63\" style=\"line-height:1.5\">Encontrar esta cervecer\u00eda tambi\u00e9n puede resultar complicado, ya que la sala de degustaci\u00f3n se encuentra dentro de sus instalaciones de producci\u00f3n. Siga una carretera secundaria hasta encontrar una zona industrial vallada. No se sienta perdido en el gran aparcamiento, siga conduciendo a trav\u00e9s de la zona vallada, conduzca ligeramente a la derecha y est\u00e9 atento a las se\u00f1ales en el lateral de un gran edificio met\u00e1lico que conduce a la cervecer\u00eda y a la sala de degustaci\u00f3n. Aunque el exterior pueda tener un aire industrial, una vez dentro, hay una espaciosa zona de bar, un conjunto de largos bancos de madera, as\u00ed como amplios asientos alrededor de barriles convertidos en mesas.<\/p>\n\n\n\n<p class=\"has-dark-gray-color has-text-color has-link-color has-body-font-family wp-elements-e5f2d12ec6c84b2e0aa25e64b52c2b23\" style=\"line-height:1.5\">2C Family Brewing Company es la cervecer\u00eda m\u00e1s reciente. Situada en el edificio Dewey-Scales, de 114 a\u00f1os de antig\u00fcedad, en el centro de Nampa, 2C ofrece cervezas lager alemanas, ales belgas, sours de frutas y cervezas envejecidas en barriles de whisky y vino.<\/p>\n\n\n\n<p class=\"has-dark-gray-color has-text-color has-link-color has-body-font-family wp-elements-b3d20a00bc820935db2c08e1e4f78c69\" style=\"line-height:1.5\">Si no hay tiempo suficiente para visitar una cervecer\u00eda, no se preocupe, ya que es imposible evitar un bar, pub o restaurante de la zona que no tenga de barril cervezas locales de la zona de Nampa, as\u00ed como de Boise y m\u00e1s all\u00e1.<\/p>\n<\/div>\n\n\n\n<div style=\"height:7rem\" class=\"wp-block-madden-theme-responsive-spacer responsive-spacer-ef26841a-d2dd-4661-af21-b383ad534ecd\"><style>@media (max-width: 781px) {\n          .responsive-spacer-ef26841a-d2dd-4661-af21-b383ad534ecd {\n            height: 5rem !important;\n          }\n        }<\/style><\/div>","protected":false},"excerpt":{"rendered":"<p>La zona de Nampa-Caldwell cuenta con dos de las cervecer\u00edas m\u00e1s populares del estado, as\u00ed como con numerosos pubs y restaurantes donde podr\u00e1 encontrar cervezas locales de barril.<\/p>","protected":false},"author":1,"featured_media":280,"parent":507,"menu_order":0,"comment_status":"closed","ping_status":"closed","template":"","meta":{"_acf_changed":false,"footnotes":""},"class_list":["post-512","page","type-page","status-publish","has-post-thumbnail","hentry"],"acf":[],"_links":{"self":[{"href":"https:\/\/visitnampa.org\/es\/wp-json\/wp\/v2\/pages\/512","targetHints":{"allow":["GET"]}}],"collection":[{"href":"https:\/\/visitnampa.org\/es\/wp-json\/wp\/v2\/pages"}],"about":[{"href":"https:\/\/visitnampa.org\/es\/wp-json\/wp\/v2\/types\/page"}],"author":[{"embeddable":true,"href":"https:\/\/visitnampa.org\/es\/wp-json\/wp\/v2\/users\/1"}],"replies":[{"embeddable":true,"href":"https:\/\/visitnampa.org\/es\/wp-json\/wp\/v2\/comments?post=512"}],"version-history":[{"count":7,"href":"https:\/\/visitnampa.org\/es\/wp-json\/wp\/v2\/pages\/512\/revisions"}],"predecessor-version":[{"id":1500,"href":"https:\/\/visitnampa.org\/es\/wp-json\/wp\/v2\/pages\/512\/revisions\/1500"}],"up":[{"embeddable":true,"href":"https:\/\/visitnampa.org\/es\/wp-json\/wp\/v2\/pages\/507"}],"wp:featuredmedia":[{"embeddable":true,"href":"https:\/\/visitnampa.org\/es\/wp-json\/wp\/v2\/media\/280"}],"wp:attachment":[{"href":"https:\/\/visitnampa.org\/es\/wp-json\/wp\/v2\/media?parent=512"}],"curies":[{"name":"wp","href":"https:\/\/api.w.org\/{rel}","templated":true}]}}