{"id":510,"date":"2024-09-09T19:25:38","date_gmt":"2024-09-09T19:25:38","guid":{"rendered":"https:\/\/main-bvxea6i-bk2pfxr7z6ke6.us-3.platformsh.site\/the-ford-idaho-center\/"},"modified":"2024-10-18T20:18:10","modified_gmt":"2024-10-18T20:18:10","slug":"the-ford-idaho-center","status":"publish","type":"page","link":"https:\/\/visitnampa.org\/es\/resources\/the-ford-idaho-center\/","title":{"rendered":"Centro Ford Idaho"},"content":{"rendered":"<div class=\"wp-block-group alignfull is-layout-flow wp-block-group-is-layout-flow\" style=\"min-height:0px;margin-top:0px;margin-bottom:0px\">\n<div class=\"wp-block-cover alignfull cover-w-caption is-style-page-title\"><span aria-hidden=\"true\" class=\"wp-block-cover__background has-black-background-color has-background-dim-30 has-background-dim\"><\/span><img loading=\"lazy\" decoding=\"async\" width=\"2048\" height=\"1366\" src=\"https:\/\/visitnampa.org\/wp-content\/uploads\/2024\/09\/fic-2022-chesney-128-scaled.jpeg\" class=\"wp-block-cover__image-background wp-post-image\" alt=\"Kenny Chesney concert at the outdoor amphitheater at the Ford Idaho Center in Nampa, Idaho\" data-object-fit=\"cover\" srcset=\"https:\/\/visitnampa.org\/wp-content\/uploads\/2024\/09\/fic-2022-chesney-128-scaled.jpeg 2048w, https:\/\/visitnampa.org\/wp-content\/uploads\/2024\/09\/fic-2022-chesney-128-300x200.jpeg 300w, https:\/\/visitnampa.org\/wp-content\/uploads\/2024\/09\/fic-2022-chesney-128-1024x683.jpeg 1024w, https:\/\/visitnampa.org\/wp-content\/uploads\/2024\/09\/fic-2022-chesney-128-768x512.jpeg 768w, https:\/\/visitnampa.org\/wp-content\/uploads\/2024\/09\/fic-2022-chesney-128-1536x1024.jpeg 1536w\" sizes=\"auto, (max-width: 2048px) 100vw, 2048px\" title=\"\"><div class=\"wp-block-cover__inner-container is-layout-flow wp-block-cover-is-layout-flow\">\n<div class=\"wp-block-group is-layout-flow wp-block-group-is-layout-flow\" style=\"margin-top:0;margin-bottom:0\">\n<h1 class=\"wp-block-heading has-text-align-center has-white-color has-text-color has-link-color main-column-auto wp-elements-8b114a28fbad3793b00e01701a3072a2\" style=\"margin-top:0;margin-bottom:0\">Centro Ford Idaho<\/h1>\n\n\n\n<div style=\"height:1rem\" class=\"wp-block-madden-theme-responsive-spacer responsive-spacer-6b3eaf87-8767-452c-9ae2-374ac7c23c2c\"><style>@media (max-width: 781px) {\n          .responsive-spacer-6b3eaf87-8767-452c-9ae2-374ac7c23c2c {\n            height: 1rem !important;\n          }\n        }<\/style><\/div>\n\n\n\n<p class=\"has-text-align-center has-white-color has-text-color has-link-color main-column-auto wp-elements-6d7c226a42a02181e66e9b91bfb7c845\" style=\"margin-top:0;margin-bottom:0;font-style:normal;font-weight:700;max-width:45rem\">Ya sea un concierto, una feria anual, los rodeos o simplemente las almendras tostadas con canela, en el Ford Idaho Center hay algo para todos los gustos durante todo el a\u00f1o.<\/p>\n<\/div>\n\n\n\n<div class=\"wp-block-group is-layout-flow wp-block-group-is-layout-flow\" style=\"margin-top:0;margin-bottom:0\">\n<div style=\"height:4rem\" class=\"wp-block-madden-theme-responsive-spacer responsive-spacer-9b1ff7fc-5871-4f29-a5a8-d4dcd196a3d1\"><style>@media (max-width: 781px) {\n          .responsive-spacer-9b1ff7fc-5871-4f29-a5a8-d4dcd196a3d1 {\n            height: 3rem !important;\n          }\n        }<\/style><\/div>\n\n\n\n<p class=\"message-icon caption caption-left center-on-mobile has-white-color has-text-color has-link-color has-small-font-size main-column-auto wp-elements-9e1e8a11c596f788c6144b205d487fce\" style=\"margin-top:0;margin-bottom:0;max-width:80rem\"><a href=\"\/es\/events\/\" data-type=\"page\" data-id=\"21\"><strong>Echa un vistazo a lo que est\u00e1 ocurriendo ahora en Nampa.<\/strong><\/a><\/p>\n<\/div>\n<\/div><\/div>\n\n\n\n<div class=\"wp-block-group alignfull is-layout-flow wp-block-group-is-layout-flow\" style=\"margin-top:0px;margin-bottom:-7rem\">\n<figure class=\"wp-block-image alignfull size-full\"><img decoding=\"async\" src=\"https:\/\/visitnampa.org\/wp-content\/uploads\/2024\/09\/accent_section_swoop.svg\" alt=\"\" class=\"wp-image-187\" title=\"\"><\/figure>\n<\/div>\n\n\n\n<div class=\"wp-block-group is-layout-flow wp-block-group-is-layout-flow\" style=\"position:relative;z-index:1\">\n<div style=\"height:1rem\" class=\"wp-block-madden-theme-responsive-spacer responsive-spacer-b4800ba4-a147-40ee-8d0a-fab8a695d6bc\"><style>@media (max-width: 781px) {\n          .responsive-spacer-b4800ba4-a147-40ee-8d0a-fab8a695d6bc {\n            height: 1rem !important;\n          }\n        }<\/style><\/div>\n\n\n\n<div class=\"wp-block-group main-column-auto is-layout-flow wp-block-group-is-layout-flow\" style=\"margin-top:0;margin-bottom:0\"><div style=\"font-style:normal;font-weight:700; margin-top:0;margin-bottom:0;\" class=\"align wp-elements-78b1d75908f1aa542f6e5fbce05780ce wp-block-madden-theme-breadcrumbs has-text-color has-light-gray-color has-small-font-size has-body-font-family\"><nav aria-label=\"pan rallado\" class=\"rank-math-breadcrumb\"><p><span class=\"last\">Inicio<\/span><\/p><\/nav><\/div><\/div>\n\n\n\n<div style=\"height:1rem\" class=\"wp-block-madden-theme-responsive-spacer responsive-spacer-02898225-8563-4e0e-b413-90e11dd8875c\"><style>@media (max-width: 781px) {\n          .responsive-spacer-02898225-8563-4e0e-b413-90e11dd8875c {\n            height: 1rem !important;\n          }\n        }<\/style><\/div>\n\n\n\n<p class=\"has-text-align-center has-light-gray-color has-text-color has-link-color main-column-auto wp-elements-3c7ad3b44314aeb09c14be4993fea5e7\" style=\"margin-top:0;margin-bottom:0;font-style:normal;font-weight:700\">Entretenerse<\/p>\n\n\n\n<div style=\"height:1.5rem\" class=\"wp-block-madden-theme-responsive-spacer responsive-spacer-810da35e-b057-4016-89b6-ec231118ddb7\"><style>@media (max-width: 781px) {\n          .responsive-spacer-810da35e-b057-4016-89b6-ec231118ddb7 {\n            height: 1.5rem !important;\n          }\n        }<\/style><\/div>\n\n\n\n<hr class=\"wp-block-separator has-alpha-channel-opacity is-style-multi-color is-style-multi-color-dark\" style=\"margin-top:0;margin-bottom:0\"\/>\n\n\n\n<div style=\"height:1rem\" class=\"wp-block-madden-theme-responsive-spacer responsive-spacer-a22fc3ac-1d91-4b74-8a28-5f785282d93f\"><style>@media (max-width: 781px) {\n          .responsive-spacer-a22fc3ac-1d91-4b74-8a28-5f785282d93f {\n            height: 1rem !important;\n          }\n        }<\/style><\/div>\n\n\n\n<h2 class=\"wp-block-heading has-text-align-center main-column-auto\" style=\"margin-top:0;margin-bottom:0\">Centro Ford Idaho de Nampa<\/h2>\n<\/div>\n<\/div>\n\n\n\n<div style=\"height:3rem\" class=\"wp-block-madden-theme-responsive-spacer responsive-spacer-a607f76c-7ecb-4c27-823e-2a6fc4d84a09\"><style>@media (max-width: 781px) {\n          .responsive-spacer-a607f76c-7ecb-4c27-823e-2a6fc4d84a09 {\n            height: 3rem !important;\n          }\n        }<\/style><\/div>\n\n\n\n<div class=\"wp-block-group main-column-auto is-layout-flow wp-block-group-is-layout-flow\" style=\"margin-top:0;margin-bottom:0;max-width:50rem\">\n<p class=\"has-text-align-left has-dark-gray-color has-text-color has-link-color has-body-font-family wp-elements-bd48c758f4213c672ecc4db1d15dd76d\" style=\"line-height:1.5\">\u00bfBusca un lugar donde comer, ir de compras, explorar o entretenerse? Ha llegado al lugar adecuado. Nampa es un destino que satisfar\u00e1 todas esas necesidades y muchas m\u00e1s.<\/p>\n\n\n\n<p class=\"has-dark-gray-color has-text-color has-link-color has-body-font-family wp-elements-698145063d62bcc162e820e77aa3152e\" style=\"line-height:1.5\">Posiblemente el complejo de eventos m\u00e1s famoso de Idaho, que acoge m\u00e1s de 100 actos al a\u00f1o, sea el Ford Idaho Center de Nampa. Situado en lo alto de una elevaci\u00f3n cubierta de hierba que domina el Treasure Valley, se ha ganado su lugar como elemento b\u00e1sico de la regi\u00f3n de Nampa y como distinguido establecimiento que sirve de escenario a artistas de fama mundial.<\/p>\n\n\n\n<p class=\"has-dark-gray-color has-text-color has-link-color has-body-font-family wp-elements-c1fa451f51804ed2689be4993f49ba4f\" style=\"line-height:1.5\">El anfiteatro exterior, con capacidad para m\u00e1s de 10.000 personas, ha dominado la experiencia de los conciertos al aire libre en Idaho. Desde su primer concierto en 1998, en el que actu\u00f3 Shania Twain, el anfiteatro Ford Idaho Center ha mantenido viva la experiencia de los conciertos de verano con artistas de renombre como Tim McGraw, Bob Dylan, Jack Johnson, James Taylor, Meghan Trainor y festivales de m\u00fasica que se repiten anualmente, como el Jacksons Country Stomp, que se celebra cada 15 de junio con un amplio cartel de lo mejor de la m\u00fasica country. Beverly Harrigfeld, que asist\u00eda por primera vez al Jackson Country Stomp de 2017, dijo: \"El concierto fue genial, pero el anfiteatro realmente hizo mi experiencia. Puedo estar de pie hacia la parte delantera del escenario saltando y cantando con todo el mundo, o puedo caminar una peque\u00f1a distancia a lo largo de la ladera y descansar en la hierba para ver a la banda desde la distancia y disfrutar de mi bebida. Era un equilibrio perfecto\". Los conciertos del anfiteatro de verano van de junio a septiembre todos los a\u00f1os.<\/p>\n\n\n\n<p class=\"has-dark-gray-color has-text-color has-link-color has-body-font-family wp-elements-52c641c7e6720b6fb582a59da655a0bf\" style=\"line-height:1.5\">La arena interior, que tambi\u00e9n es un espect\u00e1culo para el p\u00fablico que ve bandas en directo, tambi\u00e9n alberga uno de los mejores rodeos del mundo. El Snake River Stampede es uno de los 10 mejores rodeos profesionales regulares de los aproximadamente 800 que componen la Professional Rodeo Cowboys Association. Los aficionados viajan desde muy lejos para ver a los atletas competir por el primer puesto en lo que se considera una de las competiciones de rodeo m\u00e1s importantes. Los jinetes de bronco no son la \u00fanica raz\u00f3n por la que la Estampida de Snake River es celebrada entre los aficionados al rodeo. Tambi\u00e9n se celebran regularmente representaciones c\u00f3micas con payasos de rodeo, el concurso de la reina del rodeo y actividades en las que participan los j\u00f3venes, como el concurso de terneros y el concurso de carneros. El Snake River Stampede Rodeo es un acontecimiento anual de una semana de duraci\u00f3n que tiene lugar la tercera semana de julio.<\/p>\n\n\n\n<p class=\"has-dark-gray-color has-text-color has-link-color has-body-font-family wp-elements-d2983a447ba96efc9c16f7a3fb03d3aa\" style=\"line-height:1.5\">Una vez que el polvo del rodeo se ha asentado, el estadio queda vac\u00edo y las gradas se retiran, el suelo del estadio acoge una serie de ferias comerciales, como ferias de armas, de veh\u00edculos recreativos, de barcos y muchas m\u00e1s. Durante estos eventos, los vendedores de comida y artesan\u00eda instalan carpas para los compradores. El Ford Idaho Center tambi\u00e9n se convierte en un rally de monster trucks durante unos d\u00edas y, m\u00e1s tarde, en un estadio de baloncesto donde los equipos de baloncesto masculino y femenino de los institutos disputan torneos.<\/p>\n\n\n\n<p class=\"has-dark-gray-color has-text-color has-link-color has-body-font-family wp-elements-0ad084ac211798375ac828bec633516c\" style=\"line-height:1.5\">A poca distancia detr\u00e1s de la pista principal, se encuentra uno de los parques h\u00edpicos m\u00e1s prestigiosos del Noroeste. Con m\u00e1s de 110 acres y capacidad para albergar 850 caballos, la gente viene de todo el pa\u00eds para hacer del Ford Idaho Horse Park el hogar de su espect\u00e1culo ecuestre. El Ford Idaho Horse Park ha acogido a miles de caballos en eventos tales como: Team Roping, 4H local, Regional de Caballos \u00c1rabes, Quarter Horse Association, Tiro Montado, Doma Cl\u00e1sica y muchos otros. Los interesados pueden reservar f\u00e1cilmente su plaza en l\u00ednea en el sitio web del Ford Idaho Center.<\/p>\n\n\n\n<p class=\"has-dark-gray-color has-text-color has-link-color has-body-font-family wp-elements-10d5a080a1f959f89d6a964b37639ee9\" style=\"line-height:1.5\">El Ford Idaho Center es sin duda el complejo multieventos m\u00e1s conocido de todo Idaho. Ya sea un concierto, una feria anual, los rodeos o simplemente las almendras asadas con canela, en el Ford Idaho Center hay algo para todos los gustos durante todo el a\u00f1o.<\/p>\n<\/div>\n\n\n\n<div style=\"height:7rem\" class=\"wp-block-madden-theme-responsive-spacer responsive-spacer-15c467e8-0a15-45af-8d35-c47fa036ab37\"><style>@media (max-width: 781px) {\n          .responsive-spacer-15c467e8-0a15-45af-8d35-c47fa036ab37 {\n            height: 5rem !important;\n          }\n        }<\/style><\/div>","protected":false},"excerpt":{"rendered":"<p>Ya sea un concierto, una feria anual, los rodeos o simplemente las almendras tostadas con canela, en el Ford Idaho Center hay algo para todos los gustos durante todo el a\u00f1o.<\/p>","protected":false},"author":1,"featured_media":179,"parent":507,"menu_order":0,"comment_status":"closed","ping_status":"closed","template":"","meta":{"_acf_changed":false,"footnotes":""},"class_list":["post-510","page","type-page","status-publish","has-post-thumbnail","hentry"],"acf":[],"_links":{"self":[{"href":"https:\/\/visitnampa.org\/es\/wp-json\/wp\/v2\/pages\/510","targetHints":{"allow":["GET"]}}],"collection":[{"href":"https:\/\/visitnampa.org\/es\/wp-json\/wp\/v2\/pages"}],"about":[{"href":"https:\/\/visitnampa.org\/es\/wp-json\/wp\/v2\/types\/page"}],"author":[{"embeddable":true,"href":"https:\/\/visitnampa.org\/es\/wp-json\/wp\/v2\/users\/1"}],"replies":[{"embeddable":true,"href":"https:\/\/visitnampa.org\/es\/wp-json\/wp\/v2\/comments?post=510"}],"version-history":[{"count":5,"href":"https:\/\/visitnampa.org\/es\/wp-json\/wp\/v2\/pages\/510\/revisions"}],"predecessor-version":[{"id":1494,"href":"https:\/\/visitnampa.org\/es\/wp-json\/wp\/v2\/pages\/510\/revisions\/1494"}],"up":[{"embeddable":true,"href":"https:\/\/visitnampa.org\/es\/wp-json\/wp\/v2\/pages\/507"}],"wp:featuredmedia":[{"embeddable":true,"href":"https:\/\/visitnampa.org\/es\/wp-json\/wp\/v2\/media\/179"}],"wp:attachment":[{"href":"https:\/\/visitnampa.org\/es\/wp-json\/wp\/v2\/media?parent=510"}],"curies":[{"name":"wp","href":"https:\/\/api.w.org\/{rel}","templated":true}]}}