{"id":509,"date":"2024-09-09T19:25:38","date_gmt":"2024-09-09T19:25:38","guid":{"rendered":"https:\/\/main-bvxea6i-bk2pfxr7z6ke6.us-3.platformsh.site\/farmers-markets\/"},"modified":"2025-12-10T15:14:37","modified_gmt":"2025-12-10T22:14:37","slug":"farmers-markets","status":"publish","type":"page","link":"https:\/\/visitnampa.org\/es\/resources\/farmers-markets\/","title":{"rendered":"Mercados agr\u00edcolas"},"content":{"rendered":"<div class=\"wp-block-group alignfull is-layout-flow wp-block-group-is-layout-flow\" style=\"min-height:0px;margin-top:0px;margin-bottom:0px\">\n<div class=\"wp-block-cover alignfull cover-w-caption is-style-page-title\"><span aria-hidden=\"true\" class=\"wp-block-cover__background has-black-background-color has-background-dim-30 has-background-dim\"><\/span><img loading=\"lazy\" decoding=\"async\" width=\"2048\" height=\"1097\" src=\"https:\/\/visitnampa.org\/wp-content\/uploads\/2024\/09\/image_header_things_to_do.jpg\" class=\"wp-block-cover__image-background wp-post-image\" alt=\"Vineyard grapes in Nampa, Idaho, showcasing fun things to do nearby, including wine tours and top places to visit in the region.\" data-object-fit=\"cover\" srcset=\"https:\/\/visitnampa.org\/wp-content\/uploads\/2024\/09\/image_header_things_to_do.jpg 2048w, https:\/\/visitnampa.org\/wp-content\/uploads\/2024\/09\/image_header_things_to_do-300x161.jpg 300w, https:\/\/visitnampa.org\/wp-content\/uploads\/2024\/09\/image_header_things_to_do-1024x548.jpg 1024w, https:\/\/visitnampa.org\/wp-content\/uploads\/2024\/09\/image_header_things_to_do-768x411.jpg 768w, https:\/\/visitnampa.org\/wp-content\/uploads\/2024\/09\/image_header_things_to_do-1536x823.jpg 1536w\" sizes=\"auto, (max-width: 2048px) 100vw, 2048px\" title=\"\"><div class=\"wp-block-cover__inner-container is-layout-flow wp-block-cover-is-layout-flow\">\n<div class=\"wp-block-group is-layout-flow wp-block-group-is-layout-flow\" style=\"margin-top:0;margin-bottom:0\">\n<h1 class=\"wp-block-heading has-text-align-center main-column-auto has-white-color has-text-color has-link-color wp-elements-b7e220233e7fc11d56cc7e27507ee325\" style=\"margin-top:0;margin-bottom:0\">Mercados agr\u00edcolas<\/h1>\n\n\n\n<div style=\"height:1rem\" class=\"wp-block-madden-theme-responsive-spacer responsive-spacer-243c9ddf-1633-4a37-9cdc-9b856d4fea95\"><style>@media (max-width: 781px) {\n          .responsive-spacer-243c9ddf-1633-4a37-9cdc-9b856d4fea95 {\n            height: 1rem !important;\n          }\n        }<\/style><\/div>\n\n\n\n<p class=\"has-text-align-center has-white-color has-text-color has-link-color wp-elements-b898ff8c8c96b49fdc83604c2f44c87e\" style=\"margin-top:0;margin-bottom:0;font-style:normal;font-weight:700\"><\/p>\n<\/div>\n\n\n\n<div class=\"wp-block-group is-layout-flow wp-block-group-is-layout-flow\" style=\"margin-top:0;margin-bottom:0\">\n<div style=\"height:4rem\" class=\"wp-block-madden-theme-responsive-spacer responsive-spacer-2e6cc564-96f2-44be-b526-b90611b1ff1e\"><style>@media (max-width: 781px) {\n          .responsive-spacer-2e6cc564-96f2-44be-b526-b90611b1ff1e {\n            height: 3rem !important;\n          }\n        }<\/style><\/div>\n\n\n\n<p class=\"has-white-color has-text-color has-link-color has-small-font-size wp-elements-525df23ab0c5ad0e889d02b582d94b12\" style=\"margin-top:0;margin-bottom:0\"><\/p>\n<\/div>\n<\/div><\/div>\n\n\n\n<div class=\"wp-block-group alignfull is-layout-flow wp-block-group-is-layout-flow\" style=\"margin-top:0px;margin-bottom:-7rem\">\n<figure class=\"wp-block-image alignfull size-full\"><img decoding=\"async\" src=\"https:\/\/visitnampa.org\/wp-content\/uploads\/2024\/09\/accent_section_swoop.svg\" alt=\"\" class=\"wp-image-187\" title=\"\"><\/figure>\n<\/div>\n\n\n\n<div class=\"wp-block-group is-layout-flow wp-block-group-is-layout-flow\">\n<div style=\"height:1rem\" class=\"wp-block-madden-theme-responsive-spacer responsive-spacer-a7b9e140-50b6-4bbd-92b3-e067905da35c\"><style>@media (max-width: 781px) {\n          .responsive-spacer-a7b9e140-50b6-4bbd-92b3-e067905da35c {\n            height: 1rem !important;\n          }\n        }<\/style><\/div>\n\n\n\n<div class=\"wp-block-group main-column-auto is-layout-flow wp-block-group-is-layout-flow\" style=\"margin-top:0;margin-bottom:0\"><div style=\"font-style:normal;font-weight:700; margin-top:0;margin-bottom:0;\" class=\"align wp-elements-78b1d75908f1aa542f6e5fbce05780ce wp-block-madden-theme-breadcrumbs has-text-color has-light-gray-color has-small-font-size has-body-font-family\"><nav aria-label=\"pan rallado\" class=\"rank-math-breadcrumb\"><p><span class=\"last\">Inicio<\/span><\/p><\/nav><\/div><\/div>\n\n\n\n<div style=\"height:1rem\" class=\"wp-block-madden-theme-responsive-spacer responsive-spacer-05cd6224-faef-4b52-a29a-12318ff86193\"><style>@media (max-width: 781px) {\n          .responsive-spacer-05cd6224-faef-4b52-a29a-12318ff86193 {\n            height: 1rem !important;\n          }\n        }<\/style><\/div>\n\n\n\n<p class=\"has-text-align-center main-column-auto has-light-gray-color has-text-color has-link-color wp-elements-587334113316d5386ed758818e6da60a\" style=\"margin-top:0;margin-bottom:0;font-style:normal;font-weight:700\">De compras<\/p>\n\n\n\n<div style=\"height:1.5rem\" class=\"wp-block-madden-theme-responsive-spacer responsive-spacer-f8170ec3-e2fb-474a-9097-f7c33558547a\"><style>@media (max-width: 781px) {\n          .responsive-spacer-f8170ec3-e2fb-474a-9097-f7c33558547a {\n            height: 1.5rem !important;\n          }\n        }<\/style><\/div>\n\n\n\n<hr class=\"wp-block-separator has-alpha-channel-opacity is-style-multi-color is-style-multi-color-dark\" style=\"margin-top:0;margin-bottom:0\"\/>\n\n\n\n<div style=\"height:1rem\" class=\"wp-block-madden-theme-responsive-spacer responsive-spacer-bdd515b4-80af-455d-9b47-d927af785e11\"><style>@media (max-width: 781px) {\n          .responsive-spacer-bdd515b4-80af-455d-9b47-d927af785e11 {\n            height: 1rem !important;\n          }\n        }<\/style><\/div>\n\n\n\n<h2 class=\"wp-block-heading has-text-align-center main-column-auto\" style=\"margin-top:0;margin-bottom:0\">Mercado de agricultores en Lloyd Square Park<\/h2>\n<\/div>\n<\/div>\n\n\n\n<div style=\"height:3rem\" class=\"wp-block-madden-theme-responsive-spacer responsive-spacer-8dcb5fbc-000e-45cf-9a7c-a52e259c5064\"><style>@media (max-width: 781px) {\n          .responsive-spacer-8dcb5fbc-000e-45cf-9a7c-a52e259c5064 {\n            height: 3rem !important;\n          }\n        }<\/style><\/div>\n\n\n\n<div class=\"wp-block-group main-column-auto is-layout-flow wp-block-group-is-layout-flow\" style=\"margin-top:0;margin-bottom:0\">\n<figure class=\"wp-block-image aligncenter size-large\"><img loading=\"lazy\" decoding=\"async\" width=\"1024\" height=\"394\" src=\"https:\/\/visitnampa.org\/wp-content\/uploads\/sharpened_farmers-market-1024x394.jpg\" alt=\"A farmer&#039;s market with various vegetables like carrots, potatoes, green onion, and shallots on sale in Nampa, ID.\" class=\"wp-image-2576\" title=\"\" srcset=\"https:\/\/visitnampa.org\/wp-content\/uploads\/sharpened_farmers-market-1024x394.jpg 1024w, https:\/\/visitnampa.org\/wp-content\/uploads\/sharpened_farmers-market-300x116.jpg 300w, https:\/\/visitnampa.org\/wp-content\/uploads\/sharpened_farmers-market-768x296.jpg 768w, https:\/\/visitnampa.org\/wp-content\/uploads\/sharpened_farmers-market-1536x591.jpg 1536w, https:\/\/visitnampa.org\/wp-content\/uploads\/sharpened_farmers-market-18x7.jpg 18w, https:\/\/visitnampa.org\/wp-content\/uploads\/sharpened_farmers-market.jpg 2000w\" sizes=\"auto, (max-width: 1024px) 100vw, 1024px\" \/><\/figure>\n\n\n\n<p>Desde 1988, el Nampa Farmers Market es parte integrante de la comunidad, y aunque los habitantes de Nampa son el n\u00facleo de su bullicioso mercado, los clientes y buscadores de tesoros vienen de toda la zona suroeste de Idaho para hacer sus compras.<\/p>\n\n\n\n<p>Una variedad de proveedores, desde agricultores, artesanos, vendedores de comida y panaderos, se instalan cada s\u00e1bado, llueva o haga sol, de 9 de la ma\u00f1ana a 1 de la tarde, vendiendo sus productos desde el \u00faltimo s\u00e1bado de abril hasta el \u00faltimo s\u00e1bado de octubre en el centro hist\u00f3rico de Nampa, en Lloyd Square Park.<\/p>\n\n\n\n<p>A lo largo de los a\u00f1os, el mercado ha pasado de contar con unos pocos vendedores y clientes a tener una media de 60 a 70 vendedores a la semana, en auge cada a\u00f1o con m\u00e1s clientes que ofrecen una gran variedad de productos, alimentos, artesan\u00eda, plantas y flores de vendedores locales. Shelby Copland, natural de Nampa, frecuenta cada a\u00f1o el Nampa Farmers Market con sus dos hijos. \"Definitivamente gasto demasiado dinero cuando me paseo por los puestos de panader\u00eda y los puestos de productos locales\", dice Copland. \"Espero ver los productos de Peaceful Belly por all\u00ed mucho este a\u00f1o con su traslado a Caldwell\".<\/p>\n\n\n\n<p>Los compradores que recorran el mercado (entre Front y la 1\u00aa calle Sur y entre la 13\u00aa y la 14\u00aa avenida Sur) tambi\u00e9n ver\u00e1n grupos de compradores reunidos en torno a m\u00fasicos y artistas locales que contribuyen a crear un ambiente festivo. El Nampa Farmers Market presenta cada fin de semana a grupos locales espec\u00edficos para apoyar a los artistas locales.<\/p>\n\n\n\n<p>Sin embargo, durante la temporada de mercado, la zona puede estar muy concurrida y, a veces, congestionada por mucha gente. El Nampa Farmers Market ofrece una gu\u00eda de supervivencia del comprador para disfrutar de la mejor experiencia:<\/p>\n\n\n\n<p>1) Para obtener la mejor selecci\u00f3n de productos, acuda pronto.<\/p>\n\n\n\n<p>2) Lleve cambio y billetes peque\u00f1os. El mercado tambi\u00e9n acepta tarjetas de cr\u00e9dito y d\u00e9bito, as\u00ed como EBT.<\/p>\n\n\n\n<p>3) Pregunte al productor qu\u00e9 novedades tiene y c\u00f3mo utiliza su producto (\u00bfalguna receta?).<\/p>\n\n\n\n<p>4) Traiga sus propias bolsas. Algunos vendedores tambi\u00e9n reciclan las bolsas de la compra.<\/p>\n\n\n\n<p>5) Puedes llevar una nevera con ruedas para mantener frescos los productos agr\u00edcolas, la carne y otros productos perecederos hasta que llegues a casa.<\/p>\n\n\n\n<p>6) Si trae a sus amigos caninos, aseg\u00farese de que est\u00e9n atados y bajo su control en todo momento. Su perro debe ser educado y respetuoso con los ni\u00f1os y los perros. No todo el mundo es amante de los perros. Mantenga a su perro alejado de los productos alimenticios (tanto de la cabeza como de la cola). Prep\u00e1rese para limpiar siempre lo que ensucie.<\/p>\n\n\n\n<p>7) El mercado es una forma estupenda de relajarse y relacionarse con los vecinos.<\/p>\n\n\n\n<p>La misi\u00f3n general del Nampa Farmers Market es, por supuesto, la experiencia, pero tambi\u00e9n el apoyo a las empresas locales. Las empresas que ofrecen productos de todo tipo est\u00e1n ansiosas por solicitar ser vendedoras para que sus productos se exhiban entre la multitud. El Nampa Farmers Market hace que este proceso sea sencillo, permitiendo a cualquiera presentar su solicitud en l\u00ednea y descargar la documentaci\u00f3n necesaria para empezar.<\/p>\n\n\n\n<p>El mercado va incluso un paso m\u00e1s all\u00e1 en la promoci\u00f3n de las empresas locales compartiendo fotos e informaci\u00f3n comercial de todos los vendedores en sus p\u00e1ginas de redes sociales como Facebook. De este modo, los compradores pueden saber f\u00e1cilmente qui\u00e9n viene, qu\u00e9 tendr\u00e1n y qu\u00e9 esperar a partir del 28 de abril, y seguir recibiendo actualizaciones informativas hasta finales de octubre.<\/p>\n\n\n\n<p>Los olores, los sonidos y la camarader\u00eda son lo que hacen del Nampa Farmers Market un acontecimiento tan c\u00e9lebre tanto para los habitantes de Idaho como para los visitantes de todo el estado. Comparado con el resto del Treasure Valley, el Nampa Farmers Market es especial, ya que aporta una mayor voz a la econom\u00eda empresarial local y a la escena art\u00edstica que ning\u00fan otro lugar.<\/p>\n<\/div>\n\n\n\n<div style=\"height:7rem\" class=\"wp-block-madden-theme-responsive-spacer responsive-spacer-59c86450-37b1-44d8-a8a5-5e6080cfdc9a\"><style>@media (max-width: 781px) {\n          .responsive-spacer-59c86450-37b1-44d8-a8a5-5e6080cfdc9a {\n            height: 5rem !important;\n          }\n        }<\/style><\/div>","protected":false},"excerpt":{"rendered":"<p>Granjeros, artesanos, vendedores de comida y panaderos se instalan cada s\u00e1bado para vender sus productos en el centro hist\u00f3rico de Nampa, en el parque Lloyd Square.<\/p>","protected":false},"author":1,"featured_media":435,"parent":507,"menu_order":0,"comment_status":"closed","ping_status":"closed","template":"","meta":{"_acf_changed":false,"footnotes":""},"class_list":["post-509","page","type-page","status-publish","has-post-thumbnail","hentry"],"acf":[],"_links":{"self":[{"href":"https:\/\/visitnampa.org\/es\/wp-json\/wp\/v2\/pages\/509","targetHints":{"allow":["GET"]}}],"collection":[{"href":"https:\/\/visitnampa.org\/es\/wp-json\/wp\/v2\/pages"}],"about":[{"href":"https:\/\/visitnampa.org\/es\/wp-json\/wp\/v2\/types\/page"}],"author":[{"embeddable":true,"href":"https:\/\/visitnampa.org\/es\/wp-json\/wp\/v2\/users\/1"}],"replies":[{"embeddable":true,"href":"https:\/\/visitnampa.org\/es\/wp-json\/wp\/v2\/comments?post=509"}],"version-history":[{"count":17,"href":"https:\/\/visitnampa.org\/es\/wp-json\/wp\/v2\/pages\/509\/revisions"}],"predecessor-version":[{"id":2746,"href":"https:\/\/visitnampa.org\/es\/wp-json\/wp\/v2\/pages\/509\/revisions\/2746"}],"up":[{"embeddable":true,"href":"https:\/\/visitnampa.org\/es\/wp-json\/wp\/v2\/pages\/507"}],"wp:featuredmedia":[{"embeddable":true,"href":"https:\/\/visitnampa.org\/es\/wp-json\/wp\/v2\/media\/435"}],"wp:attachment":[{"href":"https:\/\/visitnampa.org\/es\/wp-json\/wp\/v2\/media?parent=509"}],"curies":[{"name":"wp","href":"https:\/\/api.w.org\/{rel}","templated":true}]}}