{"id":507,"date":"2024-09-09T19:25:38","date_gmt":"2024-09-09T19:25:38","guid":{"rendered":"https:\/\/main-bvxea6i-bk2pfxr7z6ke6.us-3.platformsh.site\/resources\/"},"modified":"2024-11-08T17:50:16","modified_gmt":"2024-11-08T17:50:16","slug":"resources","status":"publish","type":"page","link":"https:\/\/visitnampa.org\/es\/resources\/","title":{"rendered":"Recursos"},"content":{"rendered":"<div class=\"wp-block-group alignfull is-layout-flow wp-block-group-is-layout-flow\" style=\"min-height:0px;margin-top:0px;margin-bottom:0px\">\n<div class=\"wp-block-cover alignfull cover-w-caption is-style-page-title\"><span aria-hidden=\"true\" class=\"wp-block-cover__background has-black-background-color has-background-dim-30 has-background-dim\"><\/span><img loading=\"lazy\" decoding=\"async\" width=\"1500\" height=\"1000\" src=\"https:\/\/visitnampa.org\/wp-content\/uploads\/2024\/09\/image_hero_header_blog.jpg\" class=\"wp-block-cover__image-background wp-post-image\" alt=\"A man rides a bucking horse at the Snake River Stampede Rodeo.\" data-object-fit=\"cover\" srcset=\"https:\/\/visitnampa.org\/wp-content\/uploads\/2024\/09\/image_hero_header_blog.jpg 1500w, https:\/\/visitnampa.org\/wp-content\/uploads\/2024\/09\/image_hero_header_blog-300x200.jpg 300w, https:\/\/visitnampa.org\/wp-content\/uploads\/2024\/09\/image_hero_header_blog-1024x683.jpg 1024w, https:\/\/visitnampa.org\/wp-content\/uploads\/2024\/09\/image_hero_header_blog-768x512.jpg 768w\" sizes=\"auto, (max-width: 1500px) 100vw, 1500px\" title=\"\"><div class=\"wp-block-cover__inner-container is-layout-flow wp-block-cover-is-layout-flow\">\n<div class=\"wp-block-group is-layout-flow wp-block-group-is-layout-flow\" style=\"margin-top:0;margin-bottom:0\">\n<h1 class=\"wp-block-heading has-text-align-center has-white-color has-text-color has-link-color main-column-auto wp-elements-5465fbfaf8a02c34a527561b6cf3ce1d\" style=\"margin-top:0;margin-bottom:0\">Recursos<\/h1>\n\n\n\n<div style=\"height:1rem\" class=\"wp-block-madden-theme-responsive-spacer responsive-spacer-a1bf2ef9-7c03-4e9e-8ac4-f82292a50667\"><style>@media (max-width: 781px) {\n          .responsive-spacer-a1bf2ef9-7c03-4e9e-8ac4-f82292a50667 {\n            height: 1rem !important;\n          }\n        }<\/style><\/div>\n\n\n\n<p class=\"has-text-align-center has-white-color has-text-color has-link-color main-column-auto wp-elements-8b4425dcec1d8ebe83d6f86672230ed2\" style=\"margin-top:0;margin-bottom:0;font-style:normal;font-weight:700;max-width:48rem\">Nampa tiene tantas oportunidades para que usted experimente aqu\u00ed que se quedar\u00e1 con ganas de volver y probar algo m\u00e1s. Echa un vistazo a los siguientes recursos para obtener m\u00e1s informaci\u00f3n.<\/p>\n<\/div>\n\n\n\n<div class=\"wp-block-group is-layout-flow wp-block-group-is-layout-flow\" style=\"margin-top:0;margin-bottom:0\">\n<div style=\"height:4rem\" class=\"wp-block-madden-theme-responsive-spacer responsive-spacer-d60cfd2d-c9e3-428b-b73c-736fe796ef01\"><style>@media (max-width: 781px) {\n          .responsive-spacer-d60cfd2d-c9e3-428b-b73c-736fe796ef01 {\n            height: 3rem !important;\n          }\n        }<\/style><\/div>\n\n\n\n<p class=\"message-icon caption caption-left center-on-mobile has-white-color has-text-color has-link-color has-small-font-size main-column-auto wp-elements-9e1e8a11c596f788c6144b205d487fce\" style=\"margin-top:0;margin-bottom:0;max-width:80rem\"><a href=\"\/es\/events\/\" data-type=\"page\" data-id=\"21\"><strong>Echa un vistazo a lo que est\u00e1 ocurriendo ahora en Nampa.<\/strong><\/a><\/p>\n<\/div>\n<\/div><\/div>\n\n\n\n<div class=\"wp-block-group alignfull is-layout-flow wp-block-group-is-layout-flow\" style=\"margin-top:0px;margin-bottom:-7rem\">\n<figure class=\"wp-block-image alignfull size-full\"><img decoding=\"async\" src=\"https:\/\/visitnampa.org\/wp-content\/uploads\/2024\/09\/accent_section_swoop.svg\" alt=\"\" class=\"wp-image-187\" title=\"\"><\/figure>\n<\/div>\n\n\n\n<div class=\"wp-block-group is-layout-flow wp-block-group-is-layout-flow\" style=\"position:relative;z-index:1\">\n<div style=\"height:1rem\" class=\"wp-block-madden-theme-responsive-spacer responsive-spacer-89b14a9b-2063-408c-a406-0f87ac7cb80c\"><style>@media (max-width: 781px) {\n          .responsive-spacer-89b14a9b-2063-408c-a406-0f87ac7cb80c {\n            height: 1rem !important;\n          }\n        }<\/style><\/div>\n\n\n\n<div class=\"wp-block-group main-column-auto is-layout-flow wp-block-group-is-layout-flow\" style=\"margin-top:0;margin-bottom:0;max-width:80rem\"><div style=\"font-style:normal;font-weight:700; margin-top:0;margin-bottom:0;\" class=\"align wp-elements-78b1d75908f1aa542f6e5fbce05780ce wp-block-madden-theme-breadcrumbs has-text-color has-light-gray-color has-small-font-size has-body-font-family\"><nav aria-label=\"pan rallado\" class=\"rank-math-breadcrumb\"><p><span class=\"last\">Inicio<\/span><\/p><\/nav><\/div><\/div>\n\n\n\n<div style=\"height:1rem\" class=\"wp-block-madden-theme-responsive-spacer responsive-spacer-5e00e98c-c094-414f-8d6b-5c9b9a5f9f04\"><style>@media (max-width: 781px) {\n          .responsive-spacer-5e00e98c-c094-414f-8d6b-5c9b9a5f9f04 {\n            height: 1rem !important;\n          }\n        }<\/style><\/div>\n\n\n\n<p class=\"has-text-align-center has-light-gray-color has-text-color has-link-color main-column-auto wp-elements-49e8c4a5bcdef152846c5c53d5edd6cc\" style=\"margin-top:0;margin-bottom:0;font-style:normal;font-weight:700\">Estamos deseando conocerle<\/p>\n\n\n\n<div style=\"height:1.5rem\" class=\"wp-block-madden-theme-responsive-spacer responsive-spacer-0a925ce7-e4b9-4ab4-97c1-16c0aba85c07\"><style>@media (max-width: 781px) {\n          .responsive-spacer-0a925ce7-e4b9-4ab4-97c1-16c0aba85c07 {\n            height: 1.5rem !important;\n          }\n        }<\/style><\/div>\n\n\n\n<hr class=\"wp-block-separator has-alpha-channel-opacity is-style-multi-color is-style-multi-color-dark\" style=\"margin-top:0;margin-bottom:0\"\/>\n\n\n\n<div style=\"height:1rem\" class=\"wp-block-madden-theme-responsive-spacer responsive-spacer-0495cfec-b94c-465e-a8d5-5dc3dcc9669e\"><style>@media (max-width: 781px) {\n          .responsive-spacer-0495cfec-b94c-465e-a8d5-5dc3dcc9669e {\n            height: 1rem !important;\n          }\n        }<\/style><\/div>\n\n\n\n<h2 class=\"wp-block-heading has-text-align-center main-column-auto\" style=\"margin-top:0;margin-bottom:0\">Recursos<\/h2>\n\n\n\n<div style=\"height:1rem\" class=\"wp-block-madden-theme-responsive-spacer responsive-spacer-f7875093-3e64-4d5d-b46f-45283b104a91\"><style>@media (max-width: 781px) {\n          .responsive-spacer-f7875093-3e64-4d5d-b46f-45283b104a91 {\n            height: 1rem !important;\n          }\n        }<\/style><\/div>\n\n\n\n<p class=\"has-text-align-center main-column-auto\" style=\"margin-top:0;margin-bottom:0;max-width:45rem\">Tenemos excelentes recursos de la zona para usted que le ayudar\u00e1n a empezar a planificar su viaje a Nampa.<\/p>\n<\/div>\n<\/div>\n\n\n\n<div style=\"height:4rem\" class=\"wp-block-madden-theme-responsive-spacer responsive-spacer-bfe5655e-9c8d-45ae-8487-654e43ee1dfd\"><style>@media (max-width: 781px) {\n          .responsive-spacer-bfe5655e-9c8d-45ae-8487-654e43ee1dfd {\n            height: 3rem !important;\n          }\n        }<\/style><\/div>\n\n\n\n<div class=\"wp-block-columns main-column-auto is-layout-flex wp-container-core-columns-is-layout-b4ea75ca wp-block-columns-is-layout-flex\" style=\"margin-top:0;margin-bottom:0\">\n<div class=\"wp-block-column is-layout-flow wp-block-column-is-layout-flow\">\n<div class=\"style-stacked align wp-block-madden-theme-single-post\" >\n\t<div class=\"wp-block-madden-theme-single-post__wrapper\">\n\t\t<a href=\"https:\/\/visitnampa.org\/es\/resources\/digital-map\/\">\n\t\t\t<img loading=\"lazy\" decoding=\"async\" width=\"570\" height=\"322\" src=\"https:\/\/visitnampa.org\/wp-content\/uploads\/2024\/09\/lavender-fest-9430.jpg\" class=\"attachment-large size-large\" alt=\"A girl in a lavender field at Nampa&#039;s lavender festival.\" srcset=\"https:\/\/visitnampa.org\/wp-content\/uploads\/2024\/09\/lavender-fest-9430.jpg 570w, https:\/\/visitnampa.org\/wp-content\/uploads\/2024\/09\/lavender-fest-9430-300x169.jpg 300w\" sizes=\"auto, (max-width: 570px) 100vw, 570px\" title=\"\">\t\t<\/a>\n\n\t\t\t\t\t<strong class=\"secondary-header\">\n\t\t\t\tScroll &amp; Click - Es Digital\t\t\t<\/strong>\n\t\t\n\t\t<h2 class=\"wp-block-madden-theme-single-post__title\">\n\t\t\t<a href=\"https:\/\/visitnampa.org\/es\/resources\/digital-map\/\">\n\t\t\t\tMapa digital\t\t\t<\/a>\n\t\t<\/h2>\n\n\t\t\t\t\t<p class=\"excerpt\">\n\t\t\t\tCuando visites Nampa, tenemos un gran recurso para ti que te ayudar\u00e1 a moverte por Nampa y explorar todos estos lugares: \u00a1un mapa digital!\t\t\t<\/p>\n\t\t\n\t\t\t\t\t<a class=\"wp-block-read-more has-text-color has-white-color has-background has-light-blue-background-color has-body-font-family\" href=\"https:\/\/visitnampa.org\/es\/resources\/digital-map\/\" target=\"_self\">Ver m\u00e1s<span class=\"screen-reader-text\">: Mapa digital<\/span><\/a>\n\t\t\n\t<\/div>\n<\/div>\n\n<\/div>\n\n\n\n<div class=\"wp-block-column is-layout-flow wp-block-column-is-layout-flow\">\n<div class=\"style-stacked align wp-block-madden-theme-single-post\" >\n\t<div class=\"wp-block-madden-theme-single-post__wrapper\">\n\t\t<a href=\"https:\/\/visitnampa.org\/es\/resources\/farmers-markets\/\">\n\t\t\t<img loading=\"lazy\" decoding=\"async\" width=\"1024\" height=\"548\" src=\"https:\/\/visitnampa.org\/wp-content\/uploads\/2024\/09\/image_header_things_to_do-1024x548.jpg\" class=\"attachment-large size-large\" alt=\"Vineyard grapes in Nampa, Idaho, showcasing fun things to do nearby, including wine tours and top places to visit in the region.\" srcset=\"https:\/\/visitnampa.org\/wp-content\/uploads\/2024\/09\/image_header_things_to_do-1024x548.jpg 1024w, https:\/\/visitnampa.org\/wp-content\/uploads\/2024\/09\/image_header_things_to_do-300x161.jpg 300w, https:\/\/visitnampa.org\/wp-content\/uploads\/2024\/09\/image_header_things_to_do-768x411.jpg 768w, https:\/\/visitnampa.org\/wp-content\/uploads\/2024\/09\/image_header_things_to_do-1536x823.jpg 1536w, https:\/\/visitnampa.org\/wp-content\/uploads\/2024\/09\/image_header_things_to_do.jpg 2048w\" sizes=\"auto, (max-width: 1024px) 100vw, 1024px\" title=\"\">\t\t<\/a>\n\n\t\t\t\t\t<strong class=\"secondary-header\">\n\t\t\t\tDe compras\t\t\t<\/strong>\n\t\t\n\t\t<h2 class=\"wp-block-madden-theme-single-post__title\">\n\t\t\t<a href=\"https:\/\/visitnampa.org\/es\/resources\/farmers-markets\/\">\n\t\t\t\tMercados agr\u00edcolas\t\t\t<\/a>\n\t\t<\/h2>\n\n\t\t\t\t\t<p class=\"excerpt\">\n\t\t\t\tGranjeros, artesanos, vendedores de comida y panaderos se instalan cada s\u00e1bado para vender sus productos en el centro hist\u00f3rico de Nampa, en el parque Lloyd Square.\t\t\t<\/p>\n\t\t\n\t\t\t\t\t<a class=\"wp-block-read-more has-text-color has-white-color has-background has-light-blue-background-color has-body-font-family\" href=\"https:\/\/visitnampa.org\/es\/resources\/farmers-markets\/\" target=\"_self\">Ver m\u00e1s<span class=\"screen-reader-text\">: Mercados agr\u00edcolas<\/span><\/a>\n\t\t\n\t<\/div>\n<\/div>\n\n<\/div>\n\n\n\n<div class=\"wp-block-column is-layout-flow wp-block-column-is-layout-flow\">\n<div class=\"style-stacked align wp-block-madden-theme-single-post\" >\n\t<div class=\"wp-block-madden-theme-single-post__wrapper\">\n\t\t<a href=\"https:\/\/visitnampa.org\/es\/resources\/the-ford-idaho-center\/\">\n\t\t\t<img loading=\"lazy\" decoding=\"async\" width=\"1024\" height=\"683\" src=\"https:\/\/visitnampa.org\/wp-content\/uploads\/2024\/09\/fic-2022-chesney-128-1024x683.jpeg\" class=\"attachment-large size-large\" alt=\"Kenny Chesney concert at the outdoor amphitheater at the Ford Idaho Center in Nampa, Idaho\" srcset=\"https:\/\/visitnampa.org\/wp-content\/uploads\/2024\/09\/fic-2022-chesney-128-1024x683.jpeg 1024w, https:\/\/visitnampa.org\/wp-content\/uploads\/2024\/09\/fic-2022-chesney-128-300x200.jpeg 300w, https:\/\/visitnampa.org\/wp-content\/uploads\/2024\/09\/fic-2022-chesney-128-768x512.jpeg 768w, https:\/\/visitnampa.org\/wp-content\/uploads\/2024\/09\/fic-2022-chesney-128-1536x1024.jpeg 1536w, https:\/\/visitnampa.org\/wp-content\/uploads\/2024\/09\/fic-2022-chesney-128-scaled.jpeg 2048w\" sizes=\"auto, (max-width: 1024px) 100vw, 1024px\" title=\"\">\t\t<\/a>\n\n\t\t\t\t\t<strong class=\"secondary-header\">\n\t\t\t\tEntretenerse\t\t\t<\/strong>\n\t\t\n\t\t<h2 class=\"wp-block-madden-theme-single-post__title\">\n\t\t\t<a href=\"https:\/\/visitnampa.org\/es\/resources\/the-ford-idaho-center\/\">\n\t\t\t\tCentro Ford Idaho\t\t\t<\/a>\n\t\t<\/h2>\n\n\t\t\t\t\t<p class=\"excerpt\">\n\t\t\t\tYa sea un concierto, una feria anual, los rodeos o simplemente las almendras tostadas con canela, en el Ford Idaho Center hay algo para todos los gustos durante todo el a\u00f1o.\t\t\t<\/p>\n\t\t\n\t\t\t\t\t<a class=\"wp-block-read-more has-text-color has-white-color has-background has-light-blue-background-color has-body-font-family\" href=\"https:\/\/visitnampa.org\/es\/resources\/the-ford-idaho-center\/\" target=\"_self\">Ver m\u00e1s<span class=\"screen-reader-text\">: Centro Ford Idaho<\/span><\/a>\n\t\t\n\t<\/div>\n<\/div>\n\n<\/div>\n<\/div>\n\n\n\n<div style=\"height:4rem\" class=\"wp-block-madden-theme-responsive-spacer responsive-spacer-4cc689da-7e3f-4c5a-8448-27ec5400ad94\"><style>@media (max-width: 781px) {\n          .responsive-spacer-4cc689da-7e3f-4c5a-8448-27ec5400ad94 {\n            height: 4rem !important;\n          }\n        }<\/style><\/div>\n\n\n\n<div class=\"wp-block-columns main-column-auto is-layout-flex wp-container-core-columns-is-layout-b4ea75ca wp-block-columns-is-layout-flex\" style=\"margin-top:0;margin-bottom:0\">\n<div class=\"wp-block-column is-layout-flow wp-block-column-is-layout-flow\">\n<div class=\"style-stacked align wp-block-madden-theme-single-post\" >\n\t<div class=\"wp-block-madden-theme-single-post__wrapper\">\n\t\t<a href=\"https:\/\/visitnampa.org\/es\/resources\/the-great-outdoors\/\">\n\t\t\t<img loading=\"lazy\" decoding=\"async\" width=\"1024\" height=\"548\" src=\"https:\/\/visitnampa.org\/wp-content\/uploads\/2024\/09\/image_card_scenic_byways-1024x548.jpg\" class=\"attachment-large size-large\" alt=\"Scenic byways in Nampa, Idaho.\" srcset=\"https:\/\/visitnampa.org\/wp-content\/uploads\/2024\/09\/image_card_scenic_byways-1024x548.jpg 1024w, https:\/\/visitnampa.org\/wp-content\/uploads\/2024\/09\/image_card_scenic_byways-300x161.jpg 300w, https:\/\/visitnampa.org\/wp-content\/uploads\/2024\/09\/image_card_scenic_byways-768x411.jpg 768w, https:\/\/visitnampa.org\/wp-content\/uploads\/2024\/09\/image_card_scenic_byways-1536x823.jpg 1536w, https:\/\/visitnampa.org\/wp-content\/uploads\/2024\/09\/image_card_scenic_byways.jpg 2048w\" sizes=\"auto, (max-width: 1024px) 100vw, 1024px\" title=\"\">\t\t<\/a>\n\n\t\t\t\t\t<strong class=\"secondary-header\">\n\t\t\t\tUn sinf\u00edn de aventuras al aire libre\t\t\t<\/strong>\n\t\t\n\t\t<h2 class=\"wp-block-madden-theme-single-post__title\">\n\t\t\t<a href=\"https:\/\/visitnampa.org\/es\/resources\/the-great-outdoors\/\">\n\t\t\t\tAl aire libre\t\t\t<\/a>\n\t\t<\/h2>\n\n\t\t\t\t\t<p class=\"excerpt\">\n\t\t\t\tDesde senderismo, paseos en barco y pesca hasta un pu\u00f1ado de campos de golf, la zona de Nampa es un para\u00edso para los amantes del aire libre.\t\t\t<\/p>\n\t\t\n\t\t\t\t\t<a class=\"wp-block-read-more has-text-color has-white-color has-background has-light-blue-background-color has-body-font-family\" href=\"https:\/\/visitnampa.org\/es\/resources\/the-great-outdoors\/\" target=\"_self\">Ver m\u00e1s<span class=\"screen-reader-text\">: Al aire libre<\/span><\/a>\n\t\t\n\t<\/div>\n<\/div>\n\n<\/div>\n\n\n\n<div class=\"wp-block-column is-layout-flow wp-block-column-is-layout-flow\">\n<div class=\"style-stacked align wp-block-madden-theme-single-post\" >\n\t<div class=\"wp-block-madden-theme-single-post__wrapper\">\n\t\t<a href=\"https:\/\/visitnampa.org\/es\/resources\/craft-beer\/\">\n\t\t\t<img loading=\"lazy\" decoding=\"async\" width=\"1024\" height=\"819\" src=\"https:\/\/visitnampa.org\/wp-content\/uploads\/2024\/09\/245180861_1244430982710563_288649986997885221_n-1024x819.jpg\" class=\"attachment-large size-large\" alt=\"\" srcset=\"https:\/\/visitnampa.org\/wp-content\/uploads\/2024\/09\/245180861_1244430982710563_288649986997885221_n-1024x819.jpg 1024w, https:\/\/visitnampa.org\/wp-content\/uploads\/2024\/09\/245180861_1244430982710563_288649986997885221_n-300x240.jpg 300w, https:\/\/visitnampa.org\/wp-content\/uploads\/2024\/09\/245180861_1244430982710563_288649986997885221_n-768x614.jpg 768w, https:\/\/visitnampa.org\/wp-content\/uploads\/2024\/09\/245180861_1244430982710563_288649986997885221_n.jpg 1440w\" sizes=\"auto, (max-width: 1024px) 100vw, 1024px\" title=\"\">\t\t<\/a>\n\n\t\t\t\t\t<strong class=\"secondary-header\">\n\t\t\t\tCervezas locales de barril\t\t\t<\/strong>\n\t\t\n\t\t<h2 class=\"wp-block-madden-theme-single-post__title\">\n\t\t\t<a href=\"https:\/\/visitnampa.org\/es\/resources\/craft-beer\/\">\n\t\t\t\tCerveza artesanal\t\t\t<\/a>\n\t\t<\/h2>\n\n\t\t\t\t\t<p class=\"excerpt\">\n\t\t\t\tLa zona de Nampa-Caldwell cuenta con dos de las cervecer\u00edas m\u00e1s populares del estado, as\u00ed como con numerosos pubs y restaurantes donde podr\u00e1 encontrar cervezas locales de barril.\t\t\t<\/p>\n\t\t\n\t\t\t\t\t<a class=\"wp-block-read-more has-text-color has-white-color has-background has-light-blue-background-color has-body-font-family\" href=\"https:\/\/visitnampa.org\/es\/resources\/craft-beer\/\" target=\"_self\">Ver m\u00e1s<span class=\"screen-reader-text\">: Cerveza artesanal<\/span><\/a>\n\t\t\n\t<\/div>\n<\/div>\n\n<\/div>\n\n\n\n<div class=\"wp-block-column is-layout-flow wp-block-column-is-layout-flow\"><\/div>\n<\/div>\n\n\n\n<div style=\"height:7rem\" class=\"wp-block-madden-theme-responsive-spacer responsive-spacer-83915403-5619-4a37-b650-cc2f1336625c\"><style>@media (max-width: 781px) {\n          .responsive-spacer-83915403-5619-4a37-b650-cc2f1336625c {\n            height: 5rem !important;\n          }\n        }<\/style><\/div>","protected":false},"excerpt":{"rendered":"<p>Estamos deseando conocerle Recursos Tenemos para usted excelentes recursos de la zona que le ayudar\u00e1n a empezar a planificar su viaje a Nampa.<\/p>","protected":false},"author":1,"featured_media":440,"parent":0,"menu_order":0,"comment_status":"closed","ping_status":"closed","template":"","meta":{"_acf_changed":false,"footnotes":""},"class_list":["post-507","page","type-page","status-publish","has-post-thumbnail","hentry"],"acf":[],"_links":{"self":[{"href":"https:\/\/visitnampa.org\/es\/wp-json\/wp\/v2\/pages\/507","targetHints":{"allow":["GET"]}}],"collection":[{"href":"https:\/\/visitnampa.org\/es\/wp-json\/wp\/v2\/pages"}],"about":[{"href":"https:\/\/visitnampa.org\/es\/wp-json\/wp\/v2\/types\/page"}],"author":[{"embeddable":true,"href":"https:\/\/visitnampa.org\/es\/wp-json\/wp\/v2\/users\/1"}],"replies":[{"embeddable":true,"href":"https:\/\/visitnampa.org\/es\/wp-json\/wp\/v2\/comments?post=507"}],"version-history":[{"count":18,"href":"https:\/\/visitnampa.org\/es\/wp-json\/wp\/v2\/pages\/507\/revisions"}],"predecessor-version":[{"id":1735,"href":"https:\/\/visitnampa.org\/es\/wp-json\/wp\/v2\/pages\/507\/revisions\/1735"}],"wp:featuredmedia":[{"embeddable":true,"href":"https:\/\/visitnampa.org\/es\/wp-json\/wp\/v2\/media\/440"}],"wp:attachment":[{"href":"https:\/\/visitnampa.org\/es\/wp-json\/wp\/v2\/media?parent=507"}],"curies":[{"name":"wp","href":"https:\/\/api.w.org\/{rel}","templated":true}]}}