{"id":2209,"date":"2025-04-28T13:28:27","date_gmt":"2025-04-28T19:28:27","guid":{"rendered":"https:\/\/visitnampa.org\/?page_id=2209"},"modified":"2025-08-13T17:26:49","modified_gmt":"2025-08-13T23:26:49","slug":"where-to-go-horseback-riding-in-and-around-nampa","status":"publish","type":"page","link":"https:\/\/visitnampa.org\/es\/where-to-go-horseback-riding-in-and-around-nampa\/","title":{"rendered":"D\u00f3nde montar a caballo en Nampa y sus alrededores"},"content":{"rendered":"<div class=\"wp-block-group alignfull is-layout-flow wp-block-group-is-layout-flow\" style=\"min-height:0px;margin-top:0px;margin-bottom:0px\">\n<div class=\"wp-block-cover alignfull cover-w-caption is-style-page-title\"><span aria-hidden=\"true\" class=\"wp-block-cover__background has-black-background-color has-background-dim-30 has-background-dim\"><\/span><img loading=\"lazy\" decoding=\"async\" width=\"2048\" height=\"1366\" src=\"https:\/\/visitnampa.org\/wp-content\/uploads\/AdobeStock_1420284568-scaled.jpeg\" class=\"wp-block-cover__image-background wp-post-image\" alt=\"\" data-object-fit=\"cover\" srcset=\"https:\/\/visitnampa.org\/wp-content\/uploads\/AdobeStock_1420284568-scaled.jpeg 2048w, https:\/\/visitnampa.org\/wp-content\/uploads\/AdobeStock_1420284568-300x200.jpeg 300w, https:\/\/visitnampa.org\/wp-content\/uploads\/AdobeStock_1420284568-1024x683.jpeg 1024w, https:\/\/visitnampa.org\/wp-content\/uploads\/AdobeStock_1420284568-768x512.jpeg 768w, https:\/\/visitnampa.org\/wp-content\/uploads\/AdobeStock_1420284568-1536x1024.jpeg 1536w, https:\/\/visitnampa.org\/wp-content\/uploads\/AdobeStock_1420284568-18x12.jpeg 18w\" sizes=\"auto, (max-width: 2048px) 100vw, 2048px\" title=\"\"><div class=\"wp-block-cover__inner-container is-layout-flow wp-block-cover-is-layout-flow\">\n<div class=\"wp-block-group is-layout-flow wp-block-group-is-layout-flow\" style=\"margin-top:0;margin-bottom:0\">\n<h1 class=\"wp-block-heading has-text-align-center main-column-auto has-white-color has-text-color has-link-color wp-elements-d188cc8deb8331680171e04c6942a9b9\" style=\"margin-top:0;margin-bottom:0\">Cosas que hacer<\/h1>\n\n\n\n<div style=\"height:1rem\" class=\"wp-block-madden-theme-responsive-spacer responsive-spacer-5f6f7555-aac3-4b55-b6fe-edc9fedb7b1e\"><style>@media (max-width: 781px) {\n          .responsive-spacer-5f6f7555-aac3-4b55-b6fe-edc9fedb7b1e {\n            height: 1rem !important;\n          }\n        }<\/style><\/div>\n\n\n\n<p class=\"has-text-align-center has-white-color has-text-color has-link-color wp-elements-2ee4143d218ebfb46989fc46527795c1\" style=\"margin-top:0;margin-bottom:0;font-style:normal;font-weight:700\"><p class=\"has-text-align-center has-white-color has-text-color has-link-color main-column-auto\" style=\"margin-top:0;margin-bottom:0;font-style:normal;font-weight:700;max-width:45rem\">Nampa tiene tantas oportunidades para que usted experimente aqu\u00ed que se quedar\u00e1 con ganas de volver y probar algo m\u00e1s. Echa un vistazo a continuaci\u00f3n a todas las diferentes cosas que hacer.<\/p><\/p>\n<\/div>\n\n\n\n<div class=\"wp-block-group is-layout-flow wp-block-group-is-layout-flow\" style=\"margin-top:0;margin-bottom:0\">\n<div style=\"height:4rem\" class=\"wp-block-madden-theme-responsive-spacer responsive-spacer-809c9186-d90c-4b6e-8242-be5c580ee735\"><style>@media (max-width: 781px) {\n          .responsive-spacer-809c9186-d90c-4b6e-8242-be5c580ee735 {\n            height: 3rem !important;\n          }\n        }<\/style><\/div>\n\n\n\n<p class=\"has-white-color has-text-color has-link-color has-small-font-size wp-elements-93e27311a9c429666479a62c1a6a8c5d\" style=\"margin-top:0;margin-bottom:0\"><p class=\"message-icon caption caption-left center-on-mobile has-white-color has-text-color has-link-color has-small-font-size main-column-auto\" style=\"margin-top:0;margin-bottom:0;max-width:80rem\"><a href=\"\/es\/events\/\" data-type=\"page\" data-id=\"21\"><strong>Echa un vistazo a lo que est\u00e1 ocurriendo ahora en Nampa.<\/strong><\/a><\/p><\/p>\n<\/div>\n<\/div><\/div>\n\n\n\n<div class=\"wp-block-group alignfull is-layout-flow wp-block-group-is-layout-flow\" style=\"margin-top:0px;margin-bottom:-7rem\">\n<figure class=\"wp-block-image alignfull size-full\"><img decoding=\"async\" src=\"https:\/\/visitnampa.org\/wp-content\/uploads\/2024\/09\/accent_section_swoop.svg\" alt=\"\" class=\"wp-image-187\" title=\"\"><\/figure>\n<\/div>\n\n\n\n<div class=\"wp-block-group is-layout-flow wp-block-group-is-layout-flow\">\n<div style=\"height:1rem\" class=\"wp-block-madden-theme-responsive-spacer responsive-spacer-368d2526-477e-4d5e-8589-6096d0d2a8e5\"><style>@media (max-width: 781px) {\n          .responsive-spacer-368d2526-477e-4d5e-8589-6096d0d2a8e5 {\n            height: 1rem !important;\n          }\n        }<\/style><\/div>\n\n\n\n<div class=\"wp-block-group main-column-auto is-layout-flow wp-block-group-is-layout-flow\" style=\"margin-top:0;margin-bottom:0\"><div style=\"font-style:normal;font-weight:700; margin-top:0;margin-bottom:0;\" class=\"align wp-elements-78b1d75908f1aa542f6e5fbce05780ce wp-block-madden-theme-breadcrumbs has-text-color has-light-gray-color has-small-font-size has-body-font-family\"><nav aria-label=\"pan rallado\" class=\"rank-math-breadcrumb\"><p><span class=\"last\">Inicio<\/span><\/p><\/nav><\/div><\/div>\n\n\n\n<div style=\"height:1rem\" class=\"wp-block-madden-theme-responsive-spacer responsive-spacer-55c20e0a-f0bd-40e6-8fb6-33c9dca94768\"><style>@media (max-width: 781px) {\n          .responsive-spacer-55c20e0a-f0bd-40e6-8fb6-33c9dca94768 {\n            height: 1rem !important;\n          }\n        }<\/style><\/div>\n\n\n\n<div style=\"height:1.5rem\" class=\"wp-block-madden-theme-responsive-spacer responsive-spacer-58a69215-077b-4605-8840-480fefdfe8e3\"><style>@media (max-width: 781px) {\n          .responsive-spacer-58a69215-077b-4605-8840-480fefdfe8e3 {\n            height: 1.5rem !important;\n          }\n        }<\/style><\/div>\n\n\n\n<div style=\"height:1rem\" class=\"wp-block-madden-theme-responsive-spacer responsive-spacer-4325fac1-018c-4d89-8701-962edd651f1a\"><style>@media (max-width: 781px) {\n          .responsive-spacer-4325fac1-018c-4d89-8701-962edd651f1a {\n            height: 1rem !important;\n          }\n        }<\/style><\/div>\n\n\n\n<h2 class=\"wp-block-heading has-text-align-center main-column-auto\" style=\"margin-top:0;margin-bottom:0\">D\u00f3nde montar a caballo en Nampa, ID<\/h2>\n\n\n\n<div style=\"height:1rem\" class=\"wp-block-madden-theme-responsive-spacer responsive-spacer-39832c89-2f44-4888-b065-f2fbf7332d7b\"><style>@media (max-width: 781px) {\n          .responsive-spacer-39832c89-2f44-4888-b065-f2fbf7332d7b {\n            height: 1rem !important;\n          }\n        }<\/style><\/div>\n\n\n\n<p class=\"has-text-align-left\"><p class=\"has-text-align-left main-column-auto\" style=\"max-width:undefinedrem\">Vistas panor\u00e1micas y el suave \"clip-clop\" de los cascos sobre un camino de tierra... No hay nada como sumergirse en la serenidad de la naturaleza a lomos de un caballo. Montar a caballo no s\u00f3lo es una forma \u00fanica de conectar con la naturaleza, sino tambi\u00e9n una divertida aventura familiar que recordar\u00e1 y apreciar\u00e1 durante a\u00f1os. Si quiere a\u00f1adir una atracci\u00f3n ecuestre a sus planes de vacaciones en el suroeste de Idaho, p\u00f3ngase las botas y prep\u00e1rese para ensillar. Hay varios destinos para montar a caballo en Nampa y sus alrededores, por lo que es una actividad estupenda para excursiones de un d\u00eda.<\/p><\/p>\n<\/div>\n<\/div>\n\n\n\n<h2 class=\"wp-block-heading\">Dunn Rite Ranch | Nampa, ID<\/h2>\n\n\n\n<p><a href=\"https:\/\/dunnriteranch.com\/\" target=\"_blank\" rel=\"noopener\">Rancho Dunn Rite<\/a> es un rancho de trabajo en Nampa donde los viajeros pueden disfrutar de descanso, relajaci\u00f3n y recreaci\u00f3n con sus caballos. Pruebe la arena, el corral redondo y el recorrido de senderos y, a continuaci\u00f3n, agasaje a su compa\u00f1ero equino con una estancia en el motel para caballos de grandes establos, donde podr\u00e1n pasar la noche y disfrutar de un peque\u00f1o grupo de amigos en los pastos.<\/p>\n\n\n\n<p>Si est\u00e1 planeando una reuni\u00f3n para sus vacaciones familiares, un retiro de empresa o un grupo ecuestre, \u00a1est\u00e1 de suerte! Dunn Rite es ideal para grupos grandes. Durante el d\u00eda, monte a caballo, juegue una partida de herraduras o inicie un torneo de hoyos de ma\u00edz. Cuando se ponga el sol, recargue pilas en su autocaravana en la zona de acampada seca o alquile el rancho de estilo tejano de 3.500 pies cuadrados. <a href=\"https:\/\/www.vrbo.com\/3689287\" target=\"_blank\" rel=\"noopener\">litera<\/a>Si est\u00e1s planeando una reuni\u00f3n para tus vacaciones familiares, un retiro de empresa o un grupo ecuestre, \u00a1est\u00e1s de suerte! Dunn Rite es perfecto para grupos grandes. Durante el d\u00eda, cabalgue, juegue una partida de herraduras o inicie un torneo de hoyos de ma\u00edz. Cuando se ponga el sol, recargue pilas en su autocaravana en la zona de acampada seca o alquile el rancho de estilo tejano de 3.500 pies cuadrados. <a href=\"https:\/\/www.vrbo.com\/3689287\" target=\"_blank\" rel=\"noopener\">litera<\/a>que incluye 22 literas, una cocina completa, un sistema multimedia y mucho m\u00e1s.<\/p>\n\n\n\n<h2 class=\"wp-block-heading\">Lazy R Ranch | Bend, ID<\/h2>\n\n\n\n<p>Situado a aproximadamente 1 hora y 40 minutos de Nampa, el <a href=\"https:\/\/idahoguestranch.com\/\" target=\"_blank\" rel=\"noopener\">Rancho Lazy R<\/a> es un aut\u00e9ntico rancho ganadero en activo de 4\u00aa generaci\u00f3n situado en el valle Dry Buck. Aqu\u00ed encontrar\u00e1 una gran variedad de rutas p\u00fablicas y privadas que se adaptar\u00e1n a su itinerario de vacaciones. Si su d\u00eda est\u00e1 repleto de actividades, reserve el paseo City Slicker para una r\u00e1pida excursi\u00f3n a trav\u00e9s de encantadores bosques de pinos ponderosa, praderas abiertas y pintorescos valles. \u00bfLe sobra tiempo? Pruebe la excursi\u00f3n Rough Rider para hacer un poco de todoterreno, o ap\u00fantese a una excursi\u00f3n personalizada de medio d\u00eda o de un d\u00eda entero. Tenga la seguridad de que, elija la excursi\u00f3n que elija, disfrutar\u00e1 de un paisaje incre\u00edble y tendr\u00e1 la oportunidad de avistar animales salvajes, como ciervos mulos, alces y osos.<\/p>\n\n\n\n<p>El rancho Lazy R no s\u00f3lo es un destino vacacional de primera categor\u00eda, sino tambi\u00e9n una excelente opci\u00f3n para retiros y reuniones familiares. Adem\u00e1s de montar a caballo, los grupos pueden practicar senderismo, ciclismo, pesca y otras actividades al aire libre. Para los que deseen dormir bajo las estrellas, los terrenos pueden albergar hasta 200 campistas. El rancho tambi\u00e9n ofrece habitaciones en el granero, una casa en el rancho y el Cottonwood Lodge para los hu\u00e9spedes que buscan m\u00e1s lujo. <a href=\"https:\/\/idahoguestranch.com\/lodging\/\" target=\"_blank\" rel=\"noopener\">opciones de alojamiento<\/a>.<\/p>\n\n\n\n<h2 class=\"wp-block-heading\">Rancho Flowing Springs | Robie Creek, ID<\/h2>\n\n\n\n<p><a href=\"https:\/\/www.flowingspringsranch.com\/\" target=\"_blank\" rel=\"noopener\">Rancho Flowing Springs<\/a> es un tranquilo refugio rodeado de caballos en libertad y naturaleza virgen en el coraz\u00f3n de Robie Creek, por lo que es un destino ideal para aquellos que buscan una verdadera escapada. Situado a 1 hora y 7 minutos de Nampa, este extenso rancho cuenta con 4.000 acres de terreno privado y arrendado a la espera de ser explorado. Los visitantes pueden elegir entre diversas excursiones guiadas a caballo, de una hora, dos horas, medio d\u00eda o un d\u00eda entero. Si desea ampliar su experiencia en las tierras salvajes del oeste, reserve una estancia en el lodge del rancho, de 2.000 metros cuadrados, o en la acogedora caba\u00f1a de 760 metros cuadrados.<\/p>\n\n\n\n<h2 class=\"wp-block-heading\">The Broken Road Ranch | Star, ID<\/h2>\n\n\n\n<p>Situado a unos 30 minutos de Nampa, <a href=\"https:\/\/thebrokenroadranch.com\/\" target=\"_blank\" rel=\"noopener\">El rancho Broken Road<\/a> es un destino acogedor que ayuda a vaqueros de todas las edades a sentirse c\u00f3modos en la silla de montar. Adem\u00e1s del entrenamiento en barriles, este rancho ofrece clases particulares de equitaci\u00f3n de media hora y una hora, orientadas a ayudar a los jinetes a encontrar su corcel perfecto, aprender t\u00e9cnicas b\u00e1sicas de equitaci\u00f3n y vencer los miedos que puedan tener. Cuando llegue el buen tiempo y los ni\u00f1os no vayan al colegio, ll\u00e9velos a los campamentos de verano del rancho, donde pasar\u00e1n tres d\u00edas aprendiendo patrones, ejercicios de instrucci\u00f3n, equitaci\u00f3n b\u00e1sica y mucho m\u00e1s.<\/p>\n\n\n\n<h2 class=\"wp-block-heading\">Qu\u00e9 llevar a una excursi\u00f3n a caballo<\/h2>\n\n\n\n<p>Antes de montar a caballo en Idaho, es importante asegurarse de estar preparado. No s\u00f3lo es necesario mantenerse hidratado y contar con la protecci\u00f3n solar adecuada, sino tambi\u00e9n estar preparado para las diferentes condiciones meteorol\u00f3gicas, que pueden variar desde ma\u00f1anas fr\u00edas a tardes calurosas.<\/p>\n\n\n\n<ul class=\"wp-block-list\">\n<li>Camisetas de manga larga y corta que evacuan la humedad<\/li>\n\n\n\n<li>Camisas vaqueras o del oeste<\/li>\n\n\n\n<li>Pantalones largos o vaqueros<\/li>\n\n\n\n<li>Chaqueta ligera y cortavientos repelente al agua<\/li>\n\n\n\n<li>Gafas de sol<\/li>\n\n\n\n<li>Sombrero de vaquero o gorra de b\u00e9isbol<\/li>\n\n\n\n<li>Botas vaqueras o botas de monta\u00f1a<\/li>\n\n\n\n<li>Botella de agua reutilizable<\/li>\n\n\n\n<li>Repelente de insectos y crema solar<\/li>\n<\/ul>\n\n\n\n<p><\/p>","protected":false},"excerpt":{"rendered":"<p>Where to Go Horseback Riding In Nampa, ID Panoramic views and the gentle \u201cclip-clop\u201d of hooves on a dirt trail \u2026 There\u2019s nothing quite like immersing yourself in nature\u2019s serenity on horseback. Not only is horseback riding a unique way to connect with the great outdoors, but it\u2019s also a fun family-friendly adventure that will [&hellip;]<\/p>\n","protected":false},"author":7,"featured_media":2214,"parent":0,"menu_order":0,"comment_status":"closed","ping_status":"closed","template":"","meta":{"_acf_changed":false,"footnotes":""},"class_list":["post-2209","page","type-page","status-publish","has-post-thumbnail","hentry"],"acf":[],"_links":{"self":[{"href":"https:\/\/visitnampa.org\/es\/wp-json\/wp\/v2\/pages\/2209","targetHints":{"allow":["GET"]}}],"collection":[{"href":"https:\/\/visitnampa.org\/es\/wp-json\/wp\/v2\/pages"}],"about":[{"href":"https:\/\/visitnampa.org\/es\/wp-json\/wp\/v2\/types\/page"}],"author":[{"embeddable":true,"href":"https:\/\/visitnampa.org\/es\/wp-json\/wp\/v2\/users\/7"}],"replies":[{"embeddable":true,"href":"https:\/\/visitnampa.org\/es\/wp-json\/wp\/v2\/comments?post=2209"}],"version-history":[{"count":4,"href":"https:\/\/visitnampa.org\/es\/wp-json\/wp\/v2\/pages\/2209\/revisions"}],"predecessor-version":[{"id":2337,"href":"https:\/\/visitnampa.org\/es\/wp-json\/wp\/v2\/pages\/2209\/revisions\/2337"}],"wp:featuredmedia":[{"embeddable":true,"href":"https:\/\/visitnampa.org\/es\/wp-json\/wp\/v2\/media\/2214"}],"wp:attachment":[{"href":"https:\/\/visitnampa.org\/es\/wp-json\/wp\/v2\/media?parent=2209"}],"curies":[{"name":"wp","href":"https:\/\/api.w.org\/{rel}","templated":true}]}}