{"id":2136,"date":"2025-03-10T14:58:53","date_gmt":"2025-03-10T20:58:53","guid":{"rendered":"https:\/\/visitnampa.org\/?page_id=2136"},"modified":"2025-04-28T13:07:11","modified_gmt":"2025-04-28T19:07:11","slug":"nampas-best-hiking-trails-2","status":"publish","type":"page","link":"https:\/\/visitnampa.org\/es\/nampas-best-hiking-trails-2\/","title":{"rendered":"Explorar la belleza natural: Las mejores rutas de senderismo de Nampa"},"content":{"rendered":"<div class=\"wp-block-group alignfull is-layout-flow wp-block-group-is-layout-flow\" style=\"min-height:0px;margin-top:0px;margin-bottom:0px\">\n<div class=\"wp-block-cover alignfull cover-w-caption is-style-page-title\"><span aria-hidden=\"true\" class=\"wp-block-cover__background has-black-background-color has-background-dim-30 has-background-dim\"><\/span><img loading=\"lazy\" decoding=\"async\" width=\"2048\" height=\"1366\" src=\"https:\/\/visitnampa.org\/wp-content\/uploads\/nampa-idaho-travel-guide-lakeview.jpg\" class=\"wp-block-cover__image-background wp-post-image\" alt=\"\" data-object-fit=\"cover\" srcset=\"https:\/\/visitnampa.org\/wp-content\/uploads\/nampa-idaho-travel-guide-lakeview.jpg 2048w, https:\/\/visitnampa.org\/wp-content\/uploads\/nampa-idaho-travel-guide-lakeview-300x200.jpg 300w, https:\/\/visitnampa.org\/wp-content\/uploads\/nampa-idaho-travel-guide-lakeview-1024x683.jpg 1024w, https:\/\/visitnampa.org\/wp-content\/uploads\/nampa-idaho-travel-guide-lakeview-768x512.jpg 768w, https:\/\/visitnampa.org\/wp-content\/uploads\/nampa-idaho-travel-guide-lakeview-1536x1024.jpg 1536w, https:\/\/visitnampa.org\/wp-content\/uploads\/nampa-idaho-travel-guide-lakeview-18x12.jpg 18w\" sizes=\"auto, (max-width: 2048px) 100vw, 2048px\" title=\"\"><div class=\"wp-block-cover__inner-container is-layout-flow wp-block-cover-is-layout-flow\">\n<div class=\"wp-block-group is-layout-flow wp-block-group-is-layout-flow\" style=\"margin-top:0;margin-bottom:0\">\n<h1 class=\"wp-block-heading has-text-align-center main-column-auto has-white-color has-text-color has-link-color wp-elements-d188cc8deb8331680171e04c6942a9b9\" style=\"margin-top:0;margin-bottom:0\">Cosas que hacer<\/h1>\n\n\n\n<div style=\"height:1rem\" class=\"wp-block-madden-theme-responsive-spacer responsive-spacer-562f6a53-4ff4-436d-8425-c1b3e4178f24\"><style>@media (max-width: 781px) {\n          .responsive-spacer-562f6a53-4ff4-436d-8425-c1b3e4178f24 {\n            height: 1rem !important;\n          }\n        }<\/style><\/div>\n\n\n\n<p class=\"has-text-align-center has-white-color has-text-color has-link-color wp-elements-b898ff8c8c96b49fdc83604c2f44c87e\" style=\"margin-top:0;margin-bottom:0;font-style:normal;font-weight:700\"><\/p>\n<\/div>\n\n\n\n<div class=\"wp-block-group is-layout-flow wp-block-group-is-layout-flow\" style=\"margin-top:0;margin-bottom:0\">\n<div style=\"height:4rem\" class=\"wp-block-madden-theme-responsive-spacer responsive-spacer-9866e07a-4ac5-4464-9d7a-a0da9b476f6c\"><style>@media (max-width: 781px) {\n          .responsive-spacer-9866e07a-4ac5-4464-9d7a-a0da9b476f6c {\n            height: 3rem !important;\n          }\n        }<\/style><\/div>\n\n\n\n<p class=\"has-white-color has-text-color has-link-color has-small-font-size wp-elements-525df23ab0c5ad0e889d02b582d94b12\" style=\"margin-top:0;margin-bottom:0\"><\/p>\n<\/div>\n<\/div><\/div>\n\n\n\n<div class=\"wp-block-group alignfull is-layout-flow wp-block-group-is-layout-flow\" style=\"margin-top:0px;margin-bottom:-7rem\">\n<figure class=\"wp-block-image alignfull size-full\"><img decoding=\"async\" src=\"https:\/\/visitnampa.org\/wp-content\/uploads\/2024\/09\/accent_section_swoop.svg\" alt=\"\" class=\"wp-image-187\" title=\"\"><\/figure>\n<\/div>\n\n\n\n<div class=\"wp-block-group is-layout-flow wp-block-group-is-layout-flow\">\n<div style=\"height:1rem\" class=\"wp-block-madden-theme-responsive-spacer responsive-spacer-7e84ca7d-fe84-4552-b930-9bf9c98e5892\"><style>@media (max-width: 781px) {\n          .responsive-spacer-7e84ca7d-fe84-4552-b930-9bf9c98e5892 {\n            height: 1rem !important;\n          }\n        }<\/style><\/div>\n\n\n\n<div class=\"wp-block-group main-column-auto is-layout-flow wp-block-group-is-layout-flow\" style=\"margin-top:0;margin-bottom:0\"><div style=\"font-style:normal;font-weight:700; margin-top:0;margin-bottom:0;\" class=\"align wp-elements-78b1d75908f1aa542f6e5fbce05780ce wp-block-madden-theme-breadcrumbs has-text-color has-light-gray-color has-small-font-size has-body-font-family\"><nav aria-label=\"pan rallado\" class=\"rank-math-breadcrumb\"><p><span class=\"last\">Inicio<\/span><\/p><\/nav><\/div><\/div>\n\n\n\n<div style=\"height:1rem\" class=\"wp-block-madden-theme-responsive-spacer responsive-spacer-d87f2a17-8dd0-4590-b879-d4d912caa27a\"><style>@media (max-width: 781px) {\n          .responsive-spacer-d87f2a17-8dd0-4590-b879-d4d912caa27a {\n            height: 1rem !important;\n          }\n        }<\/style><\/div>\n\n\n\n<div style=\"height:1.5rem\" class=\"wp-block-madden-theme-responsive-spacer responsive-spacer-84d07e1e-6228-461d-aa03-662751da01f6\"><style>@media (max-width: 781px) {\n          .responsive-spacer-84d07e1e-6228-461d-aa03-662751da01f6 {\n            height: 1.5rem !important;\n          }\n        }<\/style><\/div>\n\n\n\n<div style=\"height:1rem\" class=\"wp-block-madden-theme-responsive-spacer responsive-spacer-c22d5a8c-9551-47f7-a8d5-525c16eb7fdd\"><style>@media (max-width: 781px) {\n          .responsive-spacer-c22d5a8c-9551-47f7-a8d5-525c16eb7fdd {\n            height: 1rem !important;\n          }\n        }<\/style><\/div>\n\n\n\n<h2 class=\"wp-block-heading has-text-align-center main-column-auto\" style=\"margin-top:0;margin-bottom:0\">Explorar la belleza natural: Las mejores rutas de senderismo de Nampa<\/h2>\n\n\n\n<div style=\"height:1rem\" class=\"wp-block-madden-theme-responsive-spacer responsive-spacer-73c7deec-9cdb-41cb-9883-c3bee03f3482\"><style>@media (max-width: 781px) {\n          .responsive-spacer-73c7deec-9cdb-41cb-9883-c3bee03f3482 {\n            height: 1rem !important;\n          }\n        }<\/style><\/div>\n\n\n\n<p class=\"has-text-align-center\" style=\"margin-top:0;margin-bottom:0\"><\/p>\n<\/div>\n<\/div>\n\n\n\n<p>Rodeada por las laderas de vi\u00f1edos del Treasure Valley occidental, Nampa es una pintoresca escapada para desconectar y recargar pilas. Desde tranquilos paseos perfectos para observar aves hasta caminatas con flores silvestres y cascadas, la oportunidad de experimentar la <a href=\"https:\/\/visitnampa.org\/es\/resources\/the-great-outdoors\/\">al aire libre<\/a> en Nampa es inmejorable. \u00bfListo para descubrir algunos de los mejores lugares para hacer senderismo en Nampa? \u00a1Vamos all\u00e1!<\/p>\n\n\n\n<h2 class=\"wp-block-heading\">Sendero del Mart\u00edn Pescador<\/h2>\n\n\n\n<p>Situado en el <a href=\"https:\/\/www.fws.gov\/refuge\/deer-flat\" target=\"_blank\" rel=\"noopener\">Refugio Nacional de Vida Silvestre Deer Flat<\/a>El <a href=\"https:\/\/www.fws.gov\/refuge\/deer-flat\/visit-us\/trails\" target=\"_blank\" rel=\"noopener\">Sendero del Mart\u00edn Pescador<\/a> es un sendero relajado que sigue el borde boscoso del lago Lowell y serpentea a trav\u00e9s de tierras altas de artemisa. No olvide sus prism\u00e1ticos: es una de las mejores rutas de senderismo para observar aves, especialmente en el extremo este del sendero.,Longitud: 3,75 millas en un sentido,Wilson Creek Pathway,Si prefiere un sendero desarrollado para correr o montar en bicicleta, el,\u00a1ser\u00e1 su opci\u00f3n! Rodeado de imponentes \u00e1rboles y exuberante vegetaci\u00f3n, se puede acceder a este sendero por Sunnyridge Road, donde hay un punto de entrada justo al norte de la subdivisi\u00f3n de Stoneyridge. Si planea ir con amigos, aseg\u00farese de compartir el coche, ya que el aparcamiento es limitado. Los visitantes pueden aparcar al norte de Stoneyridge Subdivision a lo largo de Sunnyridge Road o junto al Wilson Creek Park.,Longitud: 3 millas<\/p>\n\n\n\n<p>Length: 3.75 mile one way<\/p>\n\n\n\n<h2 class=\"wp-block-heading\">Sendero Observation Hill<\/h2>\n\n\n\n<p>Otro <a href=\"https:\/\/www.fws.gov\/refuge\/deer-flat\" target=\"_blank\" rel=\"noopener\">Refugio Nacional de Vida Silvestre Deer Flat<\/a> de senderismo es el <a href=\"https:\/\/www.fws.gov\/refuge\/deer-flat\/visit-us\/trails\" target=\"_blank\" rel=\"noopener\">Sendero Observation Hill<\/a>. Este sendero apto para perros recorre las tierras altas de artemisa y le lleva a un mirador en la cima de Observation Hill. A continuaci\u00f3n, el sendero sigue la l\u00ednea de \u00e1rboles a lo largo del lago Lowell. Hay algunas colinas en la parte norte del bucle, pero un banco a lo largo del sendero y en el mirador ofrece un lugar perfecto para que usted y su cachorro descansen.<\/p>\n\n\n\n<p>Longitud: circuito de 3,25 millas<\/p>\n\n\n\n<h2 class=\"wp-block-heading\">Wilson Creek Pathway<\/h2>\n\n\n\n<p>If you prefer a developed path to run or bike, the <a href=\"https:\/\/www.nampaparksandrecreation.org\/facilities\/facility\/details\/Wilson-Pathway-34\" target=\"_blank\" rel=\"noopener\">Wilson Creek Pathway<\/a> will be your go-to! Surrounded by towering trees and lush greenery, this trail can be accessed on Sunnyridge Road where there is an entry point just north of the Stoneyridge Subdivision. If you plan to go with friends, be sure to carpool, as parking is limited. Visitors may park North of Stoneyridge Subdivision along Sunnyridge Road or by Wilson Creek Park.<\/p>\n\n\n\n<p>Length: 3 miles<\/p>\n\n\n\n<h2 class=\"wp-block-heading\">Sendero Wilson Creek<\/h2>\n\n\n\n<p>Cruzando varios arroyos y serpenteando a trav\u00e9s de praderas de vibrantes flores silvestres, el <a href=\"https:\/\/www.fs.usda.gov\/recarea\/boise\/null\/recarea\/?recid=5165&amp;actid=50\" target=\"_blank\" rel=\"noopener\">Sendero Wilson Creek<\/a> se encuentra dentro del <a href=\"https:\/\/www.fs.usda.gov\/boise\" target=\"_blank\" rel=\"noopener\">Bosque Nacional de Boise<\/a> y es una de las mejores rutas de senderismo de Nampa. Este sendero est\u00e1 clasificado como moderado, as\u00ed que aseg\u00farese de llevar mucha agua y tentempi\u00e9s para alimentar su cuerpo. Tenga en cuenta que el sistema de senderos est\u00e1 cerrado del 1 de octubre al 15 de junio de cada a\u00f1o.<\/p>\n\n\n\n<p>Longitud: 8 millas<\/p>\n\n\n\n<h2 class=\"wp-block-heading\">Sendero del Parque Osborne<\/h2>\n\n\n\n<p>Asentados en el suroeste de Nampa, los <a href=\"https:\/\/www.nampaparksandrecreation.org\/Facilities\/Facility\/Details\/Osborne-Park-21\" target=\"_blank\" rel=\"noopener\">Sendero del Parque Osborne<\/a> ofrece un sendero para pasear a lo largo del Parque Osborne. Disfrute de un desafiante campo de disc golf de nueve hoyos, abundantes zonas de c\u00e9sped para hacer picnic, un estanque y un parque infantil.<\/p>\n\n\n\n<h2 class=\"wp-block-heading\">Inicio del sendero de las cataratas de Jump Creek<\/h2>\n\n\n\n<p>\u00bfListo para una excursi\u00f3n de un d\u00eda? A una hora de Nampa se encuentra <a href=\"https:\/\/www.blm.gov\/visit\/jump-creek\" target=\"_blank\" rel=\"noopener\">Cascadas de Jump Creek<\/a>-una hermosa cascada de 18 metros en Jump Creek. Tras una sencilla caminata hasta las cataratas, refr\u00e9squese d\u00e1ndose un chapuz\u00f3n en las piscinas naturales o empiece a merendar en una de las zonas de picnic. Este lugar de excursi\u00f3n es ideal para familias y admite perros; s\u00f3lo hay que tener cuidado con la hiedra venenosa que crece en algunos tramos del sendero y el arroyo.<\/p>\n\n\n\n<p>Longitud: 0,6 millas ida y vuelta<\/p>\n\n\n\n<p>Ahora que ya est\u00e1s listo para descubrir las mejores rutas de senderismo de Nampa, recuerda que siempre debes decir a alguien ad\u00f3nde vas, llevar protecci\u00f3n solar, hidratarte y comprobar el tiempo que hace antes de salir. Y, como siempre, si no te apetece, no te apetece.<\/p>","protected":false},"excerpt":{"rendered":"<p>Exploring Natural Beauty: Nampa\u2019s Best Hiking Trails Surrounded by the vineyard hillsides of the western Treasure Valley, Nampa is a picturesque getaway to unplug and recharge. From leisurely strolls perfect for bird watching to hikes with wildflowers and waterfalls, the opportunity to experience the great outdoors in Nampa is unbeatable. Ready to discover some of [&hellip;]<\/p>\n","protected":false},"author":7,"featured_media":2040,"parent":0,"menu_order":0,"comment_status":"closed","ping_status":"closed","template":"","meta":{"_acf_changed":false,"footnotes":""},"class_list":["post-2136","page","type-page","status-publish","has-post-thumbnail","hentry"],"acf":[],"_links":{"self":[{"href":"https:\/\/visitnampa.org\/es\/wp-json\/wp\/v2\/pages\/2136","targetHints":{"allow":["GET"]}}],"collection":[{"href":"https:\/\/visitnampa.org\/es\/wp-json\/wp\/v2\/pages"}],"about":[{"href":"https:\/\/visitnampa.org\/es\/wp-json\/wp\/v2\/types\/page"}],"author":[{"embeddable":true,"href":"https:\/\/visitnampa.org\/es\/wp-json\/wp\/v2\/users\/7"}],"replies":[{"embeddable":true,"href":"https:\/\/visitnampa.org\/es\/wp-json\/wp\/v2\/comments?post=2136"}],"version-history":[{"count":6,"href":"https:\/\/visitnampa.org\/es\/wp-json\/wp\/v2\/pages\/2136\/revisions"}],"predecessor-version":[{"id":2206,"href":"https:\/\/visitnampa.org\/es\/wp-json\/wp\/v2\/pages\/2136\/revisions\/2206"}],"wp:featuredmedia":[{"embeddable":true,"href":"https:\/\/visitnampa.org\/es\/wp-json\/wp\/v2\/media\/2040"}],"wp:attachment":[{"href":"https:\/\/visitnampa.org\/es\/wp-json\/wp\/v2\/media?parent=2136"}],"curies":[{"name":"wp","href":"https:\/\/api.w.org\/{rel}","templated":true}]}}