{"id":2134,"date":"2025-03-10T14:56:46","date_gmt":"2025-03-10T20:56:46","guid":{"rendered":"https:\/\/visitnampa.org\/?page_id=2134"},"modified":"2025-04-28T13:10:16","modified_gmt":"2025-04-28T19:10:16","slug":"dog-parks","status":"publish","type":"page","link":"https:\/\/visitnampa.org\/es\/resources\/the-great-outdoors\/dog-parks\/","title":{"rendered":"Parques que admiten perros en Nampa"},"content":{"rendered":"<div class=\"wp-block-group alignfull is-layout-flow wp-block-group-is-layout-flow\" style=\"min-height:0px;margin-top:0px;margin-bottom:0px\">\n<div class=\"wp-block-cover alignfull cover-w-caption is-style-page-title\"><span aria-hidden=\"true\" class=\"wp-block-cover__background has-black-background-color has-background-dim-30 has-background-dim\"><\/span><img loading=\"lazy\" decoding=\"async\" width=\"2048\" height=\"1152\" src=\"https:\/\/visitnampa.org\/wp-content\/uploads\/Dog-Park-scaled.jpeg\" class=\"wp-block-cover__image-background wp-post-image\" alt=\"\" data-object-fit=\"cover\" srcset=\"https:\/\/visitnampa.org\/wp-content\/uploads\/Dog-Park-scaled.jpeg 2048w, https:\/\/visitnampa.org\/wp-content\/uploads\/Dog-Park-300x169.jpeg 300w, https:\/\/visitnampa.org\/wp-content\/uploads\/Dog-Park-1024x576.jpeg 1024w, https:\/\/visitnampa.org\/wp-content\/uploads\/Dog-Park-768x432.jpeg 768w, https:\/\/visitnampa.org\/wp-content\/uploads\/Dog-Park-1536x864.jpeg 1536w, https:\/\/visitnampa.org\/wp-content\/uploads\/Dog-Park-18x10.jpeg 18w\" sizes=\"auto, (max-width: 2048px) 100vw, 2048px\" title=\"\"><div class=\"wp-block-cover__inner-container is-layout-flow wp-block-cover-is-layout-flow\">\n<div class=\"wp-block-group is-layout-flow wp-block-group-is-layout-flow\" style=\"margin-top:0;margin-bottom:0\">\n<h1 class=\"wp-block-heading has-text-align-center main-column-auto has-white-color has-text-color has-link-color wp-elements-d188cc8deb8331680171e04c6942a9b9\" style=\"margin-top:0;margin-bottom:0\">Cosas que hacer<\/h1>\n\n\n\n<div style=\"height:1rem\" class=\"wp-block-madden-theme-responsive-spacer responsive-spacer-7eaa56dc-55b0-47c5-906d-0d29c426803b\"><style>@media (max-width: 781px) {\n          .responsive-spacer-7eaa56dc-55b0-47c5-906d-0d29c426803b {\n            height: 1rem !important;\n          }\n        }<\/style><\/div>\n\n\n\n<p class=\"has-text-align-center has-white-color has-text-color has-link-color wp-elements-2ee4143d218ebfb46989fc46527795c1\" style=\"margin-top:0;margin-bottom:0;font-style:normal;font-weight:700\"><p class=\"has-text-align-center has-white-color has-text-color has-link-color main-column-auto\" style=\"margin-top:0;margin-bottom:0;font-style:normal;font-weight:700;max-width:45rem\">Nampa tiene tantas oportunidades para que usted experimente aqu\u00ed que se quedar\u00e1 con ganas de volver y probar algo m\u00e1s. Echa un vistazo a continuaci\u00f3n a todas las diferentes cosas que hacer.<\/p><\/p>\n<\/div>\n\n\n\n<div class=\"wp-block-group is-layout-flow wp-block-group-is-layout-flow\" style=\"margin-top:0;margin-bottom:0\">\n<div style=\"height:4rem\" class=\"wp-block-madden-theme-responsive-spacer responsive-spacer-02613886-2296-4a64-8895-5375548857f0\"><style>@media (max-width: 781px) {\n          .responsive-spacer-02613886-2296-4a64-8895-5375548857f0 {\n            height: 3rem !important;\n          }\n        }<\/style><\/div>\n\n\n\n<p class=\"has-white-color has-text-color has-link-color has-small-font-size wp-elements-93e27311a9c429666479a62c1a6a8c5d\" style=\"margin-top:0;margin-bottom:0\"><p class=\"message-icon caption caption-left center-on-mobile has-white-color has-text-color has-link-color has-small-font-size main-column-auto\" style=\"margin-top:0;margin-bottom:0;max-width:80rem\"><a href=\"\/es\/events\/\" data-type=\"page\" data-id=\"21\"><strong>Echa un vistazo a lo que est\u00e1 ocurriendo ahora en Nampa.<\/strong><\/a><\/p><\/p>\n<\/div>\n<\/div><\/div>\n\n\n\n<div class=\"wp-block-group alignfull is-layout-flow wp-block-group-is-layout-flow\" style=\"margin-top:0px;margin-bottom:-7rem\">\n<figure class=\"wp-block-image alignfull size-full\"><img decoding=\"async\" src=\"https:\/\/visitnampa.org\/wp-content\/uploads\/2024\/09\/accent_section_swoop.svg\" alt=\"\" class=\"wp-image-187\" title=\"\"><\/figure>\n<\/div>\n\n\n\n<div class=\"wp-block-group is-layout-flow wp-block-group-is-layout-flow\">\n<div style=\"height:1rem\" class=\"wp-block-madden-theme-responsive-spacer responsive-spacer-abfcd9c7-adc1-40e6-bf00-9e17fc613656\"><style>@media (max-width: 781px) {\n          .responsive-spacer-abfcd9c7-adc1-40e6-bf00-9e17fc613656 {\n            height: 1rem !important;\n          }\n        }<\/style><\/div>\n\n\n\n<div class=\"wp-block-group main-column-auto is-layout-flow wp-block-group-is-layout-flow\" style=\"margin-top:0;margin-bottom:0\"><div style=\"font-style:normal;font-weight:700; margin-top:0;margin-bottom:0;\" class=\"align wp-elements-78b1d75908f1aa542f6e5fbce05780ce wp-block-madden-theme-breadcrumbs has-text-color has-light-gray-color has-small-font-size has-body-font-family\"><nav aria-label=\"pan rallado\" class=\"rank-math-breadcrumb\"><p><span class=\"last\">Inicio<\/span><\/p><\/nav><\/div><\/div>\n\n\n\n<div style=\"height:1rem\" class=\"wp-block-madden-theme-responsive-spacer responsive-spacer-7800162d-4017-4cfe-9974-288acc8cd4e9\"><style>@media (max-width: 781px) {\n          .responsive-spacer-7800162d-4017-4cfe-9974-288acc8cd4e9 {\n            height: 1rem !important;\n          }\n        }<\/style><\/div>\n\n\n\n<div style=\"height:1.5rem\" class=\"wp-block-madden-theme-responsive-spacer responsive-spacer-ad662420-60c4-49fe-87c1-67d8ca1971e3\"><style>@media (max-width: 781px) {\n          .responsive-spacer-ad662420-60c4-49fe-87c1-67d8ca1971e3 {\n            height: 1.5rem !important;\n          }\n        }<\/style><\/div>\n\n\n\n<div style=\"height:1rem\" class=\"wp-block-madden-theme-responsive-spacer responsive-spacer-33e89594-52f6-4c02-bc64-d938aae2157e\"><style>@media (max-width: 781px) {\n          .responsive-spacer-33e89594-52f6-4c02-bc64-d938aae2157e {\n            height: 1rem !important;\n          }\n        }<\/style><\/div>\n\n\n\n<h2 class=\"wp-block-heading has-text-align-center main-column-auto\" style=\"margin-top:0;margin-bottom:0\">Parques para perros en Nampa<\/h2>\n\n\n\n<div style=\"height:1rem\" class=\"wp-block-madden-theme-responsive-spacer responsive-spacer-27c77af2-6b2c-4107-803c-82b6ee4a9ec1\"><style>@media (max-width: 781px) {\n          .responsive-spacer-27c77af2-6b2c-4107-803c-82b6ee4a9ec1 {\n            height: 1rem !important;\n          }\n        }<\/style><\/div>\n<\/div>\n<\/div>\n\n\n\n<p>Enclavada en el Valle del Tesoro de Idaho se encuentra Nampa, una pintoresca ciudad con extensos vi\u00f1edos, un centro hist\u00f3rico, un animado mercado agr\u00edcola y, por supuesto, un mont\u00f3n de parques aptos para perros.<\/p>\n\n\n\n<h2 class=\"wp-block-heading\"><strong>Parque canino de Amity<\/strong><\/h2>\n\n\n\n<p>Este parque para perros de dos hect\u00e1reas es uno de los favoritos de la zona por su gran tama\u00f1o, sus extensas zonas de c\u00e9sped y sus senderos para pasear. Acoge a perros de todos los tama\u00f1os, <a href=\"https:\/\/www.nampaparksandrecreation.org\/Facilities\/Facility\/Details\/Amity-Dog-Park-3\" target=\"_blank\" rel=\"noopener\">Parque canino de Amity<\/a> cuenta con bancos, fuentes (para humanos y perros), zonas de sombra, aseos y un estanque para los perros amantes del agua. Hay zonas separadas para perros grandes, peque\u00f1os y mayores.<\/p>\n\n\n\n<p><strong>Direcci\u00f3n:<\/strong> 2900 2nd Street Sur<\/p>\n\n\n\n<h2 class=\"wp-block-heading\"><strong>Parque para perros Huckleberry<\/strong><\/h2>\n\n\n\n<p>Vence al calor en el nuevo <a href=\"https:\/\/www.nampaparksandrecreation.org\/Facilities\/Facility\/Details\/Huckleberry-Dog-Park-41\" target=\"_blank\" rel=\"noopener\">Parque para perros Huckleberry<\/a>\u00a1! Su cachorro podr\u00e1 disfrutar de una estaci\u00f3n de nebulizaci\u00f3n de agua con tem\u00e1tica arb\u00f3rea que le ayudar\u00e1 a mantenerse fresco en los d\u00edas calurosos, as\u00ed como de numerosos circuitos de paseo pavimentados, zonas de juego abiertas con c\u00e9sped y lugares a la sombra. Este parque de casi tres hect\u00e1reas, inaugurado en junio de 2024, es accesible para personas con discapacidad.<\/p>\n\n\n\n<p><strong>Direcci\u00f3n: <\/strong>11370 Avenida Smith<\/p>\n\n\n\n<h2 class=\"wp-block-heading\"><strong>Parque del lago Lowell<\/strong><\/h2>\n\n\n\n<p>Situado en la presa superior (lado este) del lago Lowell, <a href=\"https:\/\/www.canyoncounty.id.gov\/project\/lake-lowell-park\/\" target=\"_blank\" rel=\"noopener\">Parque del lago Lowell<\/a> es la escapada perfecta para un picnic, una partida de disc golf o incluso nadar. Sus amigos de cuatro patas son bienvenidos siempre que lleven una correa de dos metros. De mayo a octubre, pasee por el Sendero de los Cuentos, una senda en la que se exponen libros de cuentos en plataformas de lectura. En este parque no hay que pagar entrada.<\/p>\n\n\n\n<p><strong>Direcci\u00f3n:<\/strong> 12996 Avenida Iowa<\/p>\n\n\n\n<h2 class=\"wp-block-heading\"><strong>Parque del Oeste<\/strong><\/h2>\n\n\n\n<p>Sede del primer complejo de softball de Nampa, <a href=\"https:\/\/www.nampaparksandrecreation.org\/Facilities\/Facility\/Details\/West-Park-27\" target=\"_blank\" rel=\"noopener\">Parque del Oeste<\/a> es un centro deportivo de 44 acres con amplias zonas de picnic, pistas de voleibol de arena, disc golf, juegos infantiles y mucho m\u00e1s. Lleve a su cachorro con correa a pasear por West Park Trail, un sendero de 1,5 km que recorre el parque.<\/p>\n\n\n\n<p><strong>Direcci\u00f3n:<\/strong> 27 South Park Drive<\/p>\n\n\n\n<h2 class=\"wp-block-heading\"><strong>Aventuras gastron\u00f3micas que admiten mascotas<\/strong><\/h2>\n\n\n\n<p>Despu\u00e9s de jugar mucho en el parque (y conocer nuevos amigos), es hora de comer y repostar. Explore estos populares restaurantes de Nampa que cuentan con patios aptos para perros.<\/p>\n\n\n\n<ul class=\"wp-block-list\">\n<li>Situado en el centro de Nampa, <a href=\"https:\/\/www.facebook.com\/PreFunkBeerBarNampa\/\" target=\"_blank\" rel=\"noopener\">Cervecer\u00eda PreFunk<\/a> es el principal bar de la zona dedicado a la cerveza artesana. T\u00f3mate una cerveza negra, una IPA, una sour o una sidra y rel\u00e1jate en el patio, que admite perros. \u00bfTienes hambre? PreFunk permite comer fuera, as\u00ed que c\u00f3mprate una porci\u00f3n de pizza de <a href=\"https:\/\/www.facebook.com\/people\/Messenger-Pizza\/100032430986927\/\" target=\"_blank\" rel=\"noopener\">Mensajero Pizza<\/a> \u00a1justo al lado!<\/li>\n\n\n\n<li>Con caf\u00e9 tostado en casa y boller\u00eda reci\u00e9n hecha, el <a href=\"https:\/\/www.flyingmcoffee.com\/\" target=\"_blank\" rel=\"noopener\">Garaje Flying M Coffee<\/a><strong> <\/strong>se encuentra en un garaje Firestone de los a\u00f1os 60 renovado. No olvide visitar la tienda de regalos antes de dirigirse al patio.&nbsp; <strong>&nbsp;<\/strong><\/li>\n\n\n\n<li>Situado a poca distancia en coche en Meridian, <a href=\"https:\/\/www.moejoesbe.com\/\" target=\"_blank\" rel=\"noopener\">Moe Joe's Breakfast Eatery<\/a> es un favorito para los platos sure\u00f1os con influencia Tex-Mex. Opta por los cl\u00e1sicos chilaquiles o prueba las tortitas empapadas de bayas y jalape\u00f1os. Sus tortitas y tostadas francesas tambi\u00e9n se pueden hacer sin gluten.<\/li>\n\n\n\n<li><strong>Bonificaci\u00f3n:<\/strong> Camiones de comida y amigos peludos... \u00bfQu\u00e9 puede haber mejor? Traiga a su perro al Lloyd Square Park para el <a href=\"https:\/\/www.nampaparksandrecreation.org\/193\/Food-Truck-Rally-Goes-to-the-Dogs\" target=\"_blank\" rel=\"noopener\">Rally de camiones de comida<\/a> con comida sabrosa, m\u00fasica en directo, vendedores y cerveza. Lo mejor de todo es que la recaudaci\u00f3n del rally se destinar\u00e1 a mejorar los parques Amity Dog Park y Huckleberry Dog Park.<\/li>\n<\/ul>\n\n\n\n<p>\u00bfA\u00fan tiene hambre? Descubra m\u00e1s lugares para satisfacer a su foodie interior <a href=\"https:\/\/visitnampa.org\/es\/business-listings\/categories\/food-drink\/\">aqu\u00ed.<\/a> &nbsp;<\/p>\n\n\n\n<h2 class=\"wp-block-heading\"><strong>Alojamientos que admiten mascotas en Nampa<\/strong><\/h2>\n\n\n\n<p>Ahora que ya ha planeado su escapada de fin de semana, \u00a1necesita un lugar donde alojarse! Echa un vistazo a estos hoteles que admiten perros en Nampa para encontrar un lugar acogedor donde t\u00fa y tu cachorro pod\u00e1is dormir un poco.<\/p>\n\n\n\n<ul class=\"wp-block-list\">\n<li>Ofrecen cocina completa, <a href=\"https:\/\/www.myplacehotels.com\/locations\/my-place-hotel-nampa-ididaho-center\" target=\"_blank\" rel=\"noopener\">My Place Hotel-Boise\/Nampa, ID-Idaho Center<\/a> es el lugar perfecto para estancias largas o cortas.<\/li>\n\n\n\n<li><a href=\"https:\/\/www.choicehotels.com\/idaho\/nampa\/everhome-suites-hotels\/id104\" target=\"_blank\" rel=\"noopener\">Everhome Suites by Choice<\/a>En las modernas suites de estilo apartamento se sentir\u00e1 como en casa gracias a sus cocinas totalmente equipadas. Disfrute de las noches frescas junto al fuego en la hoguera.<\/li>\n\n\n\n<li><a href=\"https:\/\/www.hilton.com\/en\/hotels\/namidhx-hampton-suites-boise-nampa-at-the-idaho-center\/\" target=\"_blank\" rel=\"noopener\">Hampton Inn &amp; Suites Nampa en el Idaho Center<\/a> ofrece habitaciones que admiten mascotas, desayunos calientes gratuitos y una piscina cubierta.<\/li>\n<\/ul>\n\n\n\n<p>\u00bfBusca un Airbnb o un camping? Visite la p\u00e1gina <a href=\"https:\/\/visitnampa.org\/es\/places-to-stay\/\">D\u00f3nde alojarse<\/a> p\u00e1gina.<\/p>","protected":false},"excerpt":{"rendered":"<p>Dog Friendly Parks in Nampa Nestled in the Treasure Valley of Idaho is Nampa, Idaho\u2014a picturesque town with sprawling vineyards, a historic downtown, a vibrant farmers market and, of course, plenty of dog-friendly parks. Amity Dog Park This six-acre dog park is a local favorite due to its large size, extensive grassy areas and walking [&hellip;]<\/p>\n","protected":false},"author":7,"featured_media":2176,"parent":511,"menu_order":0,"comment_status":"closed","ping_status":"closed","template":"","meta":{"_acf_changed":false,"footnotes":""},"class_list":["post-2134","page","type-page","status-publish","has-post-thumbnail","hentry"],"acf":[],"_links":{"self":[{"href":"https:\/\/visitnampa.org\/es\/wp-json\/wp\/v2\/pages\/2134","targetHints":{"allow":["GET"]}}],"collection":[{"href":"https:\/\/visitnampa.org\/es\/wp-json\/wp\/v2\/pages"}],"about":[{"href":"https:\/\/visitnampa.org\/es\/wp-json\/wp\/v2\/types\/page"}],"author":[{"embeddable":true,"href":"https:\/\/visitnampa.org\/es\/wp-json\/wp\/v2\/users\/7"}],"replies":[{"embeddable":true,"href":"https:\/\/visitnampa.org\/es\/wp-json\/wp\/v2\/comments?post=2134"}],"version-history":[{"count":2,"href":"https:\/\/visitnampa.org\/es\/wp-json\/wp\/v2\/pages\/2134\/revisions"}],"predecessor-version":[{"id":2208,"href":"https:\/\/visitnampa.org\/es\/wp-json\/wp\/v2\/pages\/2134\/revisions\/2208"}],"up":[{"embeddable":true,"href":"https:\/\/visitnampa.org\/es\/wp-json\/wp\/v2\/pages\/511"}],"wp:featuredmedia":[{"embeddable":true,"href":"https:\/\/visitnampa.org\/es\/wp-json\/wp\/v2\/media\/2176"}],"wp:attachment":[{"href":"https:\/\/visitnampa.org\/es\/wp-json\/wp\/v2\/media?parent=2134"}],"curies":[{"name":"wp","href":"https:\/\/api.w.org\/{rel}","templated":true}]}}